{"id":674,"date":"2021-09-08T03:05:17","date_gmt":"2021-09-08T03:05:17","guid":{"rendered":"https:\/\/www.marchisone.com.ar\/w\/producto\/desinfectante-fluido-manchester-x700\/"},"modified":"2021-09-08T03:06:13","modified_gmt":"2021-09-08T03:06:13","slug":"desinfectante-fluido-manchester-x700","status":"publish","type":"product","link":"https:\/\/www.marchisone.com.ar\/w\/producto\/desinfectante-fluido-manchester-x700\/","title":{"rendered":"Desinfectante  Fluido Manchester X700"},"content":{"rendered":"<p>Un poderoso antis\u00e9ptico \u2013 desinfectante general que se utiliza tanto en animales con lesiones podales, como tratamiento preventivo post-descorne y otras lesiones o heridas donde sea conveniente prevenir la acci\u00f3n de bacterias gram, como para prevenci\u00f3n y desinfecci\u00f3n de patios, graneros, establos, boxes, etc-.<br \/>\n?<br \/>\nSu efecto desodorizante elimina los olores m\u00e1s desagradables, cre\u00e1ndose una grata atm\u00f3sfera de desinfecci\u00f3n y limpieza, siendo sus efectos de larga duraci\u00f3n.<br \/>\n&#8211; Posee gran actividad desinfectante.<br \/>\n&#8211; Act\u00faa en presencia de materia org\u00e1nica.<br \/>\n&#8211; Puede utilizarse en presencia de animales.<br \/>\n&#8211; Posee un amplio aspectro de actividad frente a microorganismos.<br \/>\n&#8211; Ahuyenta insectos y roedores.<\/p>\n","protected":false},"excerpt":{"rendered":"<p>Un poderoso antis\u00e9ptico \u2013 desinfectante general que se utiliza tanto en animales con lesiones podales, como tratamiento preventivo post-descorne y otras lesiones o heridas donde sea conveniente prevenir la acci\u00f3n de bacterias gram, como para prevenci\u00f3n y desinfecci\u00f3n de patios, graneros, establos, boxes, etc-. ? Su efecto desodorizante elimina los olores m\u00e1s desagradables, cre\u00e1ndose una [&hellip;]<\/p>\n","protected":false},"featured_media":351,"template":"","meta":{"_acf_changed":false},"pwb-brand":[99],"product_brand":[],"product_cat":[37],"product_tag":[],"class_list":{"0":"post-674","1":"product","2":"type-product","3":"status-publish","4":"has-post-thumbnail","6":"pwb-brand-fluido-manchester","7":"product_cat-jardin","9":"first","10":"instock","11":"shipping-taxable","12":"product-type-simple"},"acf":[],"yoast_head":"<!-- This site is optimized with the Yoast SEO plugin v26.8 - https:\/\/yoast.com\/product\/yoast-seo-wordpress\/ -->\n<title>Desinfectante Fluido Manchester X700 - MARCHISONE<\/title>\n<meta name=\"robots\" content=\"index, follow, max-snippet:-1, max-image-preview:large, max-video-preview:-1\" \/>\n<link rel=\"canonical\" href=\"https:\/\/www.marchisone.com.ar\/w\/producto\/desinfectante-fluido-manchester-x700\/\" \/>\n<meta property=\"og:locale\" content=\"es_ES\" \/>\n<meta property=\"og:type\" content=\"article\" \/>\n<meta property=\"og:title\" content=\"Desinfectante Fluido Manchester X700 - MARCHISONE\" \/>\n<meta property=\"og:description\" content=\"Un poderoso antis\u00e9ptico \u2013 desinfectante general que se utiliza tanto en animales con lesiones podales, como tratamiento preventivo post-descorne y otras lesiones o heridas donde sea conveniente prevenir la acci\u00f3n de bacterias gram, como para prevenci\u00f3n y desinfecci\u00f3n de patios, graneros, establos, boxes, etc-. ? Su efecto desodorizante elimina los olores m\u00e1s desagradables, cre\u00e1ndose una [&hellip;]\" \/>\n<meta property=\"og:url\" content=\"https:\/\/www.marchisone.com.ar\/w\/producto\/desinfectante-fluido-manchester-x700\/\" \/>\n<meta property=\"og:site_name\" content=\"MARCHISONE\" \/>\n<meta property=\"article:modified_time\" content=\"2021-09-08T03:06:13+00:00\" \/>\n<meta property=\"og:image\" content=\"https:\/\/www.marchisone.com.ar\/w\/wp-content\/uploads\/ARPDES00002_1.jpg\" \/>\n\t<meta property=\"og:image:width\" content=\"1200\" \/>\n\t<meta property=\"og:image:height\" content=\"900\" \/>\n\t<meta property=\"og:image:type\" content=\"image\/jpeg\" \/>\n<meta name=\"twitter:card\" content=\"summary_large_image\" \/>\n<meta name=\"twitter:label1\" content=\"Tiempo de lectura\" \/>\n\t<meta name=\"twitter:data1\" content=\"1 minuto\" \/>\n<script type=\"application\/ld+json\" class=\"yoast-schema-graph\">{\"@context\":\"https:\/\/schema.org\",\"@graph\":[{\"@type\":\"WebPage\",\"@id\":\"https:\/\/www.marchisone.com.ar\/w\/producto\/desinfectante-fluido-manchester-x700\/\",\"url\":\"https:\/\/www.marchisone.com.ar\/w\/producto\/desinfectante-fluido-manchester-x700\/\",\"name\":\"Desinfectante Fluido Manchester X700 - MARCHISONE\",\"isPartOf\":{\"@id\":\"https:\/\/www.marchisone.com.ar\/w\/#website\"},\"primaryImageOfPage\":{\"@id\":\"https:\/\/www.marchisone.com.ar\/w\/producto\/desinfectante-fluido-manchester-x700\/#primaryimage\"},\"image\":{\"@id\":\"https:\/\/www.marchisone.com.ar\/w\/producto\/desinfectante-fluido-manchester-x700\/#primaryimage\"},\"thumbnailUrl\":\"https:\/\/www.marchisone.com.ar\/w\/wp-content\/uploads\/ARPDES00002_1.jpg\",\"datePublished\":\"2021-09-08T03:05:17+00:00\",\"dateModified\":\"2021-09-08T03:06:13+00:00\",\"breadcrumb\":{\"@id\":\"https:\/\/www.marchisone.com.ar\/w\/producto\/desinfectante-fluido-manchester-x700\/#breadcrumb\"},\"inLanguage\":\"es\",\"potentialAction\":[{\"@type\":\"ReadAction\",\"target\":[\"https:\/\/www.marchisone.com.ar\/w\/producto\/desinfectante-fluido-manchester-x700\/\"]}]},{\"@type\":\"ImageObject\",\"inLanguage\":\"es\",\"@id\":\"https:\/\/www.marchisone.com.ar\/w\/producto\/desinfectante-fluido-manchester-x700\/#primaryimage\",\"url\":\"https:\/\/www.marchisone.com.ar\/w\/wp-content\/uploads\/ARPDES00002_1.jpg\",\"contentUrl\":\"https:\/\/www.marchisone.com.ar\/w\/wp-content\/uploads\/ARPDES00002_1.jpg\",\"width\":1200,\"height\":900},{\"@type\":\"BreadcrumbList\",\"@id\":\"https:\/\/www.marchisone.com.ar\/w\/producto\/desinfectante-fluido-manchester-x700\/#breadcrumb\",\"itemListElement\":[{\"@type\":\"ListItem\",\"position\":1,\"name\":\"Portada\",\"item\":\"https:\/\/www.marchisone.com.ar\/w\/\"},{\"@type\":\"ListItem\",\"position\":2,\"name\":\"Tienda\",\"item\":\"https:\/\/www.marchisone.com.ar\/w\/tienda\/\"},{\"@type\":\"ListItem\",\"position\":3,\"name\":\"Desinfectante Fluido Manchester X700\"}]},{\"@type\":\"WebSite\",\"@id\":\"https:\/\/www.marchisone.com.ar\/w\/#website\",\"url\":\"https:\/\/www.marchisone.com.ar\/w\/\",\"name\":\"MARCHISONE\",\"description\":\"\",\"publisher\":{\"@id\":\"https:\/\/www.marchisone.com.ar\/w\/#organization\"},\"potentialAction\":[{\"@type\":\"SearchAction\",\"target\":{\"@type\":\"EntryPoint\",\"urlTemplate\":\"https:\/\/www.marchisone.com.ar\/w\/?s={search_term_string}\"},\"query-input\":{\"@type\":\"PropertyValueSpecification\",\"valueRequired\":true,\"valueName\":\"search_term_string\"}}],\"inLanguage\":\"es\"},{\"@type\":\"Organization\",\"@id\":\"https:\/\/www.marchisone.com.ar\/w\/#organization\",\"name\":\"MARCHISONE\",\"url\":\"https:\/\/www.marchisone.com.ar\/w\/\",\"logo\":{\"@type\":\"ImageObject\",\"inLanguage\":\"es\",\"@id\":\"https:\/\/www.marchisone.com.ar\/w\/#\/schema\/logo\/image\/\",\"url\":\"https:\/\/www.marchisone.com.ar\/w\/wp-content\/uploads\/logo-4-web.png\",\"contentUrl\":\"https:\/\/www.marchisone.com.ar\/w\/wp-content\/uploads\/logo-4-web.png\",\"width\":400,\"height\":60,\"caption\":\"MARCHISONE\"},\"image\":{\"@id\":\"https:\/\/www.marchisone.com.ar\/w\/#\/schema\/logo\/image\/\"}}]}<\/script>\n<!-- \/ Yoast SEO plugin. -->","yoast_head_json":{"title":"Desinfectante Fluido Manchester X700 - MARCHISONE","robots":{"index":"index","follow":"follow","max-snippet":"max-snippet:-1","max-image-preview":"max-image-preview:large","max-video-preview":"max-video-preview:-1"},"canonical":"https:\/\/www.marchisone.com.ar\/w\/producto\/desinfectante-fluido-manchester-x700\/","og_locale":"es_ES","og_type":"article","og_title":"Desinfectante Fluido Manchester X700 - MARCHISONE","og_description":"Un poderoso antis\u00e9ptico \u2013 desinfectante general que se utiliza tanto en animales con lesiones podales, como tratamiento preventivo post-descorne y otras lesiones o heridas donde sea conveniente prevenir la acci\u00f3n de bacterias gram, como para prevenci\u00f3n y desinfecci\u00f3n de patios, graneros, establos, boxes, etc-. ? Su efecto desodorizante elimina los olores m\u00e1s desagradables, cre\u00e1ndose una [&hellip;]","og_url":"https:\/\/www.marchisone.com.ar\/w\/producto\/desinfectante-fluido-manchester-x700\/","og_site_name":"MARCHISONE","article_modified_time":"2021-09-08T03:06:13+00:00","og_image":[{"width":1200,"height":900,"url":"https:\/\/www.marchisone.com.ar\/w\/wp-content\/uploads\/ARPDES00002_1.jpg","type":"image\/jpeg"}],"twitter_card":"summary_large_image","twitter_misc":{"Tiempo de lectura":"1 minuto"},"schema":{"@context":"https:\/\/schema.org","@graph":[{"@type":"WebPage","@id":"https:\/\/www.marchisone.com.ar\/w\/producto\/desinfectante-fluido-manchester-x700\/","url":"https:\/\/www.marchisone.com.ar\/w\/producto\/desinfectante-fluido-manchester-x700\/","name":"Desinfectante Fluido Manchester X700 - MARCHISONE","isPartOf":{"@id":"https:\/\/www.marchisone.com.ar\/w\/#website"},"primaryImageOfPage":{"@id":"https:\/\/www.marchisone.com.ar\/w\/producto\/desinfectante-fluido-manchester-x700\/#primaryimage"},"image":{"@id":"https:\/\/www.marchisone.com.ar\/w\/producto\/desinfectante-fluido-manchester-x700\/#primaryimage"},"thumbnailUrl":"https:\/\/www.marchisone.com.ar\/w\/wp-content\/uploads\/ARPDES00002_1.jpg","datePublished":"2021-09-08T03:05:17+00:00","dateModified":"2021-09-08T03:06:13+00:00","breadcrumb":{"@id":"https:\/\/www.marchisone.com.ar\/w\/producto\/desinfectante-fluido-manchester-x700\/#breadcrumb"},"inLanguage":"es","potentialAction":[{"@type":"ReadAction","target":["https:\/\/www.marchisone.com.ar\/w\/producto\/desinfectante-fluido-manchester-x700\/"]}]},{"@type":"ImageObject","inLanguage":"es","@id":"https:\/\/www.marchisone.com.ar\/w\/producto\/desinfectante-fluido-manchester-x700\/#primaryimage","url":"https:\/\/www.marchisone.com.ar\/w\/wp-content\/uploads\/ARPDES00002_1.jpg","contentUrl":"https:\/\/www.marchisone.com.ar\/w\/wp-content\/uploads\/ARPDES00002_1.jpg","width":1200,"height":900},{"@type":"BreadcrumbList","@id":"https:\/\/www.marchisone.com.ar\/w\/producto\/desinfectante-fluido-manchester-x700\/#breadcrumb","itemListElement":[{"@type":"ListItem","position":1,"name":"Portada","item":"https:\/\/www.marchisone.com.ar\/w\/"},{"@type":"ListItem","position":2,"name":"Tienda","item":"https:\/\/www.marchisone.com.ar\/w\/tienda\/"},{"@type":"ListItem","position":3,"name":"Desinfectante Fluido Manchester X700"}]},{"@type":"WebSite","@id":"https:\/\/www.marchisone.com.ar\/w\/#website","url":"https:\/\/www.marchisone.com.ar\/w\/","name":"MARCHISONE","description":"","publisher":{"@id":"https:\/\/www.marchisone.com.ar\/w\/#organization"},"potentialAction":[{"@type":"SearchAction","target":{"@type":"EntryPoint","urlTemplate":"https:\/\/www.marchisone.com.ar\/w\/?s={search_term_string}"},"query-input":{"@type":"PropertyValueSpecification","valueRequired":true,"valueName":"search_term_string"}}],"inLanguage":"es"},{"@type":"Organization","@id":"https:\/\/www.marchisone.com.ar\/w\/#organization","name":"MARCHISONE","url":"https:\/\/www.marchisone.com.ar\/w\/","logo":{"@type":"ImageObject","inLanguage":"es","@id":"https:\/\/www.marchisone.com.ar\/w\/#\/schema\/logo\/image\/","url":"https:\/\/www.marchisone.com.ar\/w\/wp-content\/uploads\/logo-4-web.png","contentUrl":"https:\/\/www.marchisone.com.ar\/w\/wp-content\/uploads\/logo-4-web.png","width":400,"height":60,"caption":"MARCHISONE"},"image":{"@id":"https:\/\/www.marchisone.com.ar\/w\/#\/schema\/logo\/image\/"}}]}},"brands":[{"id":99,"name":"Fluido Manchester","slug":"fluido-manchester"}],"_links":{"self":[{"href":"https:\/\/www.marchisone.com.ar\/w\/wp-json\/wp\/v2\/product\/674","targetHints":{"allow":["GET"]}}],"collection":[{"href":"https:\/\/www.marchisone.com.ar\/w\/wp-json\/wp\/v2\/product"}],"about":[{"href":"https:\/\/www.marchisone.com.ar\/w\/wp-json\/wp\/v2\/types\/product"}],"wp:featuredmedia":[{"embeddable":true,"href":"https:\/\/www.marchisone.com.ar\/w\/wp-json\/wp\/v2\/media\/351"}],"wp:attachment":[{"href":"https:\/\/www.marchisone.com.ar\/w\/wp-json\/wp\/v2\/media?parent=674"}],"wp:term":[{"taxonomy":"pwb-brand","embeddable":true,"href":"https:\/\/www.marchisone.com.ar\/w\/wp-json\/wp\/v2\/pwb-brand?post=674"},{"taxonomy":"product_brand","embeddable":true,"href":"https:\/\/www.marchisone.com.ar\/w\/wp-json\/wp\/v2\/product_brand?post=674"},{"taxonomy":"product_cat","embeddable":true,"href":"https:\/\/www.marchisone.com.ar\/w\/wp-json\/wp\/v2\/product_cat?post=674"},{"taxonomy":"product_tag","embeddable":true,"href":"https:\/\/www.marchisone.com.ar\/w\/wp-json\/wp\/v2\/product_tag?post=674"}],"curies":[{"name":"wp","href":"https:\/\/api.w.org\/{rel}","templated":true}]}}