{"id":661,"date":"2021-09-08T03:05:15","date_gmt":"2021-09-08T03:05:15","guid":{"rendered":"https:\/\/www.marchisone.com.ar\/w\/producto\/hamaca-duo-reforzada-1-70mts\/"},"modified":"2021-09-08T03:06:12","modified_gmt":"2021-09-08T03:06:12","slug":"hamaca-duo-reforzada-1-70mts","status":"publish","type":"product","link":"https:\/\/www.marchisone.com.ar\/w\/producto\/hamaca-duo-reforzada-1-70mts\/","title":{"rendered":"Hamaca Duo Reforzada 1.70Mts"},"content":{"rendered":"<p>&#8211; Hamaca de ca\u00f1o reforzado.<br \/>\n&#8211; Apoya pies de acero, s\u00faper resistente.<br \/>\n&#8211; Altura 1,70m<br \/>\n&#8211; Soporta hasta 100kg en total.<br \/>\n&#8211; Pintura epoxi horneada.<br \/>\n&#8211; Edades recomendadas: 3 a 12 a\u00f1os.<br \/>\n&#8211; Para tener en el jard\u00edn por a\u00f1os! &#8211; Consult\u00e1 colores<\/p>\n","protected":false},"excerpt":{"rendered":"<p>&#8211; Hamaca de ca\u00f1o reforzado. &#8211; Apoya pies de acero, s\u00faper resistente. &#8211; Altura 1,70m &#8211; Soporta hasta 100kg en total. &#8211; Pintura epoxi horneada. &#8211; Edades recomendadas: 3 a 12 a\u00f1os. &#8211; Para tener en el jard\u00edn por a\u00f1os! &#8211; Consult\u00e1 colores<\/p>\n","protected":false},"featured_media":336,"template":"","meta":{"_acf_changed":false},"pwb-brand":[96],"product_brand":[],"product_cat":[37],"product_tag":[],"class_list":{"0":"post-661","1":"product","2":"type-product","3":"status-publish","4":"has-post-thumbnail","6":"pwb-brand-aimaretti","7":"product_cat-jardin","9":"first","10":"instock","11":"shipping-taxable","12":"product-type-simple"},"acf":[],"yoast_head":"<!-- This site is optimized with the Yoast SEO plugin v26.8 - https:\/\/yoast.com\/product\/yoast-seo-wordpress\/ -->\n<title>Hamaca Duo Reforzada 1.70Mts - MARCHISONE<\/title>\n<meta name=\"robots\" content=\"index, follow, max-snippet:-1, max-image-preview:large, max-video-preview:-1\" \/>\n<link rel=\"canonical\" href=\"https:\/\/www.marchisone.com.ar\/w\/producto\/hamaca-duo-reforzada-1-70mts\/\" \/>\n<meta property=\"og:locale\" content=\"es_ES\" \/>\n<meta property=\"og:type\" content=\"article\" \/>\n<meta property=\"og:title\" content=\"Hamaca Duo Reforzada 1.70Mts - MARCHISONE\" \/>\n<meta property=\"og:description\" content=\"&#8211; Hamaca de ca\u00f1o reforzado. &#8211; Apoya pies de acero, s\u00faper resistente. &#8211; Altura 1,70m &#8211; Soporta hasta 100kg en total. &#8211; Pintura epoxi horneada. &#8211; Edades recomendadas: 3 a 12 a\u00f1os. &#8211; Para tener en el jard\u00edn por a\u00f1os! &#8211; Consult\u00e1 colores\" \/>\n<meta property=\"og:url\" content=\"https:\/\/www.marchisone.com.ar\/w\/producto\/hamaca-duo-reforzada-1-70mts\/\" \/>\n<meta property=\"og:site_name\" content=\"MARCHISONE\" \/>\n<meta property=\"article:modified_time\" content=\"2021-09-08T03:06:12+00:00\" \/>\n<meta property=\"og:image\" content=\"https:\/\/www.marchisone.com.ar\/w\/wp-content\/uploads\/AIMJUE00001_1.jpg\" \/>\n\t<meta property=\"og:image:width\" content=\"1200\" \/>\n\t<meta property=\"og:image:height\" content=\"900\" \/>\n\t<meta property=\"og:image:type\" content=\"image\/jpeg\" \/>\n<meta name=\"twitter:card\" content=\"summary_large_image\" \/>\n<script type=\"application\/ld+json\" class=\"yoast-schema-graph\">{\"@context\":\"https:\/\/schema.org\",\"@graph\":[{\"@type\":\"WebPage\",\"@id\":\"https:\/\/www.marchisone.com.ar\/w\/producto\/hamaca-duo-reforzada-1-70mts\/\",\"url\":\"https:\/\/www.marchisone.com.ar\/w\/producto\/hamaca-duo-reforzada-1-70mts\/\",\"name\":\"Hamaca Duo Reforzada 1.70Mts - MARCHISONE\",\"isPartOf\":{\"@id\":\"https:\/\/www.marchisone.com.ar\/w\/#website\"},\"primaryImageOfPage\":{\"@id\":\"https:\/\/www.marchisone.com.ar\/w\/producto\/hamaca-duo-reforzada-1-70mts\/#primaryimage\"},\"image\":{\"@id\":\"https:\/\/www.marchisone.com.ar\/w\/producto\/hamaca-duo-reforzada-1-70mts\/#primaryimage\"},\"thumbnailUrl\":\"https:\/\/www.marchisone.com.ar\/w\/wp-content\/uploads\/AIMJUE00001_1.jpg\",\"datePublished\":\"2021-09-08T03:05:15+00:00\",\"dateModified\":\"2021-09-08T03:06:12+00:00\",\"breadcrumb\":{\"@id\":\"https:\/\/www.marchisone.com.ar\/w\/producto\/hamaca-duo-reforzada-1-70mts\/#breadcrumb\"},\"inLanguage\":\"es\",\"potentialAction\":[{\"@type\":\"ReadAction\",\"target\":[\"https:\/\/www.marchisone.com.ar\/w\/producto\/hamaca-duo-reforzada-1-70mts\/\"]}]},{\"@type\":\"ImageObject\",\"inLanguage\":\"es\",\"@id\":\"https:\/\/www.marchisone.com.ar\/w\/producto\/hamaca-duo-reforzada-1-70mts\/#primaryimage\",\"url\":\"https:\/\/www.marchisone.com.ar\/w\/wp-content\/uploads\/AIMJUE00001_1.jpg\",\"contentUrl\":\"https:\/\/www.marchisone.com.ar\/w\/wp-content\/uploads\/AIMJUE00001_1.jpg\",\"width\":1200,\"height\":900},{\"@type\":\"BreadcrumbList\",\"@id\":\"https:\/\/www.marchisone.com.ar\/w\/producto\/hamaca-duo-reforzada-1-70mts\/#breadcrumb\",\"itemListElement\":[{\"@type\":\"ListItem\",\"position\":1,\"name\":\"Portada\",\"item\":\"https:\/\/www.marchisone.com.ar\/w\/\"},{\"@type\":\"ListItem\",\"position\":2,\"name\":\"Tienda\",\"item\":\"https:\/\/www.marchisone.com.ar\/w\/tienda\/\"},{\"@type\":\"ListItem\",\"position\":3,\"name\":\"Hamaca Duo Reforzada 1.70Mts\"}]},{\"@type\":\"WebSite\",\"@id\":\"https:\/\/www.marchisone.com.ar\/w\/#website\",\"url\":\"https:\/\/www.marchisone.com.ar\/w\/\",\"name\":\"MARCHISONE\",\"description\":\"\",\"publisher\":{\"@id\":\"https:\/\/www.marchisone.com.ar\/w\/#organization\"},\"potentialAction\":[{\"@type\":\"SearchAction\",\"target\":{\"@type\":\"EntryPoint\",\"urlTemplate\":\"https:\/\/www.marchisone.com.ar\/w\/?s={search_term_string}\"},\"query-input\":{\"@type\":\"PropertyValueSpecification\",\"valueRequired\":true,\"valueName\":\"search_term_string\"}}],\"inLanguage\":\"es\"},{\"@type\":\"Organization\",\"@id\":\"https:\/\/www.marchisone.com.ar\/w\/#organization\",\"name\":\"MARCHISONE\",\"url\":\"https:\/\/www.marchisone.com.ar\/w\/\",\"logo\":{\"@type\":\"ImageObject\",\"inLanguage\":\"es\",\"@id\":\"https:\/\/www.marchisone.com.ar\/w\/#\/schema\/logo\/image\/\",\"url\":\"https:\/\/www.marchisone.com.ar\/w\/wp-content\/uploads\/logo-4-web.png\",\"contentUrl\":\"https:\/\/www.marchisone.com.ar\/w\/wp-content\/uploads\/logo-4-web.png\",\"width\":400,\"height\":60,\"caption\":\"MARCHISONE\"},\"image\":{\"@id\":\"https:\/\/www.marchisone.com.ar\/w\/#\/schema\/logo\/image\/\"}}]}<\/script>\n<!-- \/ Yoast SEO plugin. -->","yoast_head_json":{"title":"Hamaca Duo Reforzada 1.70Mts - MARCHISONE","robots":{"index":"index","follow":"follow","max-snippet":"max-snippet:-1","max-image-preview":"max-image-preview:large","max-video-preview":"max-video-preview:-1"},"canonical":"https:\/\/www.marchisone.com.ar\/w\/producto\/hamaca-duo-reforzada-1-70mts\/","og_locale":"es_ES","og_type":"article","og_title":"Hamaca Duo Reforzada 1.70Mts - MARCHISONE","og_description":"&#8211; Hamaca de ca\u00f1o reforzado. &#8211; Apoya pies de acero, s\u00faper resistente. &#8211; Altura 1,70m &#8211; Soporta hasta 100kg en total. &#8211; Pintura epoxi horneada. &#8211; Edades recomendadas: 3 a 12 a\u00f1os. &#8211; Para tener en el jard\u00edn por a\u00f1os! &#8211; Consult\u00e1 colores","og_url":"https:\/\/www.marchisone.com.ar\/w\/producto\/hamaca-duo-reforzada-1-70mts\/","og_site_name":"MARCHISONE","article_modified_time":"2021-09-08T03:06:12+00:00","og_image":[{"width":1200,"height":900,"url":"https:\/\/www.marchisone.com.ar\/w\/wp-content\/uploads\/AIMJUE00001_1.jpg","type":"image\/jpeg"}],"twitter_card":"summary_large_image","schema":{"@context":"https:\/\/schema.org","@graph":[{"@type":"WebPage","@id":"https:\/\/www.marchisone.com.ar\/w\/producto\/hamaca-duo-reforzada-1-70mts\/","url":"https:\/\/www.marchisone.com.ar\/w\/producto\/hamaca-duo-reforzada-1-70mts\/","name":"Hamaca Duo Reforzada 1.70Mts - MARCHISONE","isPartOf":{"@id":"https:\/\/www.marchisone.com.ar\/w\/#website"},"primaryImageOfPage":{"@id":"https:\/\/www.marchisone.com.ar\/w\/producto\/hamaca-duo-reforzada-1-70mts\/#primaryimage"},"image":{"@id":"https:\/\/www.marchisone.com.ar\/w\/producto\/hamaca-duo-reforzada-1-70mts\/#primaryimage"},"thumbnailUrl":"https:\/\/www.marchisone.com.ar\/w\/wp-content\/uploads\/AIMJUE00001_1.jpg","datePublished":"2021-09-08T03:05:15+00:00","dateModified":"2021-09-08T03:06:12+00:00","breadcrumb":{"@id":"https:\/\/www.marchisone.com.ar\/w\/producto\/hamaca-duo-reforzada-1-70mts\/#breadcrumb"},"inLanguage":"es","potentialAction":[{"@type":"ReadAction","target":["https:\/\/www.marchisone.com.ar\/w\/producto\/hamaca-duo-reforzada-1-70mts\/"]}]},{"@type":"ImageObject","inLanguage":"es","@id":"https:\/\/www.marchisone.com.ar\/w\/producto\/hamaca-duo-reforzada-1-70mts\/#primaryimage","url":"https:\/\/www.marchisone.com.ar\/w\/wp-content\/uploads\/AIMJUE00001_1.jpg","contentUrl":"https:\/\/www.marchisone.com.ar\/w\/wp-content\/uploads\/AIMJUE00001_1.jpg","width":1200,"height":900},{"@type":"BreadcrumbList","@id":"https:\/\/www.marchisone.com.ar\/w\/producto\/hamaca-duo-reforzada-1-70mts\/#breadcrumb","itemListElement":[{"@type":"ListItem","position":1,"name":"Portada","item":"https:\/\/www.marchisone.com.ar\/w\/"},{"@type":"ListItem","position":2,"name":"Tienda","item":"https:\/\/www.marchisone.com.ar\/w\/tienda\/"},{"@type":"ListItem","position":3,"name":"Hamaca Duo Reforzada 1.70Mts"}]},{"@type":"WebSite","@id":"https:\/\/www.marchisone.com.ar\/w\/#website","url":"https:\/\/www.marchisone.com.ar\/w\/","name":"MARCHISONE","description":"","publisher":{"@id":"https:\/\/www.marchisone.com.ar\/w\/#organization"},"potentialAction":[{"@type":"SearchAction","target":{"@type":"EntryPoint","urlTemplate":"https:\/\/www.marchisone.com.ar\/w\/?s={search_term_string}"},"query-input":{"@type":"PropertyValueSpecification","valueRequired":true,"valueName":"search_term_string"}}],"inLanguage":"es"},{"@type":"Organization","@id":"https:\/\/www.marchisone.com.ar\/w\/#organization","name":"MARCHISONE","url":"https:\/\/www.marchisone.com.ar\/w\/","logo":{"@type":"ImageObject","inLanguage":"es","@id":"https:\/\/www.marchisone.com.ar\/w\/#\/schema\/logo\/image\/","url":"https:\/\/www.marchisone.com.ar\/w\/wp-content\/uploads\/logo-4-web.png","contentUrl":"https:\/\/www.marchisone.com.ar\/w\/wp-content\/uploads\/logo-4-web.png","width":400,"height":60,"caption":"MARCHISONE"},"image":{"@id":"https:\/\/www.marchisone.com.ar\/w\/#\/schema\/logo\/image\/"}}]}},"brands":[{"id":96,"name":"Aimaretti","slug":"aimaretti"}],"_links":{"self":[{"href":"https:\/\/www.marchisone.com.ar\/w\/wp-json\/wp\/v2\/product\/661","targetHints":{"allow":["GET"]}}],"collection":[{"href":"https:\/\/www.marchisone.com.ar\/w\/wp-json\/wp\/v2\/product"}],"about":[{"href":"https:\/\/www.marchisone.com.ar\/w\/wp-json\/wp\/v2\/types\/product"}],"wp:featuredmedia":[{"embeddable":true,"href":"https:\/\/www.marchisone.com.ar\/w\/wp-json\/wp\/v2\/media\/336"}],"wp:attachment":[{"href":"https:\/\/www.marchisone.com.ar\/w\/wp-json\/wp\/v2\/media?parent=661"}],"wp:term":[{"taxonomy":"pwb-brand","embeddable":true,"href":"https:\/\/www.marchisone.com.ar\/w\/wp-json\/wp\/v2\/pwb-brand?post=661"},{"taxonomy":"product_brand","embeddable":true,"href":"https:\/\/www.marchisone.com.ar\/w\/wp-json\/wp\/v2\/product_brand?post=661"},{"taxonomy":"product_cat","embeddable":true,"href":"https:\/\/www.marchisone.com.ar\/w\/wp-json\/wp\/v2\/product_cat?post=661"},{"taxonomy":"product_tag","embeddable":true,"href":"https:\/\/www.marchisone.com.ar\/w\/wp-json\/wp\/v2\/product_tag?post=661"}],"curies":[{"name":"wp","href":"https:\/\/api.w.org\/{rel}","templated":true}]}}