{"id":631,"date":"2021-09-08T01:11:13","date_gmt":"2021-09-08T01:11:13","guid":{"rendered":"https:\/\/www.marchisone.com.ar\/w\/producto\/amoladora-angular-4-1-2-700w\/"},"modified":"2021-09-08T01:20:11","modified_gmt":"2021-09-08T01:20:11","slug":"amoladora-angular-4-1-2-700w","status":"publish","type":"product","link":"https:\/\/www.marchisone.com.ar\/w\/producto\/amoladora-angular-4-1-2-700w\/","title":{"rendered":"Amoladora Angular 4.1\/2&#8243; 700W"},"content":{"rendered":"<p>CARACTERISTICAS: &#8211; Potencia: 700 Watts<br \/>\n&#8211; Velocidad: 11.000 Rpm<br \/>\n&#8211; Di\u00e1metro del disco: 115 mm &#8211; 4 1\/2&#8243; pulgadas<br \/>\n&#8211; Rosca de eje: M14<br \/>\n&#8211; Peso aproximado: 1.8 kg<br \/>\n&#8211; Disco: 4 \u00bd\u00bb (115 mm)<br \/>\n&#8211; Bot\u00f3n traba para f\u00e1cil y r\u00e1pido cambio del disco.<br \/>\n&#8211; Ideal para restauraciones, lijado y limpieza de chapas.<br \/>\n&#8211; Empu\u00f1adura auxiliar (derecha, izquierda y arriba).<br \/>\n&#8211; Interruptor resistente al polvo.<br \/>\n&#8211; 100% de rodamientos.<\/p>\n","protected":false},"excerpt":{"rendered":"<p>CARACTERISTICAS: &#8211; Potencia: 700 Watts &#8211; Velocidad: 11.000 Rpm &#8211; Di\u00e1metro del disco: 115 mm &#8211; 4 1\/2&#8243; pulgadas &#8211; Rosca de eje: M14 &#8211; Peso aproximado: 1.8 kg &#8211; Disco: 4 \u00bd\u00bb (115 mm) &#8211; Bot\u00f3n traba para f\u00e1cil y r\u00e1pido cambio del disco. &#8211; Ideal para restauraciones, lijado y limpieza de chapas. &#8211; [&hellip;]<\/p>\n","protected":false},"featured_media":253,"template":"","meta":{"_acf_changed":false},"pwb-brand":[87],"product_brand":[],"product_cat":[23],"product_tag":[],"class_list":{"0":"post-631","1":"product","2":"type-product","3":"status-publish","4":"has-post-thumbnail","6":"pwb-brand-skil","7":"product_cat-herramientas-electricas","9":"first","10":"instock","11":"shipping-taxable","12":"product-type-simple"},"acf":[],"yoast_head":"<!-- This site is optimized with the Yoast SEO plugin v26.8 - https:\/\/yoast.com\/product\/yoast-seo-wordpress\/ -->\n<title>Amoladora Angular 4.1\/2&quot; 700W - MARCHISONE<\/title>\n<meta name=\"robots\" content=\"index, follow, max-snippet:-1, max-image-preview:large, max-video-preview:-1\" \/>\n<link rel=\"canonical\" href=\"https:\/\/www.marchisone.com.ar\/w\/producto\/amoladora-angular-4-1-2-700w\/\" \/>\n<meta property=\"og:locale\" content=\"es_ES\" \/>\n<meta property=\"og:type\" content=\"article\" \/>\n<meta property=\"og:title\" content=\"Amoladora Angular 4.1\/2&quot; 700W - MARCHISONE\" \/>\n<meta property=\"og:description\" content=\"CARACTERISTICAS: &#8211; Potencia: 700 Watts &#8211; Velocidad: 11.000 Rpm &#8211; Di\u00e1metro del disco: 115 mm &#8211; 4 1\/2&#8243; pulgadas &#8211; Rosca de eje: M14 &#8211; Peso aproximado: 1.8 kg &#8211; Disco: 4 \u00bd\u00bb (115 mm) &#8211; Bot\u00f3n traba para f\u00e1cil y r\u00e1pido cambio del disco. &#8211; Ideal para restauraciones, lijado y limpieza de chapas. &#8211; [&hellip;]\" \/>\n<meta property=\"og:url\" content=\"https:\/\/www.marchisone.com.ar\/w\/producto\/amoladora-angular-4-1-2-700w\/\" \/>\n<meta property=\"og:site_name\" content=\"MARCHISONE\" \/>\n<meta property=\"article:modified_time\" content=\"2021-09-08T01:20:11+00:00\" \/>\n<meta property=\"og:image\" content=\"https:\/\/www.marchisone.com.ar\/w\/wp-content\/uploads\/SKISHB00109_1.jpg\" \/>\n\t<meta property=\"og:image:width\" content=\"1200\" \/>\n\t<meta property=\"og:image:height\" content=\"900\" \/>\n\t<meta property=\"og:image:type\" content=\"image\/jpeg\" \/>\n<meta name=\"twitter:card\" content=\"summary_large_image\" \/>\n<script type=\"application\/ld+json\" class=\"yoast-schema-graph\">{\"@context\":\"https:\/\/schema.org\",\"@graph\":[{\"@type\":\"WebPage\",\"@id\":\"https:\/\/www.marchisone.com.ar\/w\/producto\/amoladora-angular-4-1-2-700w\/\",\"url\":\"https:\/\/www.marchisone.com.ar\/w\/producto\/amoladora-angular-4-1-2-700w\/\",\"name\":\"Amoladora Angular 4.1\/2\\\" 700W - MARCHISONE\",\"isPartOf\":{\"@id\":\"https:\/\/www.marchisone.com.ar\/w\/#website\"},\"primaryImageOfPage\":{\"@id\":\"https:\/\/www.marchisone.com.ar\/w\/producto\/amoladora-angular-4-1-2-700w\/#primaryimage\"},\"image\":{\"@id\":\"https:\/\/www.marchisone.com.ar\/w\/producto\/amoladora-angular-4-1-2-700w\/#primaryimage\"},\"thumbnailUrl\":\"https:\/\/www.marchisone.com.ar\/w\/wp-content\/uploads\/SKISHB00109_1.jpg\",\"datePublished\":\"2021-09-08T01:11:13+00:00\",\"dateModified\":\"2021-09-08T01:20:11+00:00\",\"breadcrumb\":{\"@id\":\"https:\/\/www.marchisone.com.ar\/w\/producto\/amoladora-angular-4-1-2-700w\/#breadcrumb\"},\"inLanguage\":\"es\",\"potentialAction\":[{\"@type\":\"ReadAction\",\"target\":[\"https:\/\/www.marchisone.com.ar\/w\/producto\/amoladora-angular-4-1-2-700w\/\"]}]},{\"@type\":\"ImageObject\",\"inLanguage\":\"es\",\"@id\":\"https:\/\/www.marchisone.com.ar\/w\/producto\/amoladora-angular-4-1-2-700w\/#primaryimage\",\"url\":\"https:\/\/www.marchisone.com.ar\/w\/wp-content\/uploads\/SKISHB00109_1.jpg\",\"contentUrl\":\"https:\/\/www.marchisone.com.ar\/w\/wp-content\/uploads\/SKISHB00109_1.jpg\",\"width\":1200,\"height\":900},{\"@type\":\"BreadcrumbList\",\"@id\":\"https:\/\/www.marchisone.com.ar\/w\/producto\/amoladora-angular-4-1-2-700w\/#breadcrumb\",\"itemListElement\":[{\"@type\":\"ListItem\",\"position\":1,\"name\":\"Portada\",\"item\":\"https:\/\/www.marchisone.com.ar\/w\/\"},{\"@type\":\"ListItem\",\"position\":2,\"name\":\"Tienda\",\"item\":\"https:\/\/www.marchisone.com.ar\/w\/tienda\/\"},{\"@type\":\"ListItem\",\"position\":3,\"name\":\"Amoladora Angular 4.1\/2&#8243; 700W\"}]},{\"@type\":\"WebSite\",\"@id\":\"https:\/\/www.marchisone.com.ar\/w\/#website\",\"url\":\"https:\/\/www.marchisone.com.ar\/w\/\",\"name\":\"MARCHISONE\",\"description\":\"\",\"publisher\":{\"@id\":\"https:\/\/www.marchisone.com.ar\/w\/#organization\"},\"potentialAction\":[{\"@type\":\"SearchAction\",\"target\":{\"@type\":\"EntryPoint\",\"urlTemplate\":\"https:\/\/www.marchisone.com.ar\/w\/?s={search_term_string}\"},\"query-input\":{\"@type\":\"PropertyValueSpecification\",\"valueRequired\":true,\"valueName\":\"search_term_string\"}}],\"inLanguage\":\"es\"},{\"@type\":\"Organization\",\"@id\":\"https:\/\/www.marchisone.com.ar\/w\/#organization\",\"name\":\"MARCHISONE\",\"url\":\"https:\/\/www.marchisone.com.ar\/w\/\",\"logo\":{\"@type\":\"ImageObject\",\"inLanguage\":\"es\",\"@id\":\"https:\/\/www.marchisone.com.ar\/w\/#\/schema\/logo\/image\/\",\"url\":\"https:\/\/www.marchisone.com.ar\/w\/wp-content\/uploads\/logo-4-web.png\",\"contentUrl\":\"https:\/\/www.marchisone.com.ar\/w\/wp-content\/uploads\/logo-4-web.png\",\"width\":400,\"height\":60,\"caption\":\"MARCHISONE\"},\"image\":{\"@id\":\"https:\/\/www.marchisone.com.ar\/w\/#\/schema\/logo\/image\/\"}}]}<\/script>\n<!-- \/ Yoast SEO plugin. -->","yoast_head_json":{"title":"Amoladora Angular 4.1\/2\" 700W - MARCHISONE","robots":{"index":"index","follow":"follow","max-snippet":"max-snippet:-1","max-image-preview":"max-image-preview:large","max-video-preview":"max-video-preview:-1"},"canonical":"https:\/\/www.marchisone.com.ar\/w\/producto\/amoladora-angular-4-1-2-700w\/","og_locale":"es_ES","og_type":"article","og_title":"Amoladora Angular 4.1\/2\" 700W - MARCHISONE","og_description":"CARACTERISTICAS: &#8211; Potencia: 700 Watts &#8211; Velocidad: 11.000 Rpm &#8211; Di\u00e1metro del disco: 115 mm &#8211; 4 1\/2&#8243; pulgadas &#8211; Rosca de eje: M14 &#8211; Peso aproximado: 1.8 kg &#8211; Disco: 4 \u00bd\u00bb (115 mm) &#8211; Bot\u00f3n traba para f\u00e1cil y r\u00e1pido cambio del disco. &#8211; Ideal para restauraciones, lijado y limpieza de chapas. &#8211; [&hellip;]","og_url":"https:\/\/www.marchisone.com.ar\/w\/producto\/amoladora-angular-4-1-2-700w\/","og_site_name":"MARCHISONE","article_modified_time":"2021-09-08T01:20:11+00:00","og_image":[{"width":1200,"height":900,"url":"https:\/\/www.marchisone.com.ar\/w\/wp-content\/uploads\/SKISHB00109_1.jpg","type":"image\/jpeg"}],"twitter_card":"summary_large_image","schema":{"@context":"https:\/\/schema.org","@graph":[{"@type":"WebPage","@id":"https:\/\/www.marchisone.com.ar\/w\/producto\/amoladora-angular-4-1-2-700w\/","url":"https:\/\/www.marchisone.com.ar\/w\/producto\/amoladora-angular-4-1-2-700w\/","name":"Amoladora Angular 4.1\/2\" 700W - MARCHISONE","isPartOf":{"@id":"https:\/\/www.marchisone.com.ar\/w\/#website"},"primaryImageOfPage":{"@id":"https:\/\/www.marchisone.com.ar\/w\/producto\/amoladora-angular-4-1-2-700w\/#primaryimage"},"image":{"@id":"https:\/\/www.marchisone.com.ar\/w\/producto\/amoladora-angular-4-1-2-700w\/#primaryimage"},"thumbnailUrl":"https:\/\/www.marchisone.com.ar\/w\/wp-content\/uploads\/SKISHB00109_1.jpg","datePublished":"2021-09-08T01:11:13+00:00","dateModified":"2021-09-08T01:20:11+00:00","breadcrumb":{"@id":"https:\/\/www.marchisone.com.ar\/w\/producto\/amoladora-angular-4-1-2-700w\/#breadcrumb"},"inLanguage":"es","potentialAction":[{"@type":"ReadAction","target":["https:\/\/www.marchisone.com.ar\/w\/producto\/amoladora-angular-4-1-2-700w\/"]}]},{"@type":"ImageObject","inLanguage":"es","@id":"https:\/\/www.marchisone.com.ar\/w\/producto\/amoladora-angular-4-1-2-700w\/#primaryimage","url":"https:\/\/www.marchisone.com.ar\/w\/wp-content\/uploads\/SKISHB00109_1.jpg","contentUrl":"https:\/\/www.marchisone.com.ar\/w\/wp-content\/uploads\/SKISHB00109_1.jpg","width":1200,"height":900},{"@type":"BreadcrumbList","@id":"https:\/\/www.marchisone.com.ar\/w\/producto\/amoladora-angular-4-1-2-700w\/#breadcrumb","itemListElement":[{"@type":"ListItem","position":1,"name":"Portada","item":"https:\/\/www.marchisone.com.ar\/w\/"},{"@type":"ListItem","position":2,"name":"Tienda","item":"https:\/\/www.marchisone.com.ar\/w\/tienda\/"},{"@type":"ListItem","position":3,"name":"Amoladora Angular 4.1\/2&#8243; 700W"}]},{"@type":"WebSite","@id":"https:\/\/www.marchisone.com.ar\/w\/#website","url":"https:\/\/www.marchisone.com.ar\/w\/","name":"MARCHISONE","description":"","publisher":{"@id":"https:\/\/www.marchisone.com.ar\/w\/#organization"},"potentialAction":[{"@type":"SearchAction","target":{"@type":"EntryPoint","urlTemplate":"https:\/\/www.marchisone.com.ar\/w\/?s={search_term_string}"},"query-input":{"@type":"PropertyValueSpecification","valueRequired":true,"valueName":"search_term_string"}}],"inLanguage":"es"},{"@type":"Organization","@id":"https:\/\/www.marchisone.com.ar\/w\/#organization","name":"MARCHISONE","url":"https:\/\/www.marchisone.com.ar\/w\/","logo":{"@type":"ImageObject","inLanguage":"es","@id":"https:\/\/www.marchisone.com.ar\/w\/#\/schema\/logo\/image\/","url":"https:\/\/www.marchisone.com.ar\/w\/wp-content\/uploads\/logo-4-web.png","contentUrl":"https:\/\/www.marchisone.com.ar\/w\/wp-content\/uploads\/logo-4-web.png","width":400,"height":60,"caption":"MARCHISONE"},"image":{"@id":"https:\/\/www.marchisone.com.ar\/w\/#\/schema\/logo\/image\/"}}]}},"brands":[{"id":87,"name":"Skil","slug":"skil"}],"_links":{"self":[{"href":"https:\/\/www.marchisone.com.ar\/w\/wp-json\/wp\/v2\/product\/631","targetHints":{"allow":["GET"]}}],"collection":[{"href":"https:\/\/www.marchisone.com.ar\/w\/wp-json\/wp\/v2\/product"}],"about":[{"href":"https:\/\/www.marchisone.com.ar\/w\/wp-json\/wp\/v2\/types\/product"}],"wp:featuredmedia":[{"embeddable":true,"href":"https:\/\/www.marchisone.com.ar\/w\/wp-json\/wp\/v2\/media\/253"}],"wp:attachment":[{"href":"https:\/\/www.marchisone.com.ar\/w\/wp-json\/wp\/v2\/media?parent=631"}],"wp:term":[{"taxonomy":"pwb-brand","embeddable":true,"href":"https:\/\/www.marchisone.com.ar\/w\/wp-json\/wp\/v2\/pwb-brand?post=631"},{"taxonomy":"product_brand","embeddable":true,"href":"https:\/\/www.marchisone.com.ar\/w\/wp-json\/wp\/v2\/product_brand?post=631"},{"taxonomy":"product_cat","embeddable":true,"href":"https:\/\/www.marchisone.com.ar\/w\/wp-json\/wp\/v2\/product_cat?post=631"},{"taxonomy":"product_tag","embeddable":true,"href":"https:\/\/www.marchisone.com.ar\/w\/wp-json\/wp\/v2\/product_tag?post=631"}],"curies":[{"name":"wp","href":"https:\/\/api.w.org\/{rel}","templated":true}]}}