{"id":623,"date":"2021-09-08T01:11:11","date_gmt":"2021-09-08T01:11:11","guid":{"rendered":"https:\/\/www.marchisone.com.ar\/w\/producto\/sierra-de-banco-1600w\/"},"modified":"2021-09-08T01:20:09","modified_gmt":"2021-09-08T01:20:09","slug":"sierra-de-banco-1600w","status":"publish","type":"product","link":"https:\/\/www.marchisone.com.ar\/w\/producto\/sierra-de-banco-1600w\/","title":{"rendered":"Sierra De Banco 1600W"},"content":{"rendered":"<p>CARACTERISTICAS: &#8211; Potente motor de 1600W.<br \/>\n&#8211; Tama\u00f1o del disco 10? (250mm).<br \/>\n&#8211; Tama\u00f1o de eje: 30mm<br \/>\n&#8211; Tama\u00f1o de disco: 10?\u201d\/254mm<br \/>\n&#8211; Peso: 17kg<br \/>\n&#8211; Inclinaci\u00f3n p\/ escuadra: 0\u00b0 \u2013 45\u00b0<br \/>\n&#8211; Tama\u00f1o da mesa: 635mm x 635mm<br \/>\n&#8211; Velocidad: 3,800rpm<br \/>\n&#8211; Soluci\u00f3n a medida para quien busca una mayor productividad y eficiencia.<br \/>\n&#8211; Ofrece un cambio sencillo de carbones, salida de polvo de aserr\u00edn y disco de 40 dientes.<br \/>\n&#8211; Caja de protecci\u00f3n cobre disco completamente segura.<br \/>\n&#8211; Adaptador para aspirador de polvo.<br \/>\n&#8211; F\u00e1cil cambio de los cepillos de carb\u00f3n.<\/p>\n","protected":false},"excerpt":{"rendered":"<p>CARACTERISTICAS: &#8211; Potente motor de 1600W. &#8211; Tama\u00f1o del disco 10? (250mm). &#8211; Tama\u00f1o de eje: 30mm &#8211; Tama\u00f1o de disco: 10?\u201d\/254mm &#8211; Peso: 17kg &#8211; Inclinaci\u00f3n p\/ escuadra: 0\u00b0 \u2013 45\u00b0 &#8211; Tama\u00f1o da mesa: 635mm x 635mm &#8211; Velocidad: 3,800rpm &#8211; Soluci\u00f3n a medida para quien busca una mayor productividad y eficiencia. &#8211; [&hellip;]<\/p>\n","protected":false},"featured_media":245,"template":"","meta":{"_acf_changed":false},"pwb-brand":[87],"product_brand":[],"product_cat":[23],"product_tag":[],"class_list":{"0":"post-623","1":"product","2":"type-product","3":"status-publish","4":"has-post-thumbnail","6":"pwb-brand-skil","7":"product_cat-herramientas-electricas","9":"first","10":"instock","11":"shipping-taxable","12":"product-type-simple"},"acf":[],"yoast_head":"<!-- This site is optimized with the Yoast SEO plugin v26.8 - https:\/\/yoast.com\/product\/yoast-seo-wordpress\/ -->\n<title>Sierra De Banco 1600W - MARCHISONE<\/title>\n<meta name=\"robots\" content=\"index, follow, max-snippet:-1, max-image-preview:large, max-video-preview:-1\" \/>\n<link rel=\"canonical\" href=\"https:\/\/www.marchisone.com.ar\/w\/producto\/sierra-de-banco-1600w\/\" \/>\n<meta property=\"og:locale\" content=\"es_ES\" \/>\n<meta property=\"og:type\" content=\"article\" \/>\n<meta property=\"og:title\" content=\"Sierra De Banco 1600W - MARCHISONE\" \/>\n<meta property=\"og:description\" content=\"CARACTERISTICAS: &#8211; Potente motor de 1600W. &#8211; Tama\u00f1o del disco 10? (250mm). &#8211; Tama\u00f1o de eje: 30mm &#8211; Tama\u00f1o de disco: 10?\u201d\/254mm &#8211; Peso: 17kg &#8211; Inclinaci\u00f3n p\/ escuadra: 0\u00b0 \u2013 45\u00b0 &#8211; Tama\u00f1o da mesa: 635mm x 635mm &#8211; Velocidad: 3,800rpm &#8211; Soluci\u00f3n a medida para quien busca una mayor productividad y eficiencia. &#8211; [&hellip;]\" \/>\n<meta property=\"og:url\" content=\"https:\/\/www.marchisone.com.ar\/w\/producto\/sierra-de-banco-1600w\/\" \/>\n<meta property=\"og:site_name\" content=\"MARCHISONE\" \/>\n<meta property=\"article:modified_time\" content=\"2021-09-08T01:20:09+00:00\" \/>\n<meta property=\"og:image\" content=\"https:\/\/www.marchisone.com.ar\/w\/wp-content\/uploads\/SKISHB00043_1.jpg\" \/>\n\t<meta property=\"og:image:width\" content=\"1200\" \/>\n\t<meta property=\"og:image:height\" content=\"900\" \/>\n\t<meta property=\"og:image:type\" content=\"image\/jpeg\" \/>\n<meta name=\"twitter:card\" content=\"summary_large_image\" \/>\n<script type=\"application\/ld+json\" class=\"yoast-schema-graph\">{\"@context\":\"https:\/\/schema.org\",\"@graph\":[{\"@type\":\"WebPage\",\"@id\":\"https:\/\/www.marchisone.com.ar\/w\/producto\/sierra-de-banco-1600w\/\",\"url\":\"https:\/\/www.marchisone.com.ar\/w\/producto\/sierra-de-banco-1600w\/\",\"name\":\"Sierra De Banco 1600W - MARCHISONE\",\"isPartOf\":{\"@id\":\"https:\/\/www.marchisone.com.ar\/w\/#website\"},\"primaryImageOfPage\":{\"@id\":\"https:\/\/www.marchisone.com.ar\/w\/producto\/sierra-de-banco-1600w\/#primaryimage\"},\"image\":{\"@id\":\"https:\/\/www.marchisone.com.ar\/w\/producto\/sierra-de-banco-1600w\/#primaryimage\"},\"thumbnailUrl\":\"https:\/\/www.marchisone.com.ar\/w\/wp-content\/uploads\/SKISHB00043_1.jpg\",\"datePublished\":\"2021-09-08T01:11:11+00:00\",\"dateModified\":\"2021-09-08T01:20:09+00:00\",\"breadcrumb\":{\"@id\":\"https:\/\/www.marchisone.com.ar\/w\/producto\/sierra-de-banco-1600w\/#breadcrumb\"},\"inLanguage\":\"es\",\"potentialAction\":[{\"@type\":\"ReadAction\",\"target\":[\"https:\/\/www.marchisone.com.ar\/w\/producto\/sierra-de-banco-1600w\/\"]}]},{\"@type\":\"ImageObject\",\"inLanguage\":\"es\",\"@id\":\"https:\/\/www.marchisone.com.ar\/w\/producto\/sierra-de-banco-1600w\/#primaryimage\",\"url\":\"https:\/\/www.marchisone.com.ar\/w\/wp-content\/uploads\/SKISHB00043_1.jpg\",\"contentUrl\":\"https:\/\/www.marchisone.com.ar\/w\/wp-content\/uploads\/SKISHB00043_1.jpg\",\"width\":1200,\"height\":900},{\"@type\":\"BreadcrumbList\",\"@id\":\"https:\/\/www.marchisone.com.ar\/w\/producto\/sierra-de-banco-1600w\/#breadcrumb\",\"itemListElement\":[{\"@type\":\"ListItem\",\"position\":1,\"name\":\"Portada\",\"item\":\"https:\/\/www.marchisone.com.ar\/w\/\"},{\"@type\":\"ListItem\",\"position\":2,\"name\":\"Tienda\",\"item\":\"https:\/\/www.marchisone.com.ar\/w\/tienda\/\"},{\"@type\":\"ListItem\",\"position\":3,\"name\":\"Sierra De Banco 1600W\"}]},{\"@type\":\"WebSite\",\"@id\":\"https:\/\/www.marchisone.com.ar\/w\/#website\",\"url\":\"https:\/\/www.marchisone.com.ar\/w\/\",\"name\":\"MARCHISONE\",\"description\":\"\",\"publisher\":{\"@id\":\"https:\/\/www.marchisone.com.ar\/w\/#organization\"},\"potentialAction\":[{\"@type\":\"SearchAction\",\"target\":{\"@type\":\"EntryPoint\",\"urlTemplate\":\"https:\/\/www.marchisone.com.ar\/w\/?s={search_term_string}\"},\"query-input\":{\"@type\":\"PropertyValueSpecification\",\"valueRequired\":true,\"valueName\":\"search_term_string\"}}],\"inLanguage\":\"es\"},{\"@type\":\"Organization\",\"@id\":\"https:\/\/www.marchisone.com.ar\/w\/#organization\",\"name\":\"MARCHISONE\",\"url\":\"https:\/\/www.marchisone.com.ar\/w\/\",\"logo\":{\"@type\":\"ImageObject\",\"inLanguage\":\"es\",\"@id\":\"https:\/\/www.marchisone.com.ar\/w\/#\/schema\/logo\/image\/\",\"url\":\"https:\/\/www.marchisone.com.ar\/w\/wp-content\/uploads\/logo-4-web.png\",\"contentUrl\":\"https:\/\/www.marchisone.com.ar\/w\/wp-content\/uploads\/logo-4-web.png\",\"width\":400,\"height\":60,\"caption\":\"MARCHISONE\"},\"image\":{\"@id\":\"https:\/\/www.marchisone.com.ar\/w\/#\/schema\/logo\/image\/\"}}]}<\/script>\n<!-- \/ Yoast SEO plugin. -->","yoast_head_json":{"title":"Sierra De Banco 1600W - MARCHISONE","robots":{"index":"index","follow":"follow","max-snippet":"max-snippet:-1","max-image-preview":"max-image-preview:large","max-video-preview":"max-video-preview:-1"},"canonical":"https:\/\/www.marchisone.com.ar\/w\/producto\/sierra-de-banco-1600w\/","og_locale":"es_ES","og_type":"article","og_title":"Sierra De Banco 1600W - MARCHISONE","og_description":"CARACTERISTICAS: &#8211; Potente motor de 1600W. &#8211; Tama\u00f1o del disco 10? (250mm). &#8211; Tama\u00f1o de eje: 30mm &#8211; Tama\u00f1o de disco: 10?\u201d\/254mm &#8211; Peso: 17kg &#8211; Inclinaci\u00f3n p\/ escuadra: 0\u00b0 \u2013 45\u00b0 &#8211; Tama\u00f1o da mesa: 635mm x 635mm &#8211; Velocidad: 3,800rpm &#8211; Soluci\u00f3n a medida para quien busca una mayor productividad y eficiencia. &#8211; [&hellip;]","og_url":"https:\/\/www.marchisone.com.ar\/w\/producto\/sierra-de-banco-1600w\/","og_site_name":"MARCHISONE","article_modified_time":"2021-09-08T01:20:09+00:00","og_image":[{"width":1200,"height":900,"url":"https:\/\/www.marchisone.com.ar\/w\/wp-content\/uploads\/SKISHB00043_1.jpg","type":"image\/jpeg"}],"twitter_card":"summary_large_image","schema":{"@context":"https:\/\/schema.org","@graph":[{"@type":"WebPage","@id":"https:\/\/www.marchisone.com.ar\/w\/producto\/sierra-de-banco-1600w\/","url":"https:\/\/www.marchisone.com.ar\/w\/producto\/sierra-de-banco-1600w\/","name":"Sierra De Banco 1600W - MARCHISONE","isPartOf":{"@id":"https:\/\/www.marchisone.com.ar\/w\/#website"},"primaryImageOfPage":{"@id":"https:\/\/www.marchisone.com.ar\/w\/producto\/sierra-de-banco-1600w\/#primaryimage"},"image":{"@id":"https:\/\/www.marchisone.com.ar\/w\/producto\/sierra-de-banco-1600w\/#primaryimage"},"thumbnailUrl":"https:\/\/www.marchisone.com.ar\/w\/wp-content\/uploads\/SKISHB00043_1.jpg","datePublished":"2021-09-08T01:11:11+00:00","dateModified":"2021-09-08T01:20:09+00:00","breadcrumb":{"@id":"https:\/\/www.marchisone.com.ar\/w\/producto\/sierra-de-banco-1600w\/#breadcrumb"},"inLanguage":"es","potentialAction":[{"@type":"ReadAction","target":["https:\/\/www.marchisone.com.ar\/w\/producto\/sierra-de-banco-1600w\/"]}]},{"@type":"ImageObject","inLanguage":"es","@id":"https:\/\/www.marchisone.com.ar\/w\/producto\/sierra-de-banco-1600w\/#primaryimage","url":"https:\/\/www.marchisone.com.ar\/w\/wp-content\/uploads\/SKISHB00043_1.jpg","contentUrl":"https:\/\/www.marchisone.com.ar\/w\/wp-content\/uploads\/SKISHB00043_1.jpg","width":1200,"height":900},{"@type":"BreadcrumbList","@id":"https:\/\/www.marchisone.com.ar\/w\/producto\/sierra-de-banco-1600w\/#breadcrumb","itemListElement":[{"@type":"ListItem","position":1,"name":"Portada","item":"https:\/\/www.marchisone.com.ar\/w\/"},{"@type":"ListItem","position":2,"name":"Tienda","item":"https:\/\/www.marchisone.com.ar\/w\/tienda\/"},{"@type":"ListItem","position":3,"name":"Sierra De Banco 1600W"}]},{"@type":"WebSite","@id":"https:\/\/www.marchisone.com.ar\/w\/#website","url":"https:\/\/www.marchisone.com.ar\/w\/","name":"MARCHISONE","description":"","publisher":{"@id":"https:\/\/www.marchisone.com.ar\/w\/#organization"},"potentialAction":[{"@type":"SearchAction","target":{"@type":"EntryPoint","urlTemplate":"https:\/\/www.marchisone.com.ar\/w\/?s={search_term_string}"},"query-input":{"@type":"PropertyValueSpecification","valueRequired":true,"valueName":"search_term_string"}}],"inLanguage":"es"},{"@type":"Organization","@id":"https:\/\/www.marchisone.com.ar\/w\/#organization","name":"MARCHISONE","url":"https:\/\/www.marchisone.com.ar\/w\/","logo":{"@type":"ImageObject","inLanguage":"es","@id":"https:\/\/www.marchisone.com.ar\/w\/#\/schema\/logo\/image\/","url":"https:\/\/www.marchisone.com.ar\/w\/wp-content\/uploads\/logo-4-web.png","contentUrl":"https:\/\/www.marchisone.com.ar\/w\/wp-content\/uploads\/logo-4-web.png","width":400,"height":60,"caption":"MARCHISONE"},"image":{"@id":"https:\/\/www.marchisone.com.ar\/w\/#\/schema\/logo\/image\/"}}]}},"brands":[{"id":87,"name":"Skil","slug":"skil"}],"_links":{"self":[{"href":"https:\/\/www.marchisone.com.ar\/w\/wp-json\/wp\/v2\/product\/623","targetHints":{"allow":["GET"]}}],"collection":[{"href":"https:\/\/www.marchisone.com.ar\/w\/wp-json\/wp\/v2\/product"}],"about":[{"href":"https:\/\/www.marchisone.com.ar\/w\/wp-json\/wp\/v2\/types\/product"}],"wp:featuredmedia":[{"embeddable":true,"href":"https:\/\/www.marchisone.com.ar\/w\/wp-json\/wp\/v2\/media\/245"}],"wp:attachment":[{"href":"https:\/\/www.marchisone.com.ar\/w\/wp-json\/wp\/v2\/media?parent=623"}],"wp:term":[{"taxonomy":"pwb-brand","embeddable":true,"href":"https:\/\/www.marchisone.com.ar\/w\/wp-json\/wp\/v2\/pwb-brand?post=623"},{"taxonomy":"product_brand","embeddable":true,"href":"https:\/\/www.marchisone.com.ar\/w\/wp-json\/wp\/v2\/product_brand?post=623"},{"taxonomy":"product_cat","embeddable":true,"href":"https:\/\/www.marchisone.com.ar\/w\/wp-json\/wp\/v2\/product_cat?post=623"},{"taxonomy":"product_tag","embeddable":true,"href":"https:\/\/www.marchisone.com.ar\/w\/wp-json\/wp\/v2\/product_tag?post=623"}],"curies":[{"name":"wp","href":"https:\/\/api.w.org\/{rel}","templated":true}]}}