{"id":613,"date":"2021-09-08T01:11:10","date_gmt":"2021-09-08T01:11:10","guid":{"rendered":"https:\/\/www.marchisone.com.ar\/w\/producto\/hidrolavadora-sensei-hle130-08\/"},"modified":"2021-09-08T01:20:08","modified_gmt":"2021-09-08T01:20:08","slug":"hidrolavadora-sensei-hle130-08","status":"publish","type":"product","link":"https:\/\/www.marchisone.com.ar\/w\/producto\/hidrolavadora-sensei-hle130-08\/","title":{"rendered":"Hidrolavadora Sensei Hle130-08"},"content":{"rendered":"<p>CARACTERISTICAS: &#8211; Presi\u00f3n M\u00e1xima: 130\/08 (bar\/MPa).<br \/>\n&#8211; Caudal M\u00e1ximo: 7.9 l\/min.<br \/>\n&#8211; Voltaje requerido: 220V.<br \/>\n&#8211; Toma requerida: 20A.<br \/>\n&#8211; Revoluciones motor: 2800 rpm.<br \/>\n&#8211; Potencia m\u00e1xima: 2.2 kW.<br \/>\n&#8211; Bomba: Lineal en ba\u00f1o de aceite.<br \/>\n&#8211; Pistones: Cer\u00e1micos.<br \/>\n&#8211; Capacidad del tanque de aceite: 225 ml.<br \/>\n&#8211; Aspiraci\u00f3n de detergente: Si. Recipiente propio y aspiraci\u00f3n externa con manguera y filtro.<br \/>\n&#8211; Lanza: Larga en 2 tramos.<br \/>\n&#8211; Pico de lanza: Regulable. Alta y Baja presi\u00f3n (Detergente), chorro abierto o concentrado.<br \/>\n&#8211; Pistola: Con traba de gatillo.<br \/>\n&#8211; Manguera de presi\u00f3n: Termopl\u00e1stica con malla de nylon.<br \/>\n&#8211; Manguera de aspiraci\u00f3n: S\u00ed, con filtro.<br \/>\n&#8211; Temperatura m\u00e1xima del agua: 50\u00b0C<br \/>\n&#8211; Dimensiones: 490 x 280 x 300mm.<br \/>\n&#8211; Peso: 33 kg.<\/p>\n","protected":false},"excerpt":{"rendered":"<p>CARACTERISTICAS: &#8211; Presi\u00f3n M\u00e1xima: 130\/08 (bar\/MPa). &#8211; Caudal M\u00e1ximo: 7.9 l\/min. &#8211; Voltaje requerido: 220V. &#8211; Toma requerida: 20A. &#8211; Revoluciones motor: 2800 rpm. &#8211; Potencia m\u00e1xima: 2.2 kW. &#8211; Bomba: Lineal en ba\u00f1o de aceite. &#8211; Pistones: Cer\u00e1micos. &#8211; Capacidad del tanque de aceite: 225 ml. &#8211; Aspiraci\u00f3n de detergente: Si. Recipiente propio y [&hellip;]<\/p>\n","protected":false},"featured_media":236,"template":"","meta":{"_acf_changed":false},"pwb-brand":[86],"product_brand":[],"product_cat":[23],"product_tag":[],"class_list":{"0":"post-613","1":"product","2":"type-product","3":"status-publish","4":"has-post-thumbnail","6":"pwb-brand-sensei","7":"product_cat-herramientas-electricas","9":"first","10":"instock","11":"shipping-taxable","12":"product-type-simple"},"acf":[],"yoast_head":"<!-- This site is optimized with the Yoast SEO plugin v26.8 - https:\/\/yoast.com\/product\/yoast-seo-wordpress\/ -->\n<title>Hidrolavadora Sensei Hle130-08 - MARCHISONE<\/title>\n<meta name=\"robots\" content=\"index, follow, max-snippet:-1, max-image-preview:large, max-video-preview:-1\" \/>\n<link rel=\"canonical\" href=\"https:\/\/www.marchisone.com.ar\/w\/producto\/hidrolavadora-sensei-hle130-08\/\" \/>\n<meta property=\"og:locale\" content=\"es_ES\" \/>\n<meta property=\"og:type\" content=\"article\" \/>\n<meta property=\"og:title\" content=\"Hidrolavadora Sensei Hle130-08 - MARCHISONE\" \/>\n<meta property=\"og:description\" content=\"CARACTERISTICAS: &#8211; Presi\u00f3n M\u00e1xima: 130\/08 (bar\/MPa). &#8211; Caudal M\u00e1ximo: 7.9 l\/min. &#8211; Voltaje requerido: 220V. &#8211; Toma requerida: 20A. &#8211; Revoluciones motor: 2800 rpm. &#8211; Potencia m\u00e1xima: 2.2 kW. &#8211; Bomba: Lineal en ba\u00f1o de aceite. &#8211; Pistones: Cer\u00e1micos. &#8211; Capacidad del tanque de aceite: 225 ml. &#8211; Aspiraci\u00f3n de detergente: Si. Recipiente propio y [&hellip;]\" \/>\n<meta property=\"og:url\" content=\"https:\/\/www.marchisone.com.ar\/w\/producto\/hidrolavadora-sensei-hle130-08\/\" \/>\n<meta property=\"og:site_name\" content=\"MARCHISONE\" \/>\n<meta property=\"article:modified_time\" content=\"2021-09-08T01:20:08+00:00\" \/>\n<meta property=\"og:image\" content=\"https:\/\/www.marchisone.com.ar\/w\/wp-content\/uploads\/SENHLA00004_1.jpg\" \/>\n\t<meta property=\"og:image:width\" content=\"1200\" \/>\n\t<meta property=\"og:image:height\" content=\"900\" \/>\n\t<meta property=\"og:image:type\" content=\"image\/jpeg\" \/>\n<meta name=\"twitter:card\" content=\"summary_large_image\" \/>\n<meta name=\"twitter:label1\" content=\"Tiempo de lectura\" \/>\n\t<meta name=\"twitter:data1\" content=\"1 minuto\" \/>\n<script type=\"application\/ld+json\" class=\"yoast-schema-graph\">{\"@context\":\"https:\/\/schema.org\",\"@graph\":[{\"@type\":\"WebPage\",\"@id\":\"https:\/\/www.marchisone.com.ar\/w\/producto\/hidrolavadora-sensei-hle130-08\/\",\"url\":\"https:\/\/www.marchisone.com.ar\/w\/producto\/hidrolavadora-sensei-hle130-08\/\",\"name\":\"Hidrolavadora Sensei Hle130-08 - MARCHISONE\",\"isPartOf\":{\"@id\":\"https:\/\/www.marchisone.com.ar\/w\/#website\"},\"primaryImageOfPage\":{\"@id\":\"https:\/\/www.marchisone.com.ar\/w\/producto\/hidrolavadora-sensei-hle130-08\/#primaryimage\"},\"image\":{\"@id\":\"https:\/\/www.marchisone.com.ar\/w\/producto\/hidrolavadora-sensei-hle130-08\/#primaryimage\"},\"thumbnailUrl\":\"https:\/\/www.marchisone.com.ar\/w\/wp-content\/uploads\/SENHLA00004_1.jpg\",\"datePublished\":\"2021-09-08T01:11:10+00:00\",\"dateModified\":\"2021-09-08T01:20:08+00:00\",\"breadcrumb\":{\"@id\":\"https:\/\/www.marchisone.com.ar\/w\/producto\/hidrolavadora-sensei-hle130-08\/#breadcrumb\"},\"inLanguage\":\"es\",\"potentialAction\":[{\"@type\":\"ReadAction\",\"target\":[\"https:\/\/www.marchisone.com.ar\/w\/producto\/hidrolavadora-sensei-hle130-08\/\"]}]},{\"@type\":\"ImageObject\",\"inLanguage\":\"es\",\"@id\":\"https:\/\/www.marchisone.com.ar\/w\/producto\/hidrolavadora-sensei-hle130-08\/#primaryimage\",\"url\":\"https:\/\/www.marchisone.com.ar\/w\/wp-content\/uploads\/SENHLA00004_1.jpg\",\"contentUrl\":\"https:\/\/www.marchisone.com.ar\/w\/wp-content\/uploads\/SENHLA00004_1.jpg\",\"width\":1200,\"height\":900},{\"@type\":\"BreadcrumbList\",\"@id\":\"https:\/\/www.marchisone.com.ar\/w\/producto\/hidrolavadora-sensei-hle130-08\/#breadcrumb\",\"itemListElement\":[{\"@type\":\"ListItem\",\"position\":1,\"name\":\"Portada\",\"item\":\"https:\/\/www.marchisone.com.ar\/w\/\"},{\"@type\":\"ListItem\",\"position\":2,\"name\":\"Tienda\",\"item\":\"https:\/\/www.marchisone.com.ar\/w\/tienda\/\"},{\"@type\":\"ListItem\",\"position\":3,\"name\":\"Hidrolavadora Sensei Hle130-08\"}]},{\"@type\":\"WebSite\",\"@id\":\"https:\/\/www.marchisone.com.ar\/w\/#website\",\"url\":\"https:\/\/www.marchisone.com.ar\/w\/\",\"name\":\"MARCHISONE\",\"description\":\"\",\"publisher\":{\"@id\":\"https:\/\/www.marchisone.com.ar\/w\/#organization\"},\"potentialAction\":[{\"@type\":\"SearchAction\",\"target\":{\"@type\":\"EntryPoint\",\"urlTemplate\":\"https:\/\/www.marchisone.com.ar\/w\/?s={search_term_string}\"},\"query-input\":{\"@type\":\"PropertyValueSpecification\",\"valueRequired\":true,\"valueName\":\"search_term_string\"}}],\"inLanguage\":\"es\"},{\"@type\":\"Organization\",\"@id\":\"https:\/\/www.marchisone.com.ar\/w\/#organization\",\"name\":\"MARCHISONE\",\"url\":\"https:\/\/www.marchisone.com.ar\/w\/\",\"logo\":{\"@type\":\"ImageObject\",\"inLanguage\":\"es\",\"@id\":\"https:\/\/www.marchisone.com.ar\/w\/#\/schema\/logo\/image\/\",\"url\":\"https:\/\/www.marchisone.com.ar\/w\/wp-content\/uploads\/logo-4-web.png\",\"contentUrl\":\"https:\/\/www.marchisone.com.ar\/w\/wp-content\/uploads\/logo-4-web.png\",\"width\":400,\"height\":60,\"caption\":\"MARCHISONE\"},\"image\":{\"@id\":\"https:\/\/www.marchisone.com.ar\/w\/#\/schema\/logo\/image\/\"}}]}<\/script>\n<!-- \/ Yoast SEO plugin. -->","yoast_head_json":{"title":"Hidrolavadora Sensei Hle130-08 - MARCHISONE","robots":{"index":"index","follow":"follow","max-snippet":"max-snippet:-1","max-image-preview":"max-image-preview:large","max-video-preview":"max-video-preview:-1"},"canonical":"https:\/\/www.marchisone.com.ar\/w\/producto\/hidrolavadora-sensei-hle130-08\/","og_locale":"es_ES","og_type":"article","og_title":"Hidrolavadora Sensei Hle130-08 - MARCHISONE","og_description":"CARACTERISTICAS: &#8211; Presi\u00f3n M\u00e1xima: 130\/08 (bar\/MPa). &#8211; Caudal M\u00e1ximo: 7.9 l\/min. &#8211; Voltaje requerido: 220V. &#8211; Toma requerida: 20A. &#8211; Revoluciones motor: 2800 rpm. &#8211; Potencia m\u00e1xima: 2.2 kW. &#8211; Bomba: Lineal en ba\u00f1o de aceite. &#8211; Pistones: Cer\u00e1micos. &#8211; Capacidad del tanque de aceite: 225 ml. &#8211; Aspiraci\u00f3n de detergente: Si. Recipiente propio y [&hellip;]","og_url":"https:\/\/www.marchisone.com.ar\/w\/producto\/hidrolavadora-sensei-hle130-08\/","og_site_name":"MARCHISONE","article_modified_time":"2021-09-08T01:20:08+00:00","og_image":[{"width":1200,"height":900,"url":"https:\/\/www.marchisone.com.ar\/w\/wp-content\/uploads\/SENHLA00004_1.jpg","type":"image\/jpeg"}],"twitter_card":"summary_large_image","twitter_misc":{"Tiempo de lectura":"1 minuto"},"schema":{"@context":"https:\/\/schema.org","@graph":[{"@type":"WebPage","@id":"https:\/\/www.marchisone.com.ar\/w\/producto\/hidrolavadora-sensei-hle130-08\/","url":"https:\/\/www.marchisone.com.ar\/w\/producto\/hidrolavadora-sensei-hle130-08\/","name":"Hidrolavadora Sensei Hle130-08 - MARCHISONE","isPartOf":{"@id":"https:\/\/www.marchisone.com.ar\/w\/#website"},"primaryImageOfPage":{"@id":"https:\/\/www.marchisone.com.ar\/w\/producto\/hidrolavadora-sensei-hle130-08\/#primaryimage"},"image":{"@id":"https:\/\/www.marchisone.com.ar\/w\/producto\/hidrolavadora-sensei-hle130-08\/#primaryimage"},"thumbnailUrl":"https:\/\/www.marchisone.com.ar\/w\/wp-content\/uploads\/SENHLA00004_1.jpg","datePublished":"2021-09-08T01:11:10+00:00","dateModified":"2021-09-08T01:20:08+00:00","breadcrumb":{"@id":"https:\/\/www.marchisone.com.ar\/w\/producto\/hidrolavadora-sensei-hle130-08\/#breadcrumb"},"inLanguage":"es","potentialAction":[{"@type":"ReadAction","target":["https:\/\/www.marchisone.com.ar\/w\/producto\/hidrolavadora-sensei-hle130-08\/"]}]},{"@type":"ImageObject","inLanguage":"es","@id":"https:\/\/www.marchisone.com.ar\/w\/producto\/hidrolavadora-sensei-hle130-08\/#primaryimage","url":"https:\/\/www.marchisone.com.ar\/w\/wp-content\/uploads\/SENHLA00004_1.jpg","contentUrl":"https:\/\/www.marchisone.com.ar\/w\/wp-content\/uploads\/SENHLA00004_1.jpg","width":1200,"height":900},{"@type":"BreadcrumbList","@id":"https:\/\/www.marchisone.com.ar\/w\/producto\/hidrolavadora-sensei-hle130-08\/#breadcrumb","itemListElement":[{"@type":"ListItem","position":1,"name":"Portada","item":"https:\/\/www.marchisone.com.ar\/w\/"},{"@type":"ListItem","position":2,"name":"Tienda","item":"https:\/\/www.marchisone.com.ar\/w\/tienda\/"},{"@type":"ListItem","position":3,"name":"Hidrolavadora Sensei Hle130-08"}]},{"@type":"WebSite","@id":"https:\/\/www.marchisone.com.ar\/w\/#website","url":"https:\/\/www.marchisone.com.ar\/w\/","name":"MARCHISONE","description":"","publisher":{"@id":"https:\/\/www.marchisone.com.ar\/w\/#organization"},"potentialAction":[{"@type":"SearchAction","target":{"@type":"EntryPoint","urlTemplate":"https:\/\/www.marchisone.com.ar\/w\/?s={search_term_string}"},"query-input":{"@type":"PropertyValueSpecification","valueRequired":true,"valueName":"search_term_string"}}],"inLanguage":"es"},{"@type":"Organization","@id":"https:\/\/www.marchisone.com.ar\/w\/#organization","name":"MARCHISONE","url":"https:\/\/www.marchisone.com.ar\/w\/","logo":{"@type":"ImageObject","inLanguage":"es","@id":"https:\/\/www.marchisone.com.ar\/w\/#\/schema\/logo\/image\/","url":"https:\/\/www.marchisone.com.ar\/w\/wp-content\/uploads\/logo-4-web.png","contentUrl":"https:\/\/www.marchisone.com.ar\/w\/wp-content\/uploads\/logo-4-web.png","width":400,"height":60,"caption":"MARCHISONE"},"image":{"@id":"https:\/\/www.marchisone.com.ar\/w\/#\/schema\/logo\/image\/"}}]}},"brands":[{"id":86,"name":"Sensei","slug":"sensei"}],"_links":{"self":[{"href":"https:\/\/www.marchisone.com.ar\/w\/wp-json\/wp\/v2\/product\/613","targetHints":{"allow":["GET"]}}],"collection":[{"href":"https:\/\/www.marchisone.com.ar\/w\/wp-json\/wp\/v2\/product"}],"about":[{"href":"https:\/\/www.marchisone.com.ar\/w\/wp-json\/wp\/v2\/types\/product"}],"wp:featuredmedia":[{"embeddable":true,"href":"https:\/\/www.marchisone.com.ar\/w\/wp-json\/wp\/v2\/media\/236"}],"wp:attachment":[{"href":"https:\/\/www.marchisone.com.ar\/w\/wp-json\/wp\/v2\/media?parent=613"}],"wp:term":[{"taxonomy":"pwb-brand","embeddable":true,"href":"https:\/\/www.marchisone.com.ar\/w\/wp-json\/wp\/v2\/pwb-brand?post=613"},{"taxonomy":"product_brand","embeddable":true,"href":"https:\/\/www.marchisone.com.ar\/w\/wp-json\/wp\/v2\/product_brand?post=613"},{"taxonomy":"product_cat","embeddable":true,"href":"https:\/\/www.marchisone.com.ar\/w\/wp-json\/wp\/v2\/product_cat?post=613"},{"taxonomy":"product_tag","embeddable":true,"href":"https:\/\/www.marchisone.com.ar\/w\/wp-json\/wp\/v2\/product_tag?post=613"}],"curies":[{"name":"wp","href":"https:\/\/api.w.org\/{rel}","templated":true}]}}