{"id":561,"date":"2021-09-08T01:11:03","date_gmt":"2021-09-08T01:11:03","guid":{"rendered":"https:\/\/www.marchisone.com.ar\/w\/producto\/hidrolavadora-profesional-190bar\/"},"modified":"2021-09-08T01:20:02","modified_gmt":"2021-09-08T01:20:02","slug":"hidrolavadora-profesional-190bar","status":"publish","type":"product","link":"https:\/\/www.marchisone.com.ar\/w\/producto\/hidrolavadora-profesional-190bar\/","title":{"rendered":"Hidrolavadora Profesional  190Bar"},"content":{"rendered":"<p>CARACTERISTICAS: &#8211; Tipo de corriente (Ph\/V\/Hz) 1 \/ 220 &#8211; 240 \/ 50<br \/>\n&#8211; Caudal (l\/h) 450 &#8211; 600<br \/>\n&#8211; Presi\u00f3n de trabajo (bar\/MPa) 70 &#8211; 150 \/ 7 &#8211; 15<br \/>\n&#8211; Presi\u00f3n m\u00e1x. (bar) 190<br \/>\n&#8211; Potencia de conexi\u00f3n (kW) 3,4<br \/>\n&#8211; Cantidad de usuarios simult\u00e1neos 1<br \/>\n&#8211; Movilidad Port\u00e1til<br \/>\n&#8211; Peso (con accesorios). (kg) 52<br \/>\n&#8211; Dimensiones (la. \u00d7 an. \u00d7 al.). (mm) 709 x 469 x 1000<\/p>\n","protected":false},"excerpt":{"rendered":"<p>CARACTERISTICAS: &#8211; Tipo de corriente (Ph\/V\/Hz) 1 \/ 220 &#8211; 240 \/ 50 &#8211; Caudal (l\/h) 450 &#8211; 600 &#8211; Presi\u00f3n de trabajo (bar\/MPa) 70 &#8211; 150 \/ 7 &#8211; 15 &#8211; Presi\u00f3n m\u00e1x. (bar) 190 &#8211; Potencia de conexi\u00f3n (kW) 3,4 &#8211; Cantidad de usuarios simult\u00e1neos 1 &#8211; Movilidad Port\u00e1til &#8211; Peso (con accesorios). [&hellip;]<\/p>\n","protected":false},"featured_media":184,"template":"","meta":{"_acf_changed":false},"pwb-brand":[80],"product_brand":[],"product_cat":[23],"product_tag":[],"class_list":{"0":"post-561","1":"product","2":"type-product","3":"status-publish","4":"has-post-thumbnail","6":"pwb-brand-karcher","7":"product_cat-herramientas-electricas","9":"first","10":"instock","11":"shipping-taxable","12":"product-type-simple"},"acf":[],"yoast_head":"<!-- This site is optimized with the Yoast SEO plugin v26.8 - https:\/\/yoast.com\/product\/yoast-seo-wordpress\/ -->\n<title>Hidrolavadora Profesional 190Bar - MARCHISONE<\/title>\n<meta name=\"robots\" content=\"index, follow, max-snippet:-1, max-image-preview:large, max-video-preview:-1\" \/>\n<link rel=\"canonical\" href=\"https:\/\/www.marchisone.com.ar\/w\/producto\/hidrolavadora-profesional-190bar\/\" \/>\n<meta property=\"og:locale\" content=\"es_ES\" \/>\n<meta property=\"og:type\" content=\"article\" \/>\n<meta property=\"og:title\" content=\"Hidrolavadora Profesional 190Bar - MARCHISONE\" \/>\n<meta property=\"og:description\" content=\"CARACTERISTICAS: &#8211; Tipo de corriente (Ph\/V\/Hz) 1 \/ 220 &#8211; 240 \/ 50 &#8211; Caudal (l\/h) 450 &#8211; 600 &#8211; Presi\u00f3n de trabajo (bar\/MPa) 70 &#8211; 150 \/ 7 &#8211; 15 &#8211; Presi\u00f3n m\u00e1x. (bar) 190 &#8211; Potencia de conexi\u00f3n (kW) 3,4 &#8211; Cantidad de usuarios simult\u00e1neos 1 &#8211; Movilidad Port\u00e1til &#8211; Peso (con accesorios). [&hellip;]\" \/>\n<meta property=\"og:url\" content=\"https:\/\/www.marchisone.com.ar\/w\/producto\/hidrolavadora-profesional-190bar\/\" \/>\n<meta property=\"og:site_name\" content=\"MARCHISONE\" \/>\n<meta property=\"article:modified_time\" content=\"2021-09-08T01:20:02+00:00\" \/>\n<meta property=\"og:image\" content=\"https:\/\/www.marchisone.com.ar\/w\/wp-content\/uploads\/KARMHI00033_1.jpg\" \/>\n\t<meta property=\"og:image:width\" content=\"1200\" \/>\n\t<meta property=\"og:image:height\" content=\"900\" \/>\n\t<meta property=\"og:image:type\" content=\"image\/jpeg\" \/>\n<meta name=\"twitter:card\" content=\"summary_large_image\" \/>\n<script type=\"application\/ld+json\" class=\"yoast-schema-graph\">{\"@context\":\"https:\/\/schema.org\",\"@graph\":[{\"@type\":\"WebPage\",\"@id\":\"https:\/\/www.marchisone.com.ar\/w\/producto\/hidrolavadora-profesional-190bar\/\",\"url\":\"https:\/\/www.marchisone.com.ar\/w\/producto\/hidrolavadora-profesional-190bar\/\",\"name\":\"Hidrolavadora Profesional 190Bar - MARCHISONE\",\"isPartOf\":{\"@id\":\"https:\/\/www.marchisone.com.ar\/w\/#website\"},\"primaryImageOfPage\":{\"@id\":\"https:\/\/www.marchisone.com.ar\/w\/producto\/hidrolavadora-profesional-190bar\/#primaryimage\"},\"image\":{\"@id\":\"https:\/\/www.marchisone.com.ar\/w\/producto\/hidrolavadora-profesional-190bar\/#primaryimage\"},\"thumbnailUrl\":\"https:\/\/www.marchisone.com.ar\/w\/wp-content\/uploads\/KARMHI00033_1.jpg\",\"datePublished\":\"2021-09-08T01:11:03+00:00\",\"dateModified\":\"2021-09-08T01:20:02+00:00\",\"breadcrumb\":{\"@id\":\"https:\/\/www.marchisone.com.ar\/w\/producto\/hidrolavadora-profesional-190bar\/#breadcrumb\"},\"inLanguage\":\"es\",\"potentialAction\":[{\"@type\":\"ReadAction\",\"target\":[\"https:\/\/www.marchisone.com.ar\/w\/producto\/hidrolavadora-profesional-190bar\/\"]}]},{\"@type\":\"ImageObject\",\"inLanguage\":\"es\",\"@id\":\"https:\/\/www.marchisone.com.ar\/w\/producto\/hidrolavadora-profesional-190bar\/#primaryimage\",\"url\":\"https:\/\/www.marchisone.com.ar\/w\/wp-content\/uploads\/KARMHI00033_1.jpg\",\"contentUrl\":\"https:\/\/www.marchisone.com.ar\/w\/wp-content\/uploads\/KARMHI00033_1.jpg\",\"width\":1200,\"height\":900},{\"@type\":\"BreadcrumbList\",\"@id\":\"https:\/\/www.marchisone.com.ar\/w\/producto\/hidrolavadora-profesional-190bar\/#breadcrumb\",\"itemListElement\":[{\"@type\":\"ListItem\",\"position\":1,\"name\":\"Portada\",\"item\":\"https:\/\/www.marchisone.com.ar\/w\/\"},{\"@type\":\"ListItem\",\"position\":2,\"name\":\"Tienda\",\"item\":\"https:\/\/www.marchisone.com.ar\/w\/tienda\/\"},{\"@type\":\"ListItem\",\"position\":3,\"name\":\"Hidrolavadora Profesional 190Bar\"}]},{\"@type\":\"WebSite\",\"@id\":\"https:\/\/www.marchisone.com.ar\/w\/#website\",\"url\":\"https:\/\/www.marchisone.com.ar\/w\/\",\"name\":\"MARCHISONE\",\"description\":\"\",\"publisher\":{\"@id\":\"https:\/\/www.marchisone.com.ar\/w\/#organization\"},\"potentialAction\":[{\"@type\":\"SearchAction\",\"target\":{\"@type\":\"EntryPoint\",\"urlTemplate\":\"https:\/\/www.marchisone.com.ar\/w\/?s={search_term_string}\"},\"query-input\":{\"@type\":\"PropertyValueSpecification\",\"valueRequired\":true,\"valueName\":\"search_term_string\"}}],\"inLanguage\":\"es\"},{\"@type\":\"Organization\",\"@id\":\"https:\/\/www.marchisone.com.ar\/w\/#organization\",\"name\":\"MARCHISONE\",\"url\":\"https:\/\/www.marchisone.com.ar\/w\/\",\"logo\":{\"@type\":\"ImageObject\",\"inLanguage\":\"es\",\"@id\":\"https:\/\/www.marchisone.com.ar\/w\/#\/schema\/logo\/image\/\",\"url\":\"https:\/\/www.marchisone.com.ar\/w\/wp-content\/uploads\/logo-4-web.png\",\"contentUrl\":\"https:\/\/www.marchisone.com.ar\/w\/wp-content\/uploads\/logo-4-web.png\",\"width\":400,\"height\":60,\"caption\":\"MARCHISONE\"},\"image\":{\"@id\":\"https:\/\/www.marchisone.com.ar\/w\/#\/schema\/logo\/image\/\"}}]}<\/script>\n<!-- \/ Yoast SEO plugin. -->","yoast_head_json":{"title":"Hidrolavadora Profesional 190Bar - MARCHISONE","robots":{"index":"index","follow":"follow","max-snippet":"max-snippet:-1","max-image-preview":"max-image-preview:large","max-video-preview":"max-video-preview:-1"},"canonical":"https:\/\/www.marchisone.com.ar\/w\/producto\/hidrolavadora-profesional-190bar\/","og_locale":"es_ES","og_type":"article","og_title":"Hidrolavadora Profesional 190Bar - MARCHISONE","og_description":"CARACTERISTICAS: &#8211; Tipo de corriente (Ph\/V\/Hz) 1 \/ 220 &#8211; 240 \/ 50 &#8211; Caudal (l\/h) 450 &#8211; 600 &#8211; Presi\u00f3n de trabajo (bar\/MPa) 70 &#8211; 150 \/ 7 &#8211; 15 &#8211; Presi\u00f3n m\u00e1x. (bar) 190 &#8211; Potencia de conexi\u00f3n (kW) 3,4 &#8211; Cantidad de usuarios simult\u00e1neos 1 &#8211; Movilidad Port\u00e1til &#8211; Peso (con accesorios). [&hellip;]","og_url":"https:\/\/www.marchisone.com.ar\/w\/producto\/hidrolavadora-profesional-190bar\/","og_site_name":"MARCHISONE","article_modified_time":"2021-09-08T01:20:02+00:00","og_image":[{"width":1200,"height":900,"url":"https:\/\/www.marchisone.com.ar\/w\/wp-content\/uploads\/KARMHI00033_1.jpg","type":"image\/jpeg"}],"twitter_card":"summary_large_image","schema":{"@context":"https:\/\/schema.org","@graph":[{"@type":"WebPage","@id":"https:\/\/www.marchisone.com.ar\/w\/producto\/hidrolavadora-profesional-190bar\/","url":"https:\/\/www.marchisone.com.ar\/w\/producto\/hidrolavadora-profesional-190bar\/","name":"Hidrolavadora Profesional 190Bar - MARCHISONE","isPartOf":{"@id":"https:\/\/www.marchisone.com.ar\/w\/#website"},"primaryImageOfPage":{"@id":"https:\/\/www.marchisone.com.ar\/w\/producto\/hidrolavadora-profesional-190bar\/#primaryimage"},"image":{"@id":"https:\/\/www.marchisone.com.ar\/w\/producto\/hidrolavadora-profesional-190bar\/#primaryimage"},"thumbnailUrl":"https:\/\/www.marchisone.com.ar\/w\/wp-content\/uploads\/KARMHI00033_1.jpg","datePublished":"2021-09-08T01:11:03+00:00","dateModified":"2021-09-08T01:20:02+00:00","breadcrumb":{"@id":"https:\/\/www.marchisone.com.ar\/w\/producto\/hidrolavadora-profesional-190bar\/#breadcrumb"},"inLanguage":"es","potentialAction":[{"@type":"ReadAction","target":["https:\/\/www.marchisone.com.ar\/w\/producto\/hidrolavadora-profesional-190bar\/"]}]},{"@type":"ImageObject","inLanguage":"es","@id":"https:\/\/www.marchisone.com.ar\/w\/producto\/hidrolavadora-profesional-190bar\/#primaryimage","url":"https:\/\/www.marchisone.com.ar\/w\/wp-content\/uploads\/KARMHI00033_1.jpg","contentUrl":"https:\/\/www.marchisone.com.ar\/w\/wp-content\/uploads\/KARMHI00033_1.jpg","width":1200,"height":900},{"@type":"BreadcrumbList","@id":"https:\/\/www.marchisone.com.ar\/w\/producto\/hidrolavadora-profesional-190bar\/#breadcrumb","itemListElement":[{"@type":"ListItem","position":1,"name":"Portada","item":"https:\/\/www.marchisone.com.ar\/w\/"},{"@type":"ListItem","position":2,"name":"Tienda","item":"https:\/\/www.marchisone.com.ar\/w\/tienda\/"},{"@type":"ListItem","position":3,"name":"Hidrolavadora Profesional 190Bar"}]},{"@type":"WebSite","@id":"https:\/\/www.marchisone.com.ar\/w\/#website","url":"https:\/\/www.marchisone.com.ar\/w\/","name":"MARCHISONE","description":"","publisher":{"@id":"https:\/\/www.marchisone.com.ar\/w\/#organization"},"potentialAction":[{"@type":"SearchAction","target":{"@type":"EntryPoint","urlTemplate":"https:\/\/www.marchisone.com.ar\/w\/?s={search_term_string}"},"query-input":{"@type":"PropertyValueSpecification","valueRequired":true,"valueName":"search_term_string"}}],"inLanguage":"es"},{"@type":"Organization","@id":"https:\/\/www.marchisone.com.ar\/w\/#organization","name":"MARCHISONE","url":"https:\/\/www.marchisone.com.ar\/w\/","logo":{"@type":"ImageObject","inLanguage":"es","@id":"https:\/\/www.marchisone.com.ar\/w\/#\/schema\/logo\/image\/","url":"https:\/\/www.marchisone.com.ar\/w\/wp-content\/uploads\/logo-4-web.png","contentUrl":"https:\/\/www.marchisone.com.ar\/w\/wp-content\/uploads\/logo-4-web.png","width":400,"height":60,"caption":"MARCHISONE"},"image":{"@id":"https:\/\/www.marchisone.com.ar\/w\/#\/schema\/logo\/image\/"}}]}},"brands":[{"id":80,"name":"Karcher","slug":"karcher"}],"_links":{"self":[{"href":"https:\/\/www.marchisone.com.ar\/w\/wp-json\/wp\/v2\/product\/561","targetHints":{"allow":["GET"]}}],"collection":[{"href":"https:\/\/www.marchisone.com.ar\/w\/wp-json\/wp\/v2\/product"}],"about":[{"href":"https:\/\/www.marchisone.com.ar\/w\/wp-json\/wp\/v2\/types\/product"}],"wp:featuredmedia":[{"embeddable":true,"href":"https:\/\/www.marchisone.com.ar\/w\/wp-json\/wp\/v2\/media\/184"}],"wp:attachment":[{"href":"https:\/\/www.marchisone.com.ar\/w\/wp-json\/wp\/v2\/media?parent=561"}],"wp:term":[{"taxonomy":"pwb-brand","embeddable":true,"href":"https:\/\/www.marchisone.com.ar\/w\/wp-json\/wp\/v2\/pwb-brand?post=561"},{"taxonomy":"product_brand","embeddable":true,"href":"https:\/\/www.marchisone.com.ar\/w\/wp-json\/wp\/v2\/product_brand?post=561"},{"taxonomy":"product_cat","embeddable":true,"href":"https:\/\/www.marchisone.com.ar\/w\/wp-json\/wp\/v2\/product_cat?post=561"},{"taxonomy":"product_tag","embeddable":true,"href":"https:\/\/www.marchisone.com.ar\/w\/wp-json\/wp\/v2\/product_tag?post=561"}],"curies":[{"name":"wp","href":"https:\/\/api.w.org\/{rel}","templated":true}]}}