{"id":512,"date":"2021-09-08T01:10:57","date_gmt":"2021-09-08T01:10:57","guid":{"rendered":"https:\/\/www.marchisone.com.ar\/w\/producto\/rotomartillo-sds-max-1240w\/"},"modified":"2021-09-08T01:19:56","modified_gmt":"2021-09-08T01:19:56","slug":"rotomartillo-sds-max-1240w","status":"publish","type":"product","link":"https:\/\/www.marchisone.com.ar\/w\/producto\/rotomartillo-sds-max-1240w\/","title":{"rendered":"Rotomartillo Sds Max 1240W"},"content":{"rendered":"<p>CARACTERISTICAS: &#8211; Ideal para realizar perforaciones en hormig\u00f3n o mamposter\u00eda desde 12 mm hasta 45 mm. &#8211; Voltaje: 220 V &#8211; Potencia: 1240 W &#8211; Tipo de Encastre: SDS Max &#8211; Modos: Rotaci\u00f3n, Percusi\u00f3n, Cincelado Velocidad de Rotaci\u00f3n &#8211; Variable: SI &#8211; Rango de Velocidad de Rotaci\u00f3n: 210-415 rpm &#8211; Energ\u00eda de Impacto: 2-12 Joules &#8211; Rango de Impactos por Minuto: 1430-2840 gpm &#8211; Capacidad en Concreto: 45mm standard, 100mm corona &#8211; Reversa: NO &#8211; Posici\u00f3n del Motor: Vertical &#8211; Embrague de Seguridad: SI &#8211; Sistema Anti Vibraci\u00f3n: SI &#8211; Peso: 6.6 kg<\/p>\n","protected":false},"excerpt":{"rendered":"<p>CARACTERISTICAS: &#8211; Ideal para realizar perforaciones en hormig\u00f3n o mamposter\u00eda desde 12 mm hasta 45 mm. &#8211; Voltaje: 220 V &#8211; Potencia: 1240 W &#8211; Tipo de Encastre: SDS Max &#8211; Modos: Rotaci\u00f3n, Percusi\u00f3n, Cincelado Velocidad de Rotaci\u00f3n &#8211; Variable: SI &#8211; Rango de Velocidad de Rotaci\u00f3n: 210-415 rpm &#8211; Energ\u00eda de Impacto: 2-12 Joules [&hellip;]<\/p>\n","protected":false},"featured_media":129,"template":"","meta":{"_acf_changed":false},"pwb-brand":[65],"product_brand":[],"product_cat":[23],"product_tag":[],"class_list":{"0":"post-512","1":"product","2":"type-product","3":"status-publish","4":"has-post-thumbnail","6":"pwb-brand-dewalt","7":"product_cat-herramientas-electricas","9":"first","10":"instock","11":"shipping-taxable","12":"product-type-simple"},"acf":[],"yoast_head":"<!-- This site is optimized with the Yoast SEO plugin v26.8 - https:\/\/yoast.com\/product\/yoast-seo-wordpress\/ -->\n<title>Rotomartillo Sds Max 1240W - MARCHISONE<\/title>\n<meta name=\"robots\" content=\"index, follow, max-snippet:-1, max-image-preview:large, max-video-preview:-1\" \/>\n<link rel=\"canonical\" href=\"https:\/\/www.marchisone.com.ar\/w\/producto\/rotomartillo-sds-max-1240w\/\" \/>\n<meta property=\"og:locale\" content=\"es_ES\" \/>\n<meta property=\"og:type\" content=\"article\" \/>\n<meta property=\"og:title\" content=\"Rotomartillo Sds Max 1240W - MARCHISONE\" \/>\n<meta property=\"og:description\" content=\"CARACTERISTICAS: &#8211; Ideal para realizar perforaciones en hormig\u00f3n o mamposter\u00eda desde 12 mm hasta 45 mm. &#8211; Voltaje: 220 V &#8211; Potencia: 1240 W &#8211; Tipo de Encastre: SDS Max &#8211; Modos: Rotaci\u00f3n, Percusi\u00f3n, Cincelado Velocidad de Rotaci\u00f3n &#8211; Variable: SI &#8211; Rango de Velocidad de Rotaci\u00f3n: 210-415 rpm &#8211; Energ\u00eda de Impacto: 2-12 Joules [&hellip;]\" \/>\n<meta property=\"og:url\" content=\"https:\/\/www.marchisone.com.ar\/w\/producto\/rotomartillo-sds-max-1240w\/\" \/>\n<meta property=\"og:site_name\" content=\"MARCHISONE\" \/>\n<meta property=\"article:modified_time\" content=\"2021-09-08T01:19:56+00:00\" \/>\n<meta property=\"og:image\" content=\"https:\/\/www.marchisone.com.ar\/w\/wp-content\/uploads\/CBADEW00006_1.jpg\" \/>\n\t<meta property=\"og:image:width\" content=\"1200\" \/>\n\t<meta property=\"og:image:height\" content=\"900\" \/>\n\t<meta property=\"og:image:type\" content=\"image\/jpeg\" \/>\n<meta name=\"twitter:card\" content=\"summary_large_image\" \/>\n<script type=\"application\/ld+json\" class=\"yoast-schema-graph\">{\"@context\":\"https:\/\/schema.org\",\"@graph\":[{\"@type\":\"WebPage\",\"@id\":\"https:\/\/www.marchisone.com.ar\/w\/producto\/rotomartillo-sds-max-1240w\/\",\"url\":\"https:\/\/www.marchisone.com.ar\/w\/producto\/rotomartillo-sds-max-1240w\/\",\"name\":\"Rotomartillo Sds Max 1240W - MARCHISONE\",\"isPartOf\":{\"@id\":\"https:\/\/www.marchisone.com.ar\/w\/#website\"},\"primaryImageOfPage\":{\"@id\":\"https:\/\/www.marchisone.com.ar\/w\/producto\/rotomartillo-sds-max-1240w\/#primaryimage\"},\"image\":{\"@id\":\"https:\/\/www.marchisone.com.ar\/w\/producto\/rotomartillo-sds-max-1240w\/#primaryimage\"},\"thumbnailUrl\":\"https:\/\/www.marchisone.com.ar\/w\/wp-content\/uploads\/CBADEW00006_1.jpg\",\"datePublished\":\"2021-09-08T01:10:57+00:00\",\"dateModified\":\"2021-09-08T01:19:56+00:00\",\"breadcrumb\":{\"@id\":\"https:\/\/www.marchisone.com.ar\/w\/producto\/rotomartillo-sds-max-1240w\/#breadcrumb\"},\"inLanguage\":\"es\",\"potentialAction\":[{\"@type\":\"ReadAction\",\"target\":[\"https:\/\/www.marchisone.com.ar\/w\/producto\/rotomartillo-sds-max-1240w\/\"]}]},{\"@type\":\"ImageObject\",\"inLanguage\":\"es\",\"@id\":\"https:\/\/www.marchisone.com.ar\/w\/producto\/rotomartillo-sds-max-1240w\/#primaryimage\",\"url\":\"https:\/\/www.marchisone.com.ar\/w\/wp-content\/uploads\/CBADEW00006_1.jpg\",\"contentUrl\":\"https:\/\/www.marchisone.com.ar\/w\/wp-content\/uploads\/CBADEW00006_1.jpg\",\"width\":1200,\"height\":900},{\"@type\":\"BreadcrumbList\",\"@id\":\"https:\/\/www.marchisone.com.ar\/w\/producto\/rotomartillo-sds-max-1240w\/#breadcrumb\",\"itemListElement\":[{\"@type\":\"ListItem\",\"position\":1,\"name\":\"Portada\",\"item\":\"https:\/\/www.marchisone.com.ar\/w\/\"},{\"@type\":\"ListItem\",\"position\":2,\"name\":\"Tienda\",\"item\":\"https:\/\/www.marchisone.com.ar\/w\/tienda\/\"},{\"@type\":\"ListItem\",\"position\":3,\"name\":\"Rotomartillo Sds Max 1240W\"}]},{\"@type\":\"WebSite\",\"@id\":\"https:\/\/www.marchisone.com.ar\/w\/#website\",\"url\":\"https:\/\/www.marchisone.com.ar\/w\/\",\"name\":\"MARCHISONE\",\"description\":\"\",\"publisher\":{\"@id\":\"https:\/\/www.marchisone.com.ar\/w\/#organization\"},\"potentialAction\":[{\"@type\":\"SearchAction\",\"target\":{\"@type\":\"EntryPoint\",\"urlTemplate\":\"https:\/\/www.marchisone.com.ar\/w\/?s={search_term_string}\"},\"query-input\":{\"@type\":\"PropertyValueSpecification\",\"valueRequired\":true,\"valueName\":\"search_term_string\"}}],\"inLanguage\":\"es\"},{\"@type\":\"Organization\",\"@id\":\"https:\/\/www.marchisone.com.ar\/w\/#organization\",\"name\":\"MARCHISONE\",\"url\":\"https:\/\/www.marchisone.com.ar\/w\/\",\"logo\":{\"@type\":\"ImageObject\",\"inLanguage\":\"es\",\"@id\":\"https:\/\/www.marchisone.com.ar\/w\/#\/schema\/logo\/image\/\",\"url\":\"https:\/\/www.marchisone.com.ar\/w\/wp-content\/uploads\/logo-4-web.png\",\"contentUrl\":\"https:\/\/www.marchisone.com.ar\/w\/wp-content\/uploads\/logo-4-web.png\",\"width\":400,\"height\":60,\"caption\":\"MARCHISONE\"},\"image\":{\"@id\":\"https:\/\/www.marchisone.com.ar\/w\/#\/schema\/logo\/image\/\"}}]}<\/script>\n<!-- \/ Yoast SEO plugin. -->","yoast_head_json":{"title":"Rotomartillo Sds Max 1240W - MARCHISONE","robots":{"index":"index","follow":"follow","max-snippet":"max-snippet:-1","max-image-preview":"max-image-preview:large","max-video-preview":"max-video-preview:-1"},"canonical":"https:\/\/www.marchisone.com.ar\/w\/producto\/rotomartillo-sds-max-1240w\/","og_locale":"es_ES","og_type":"article","og_title":"Rotomartillo Sds Max 1240W - MARCHISONE","og_description":"CARACTERISTICAS: &#8211; Ideal para realizar perforaciones en hormig\u00f3n o mamposter\u00eda desde 12 mm hasta 45 mm. &#8211; Voltaje: 220 V &#8211; Potencia: 1240 W &#8211; Tipo de Encastre: SDS Max &#8211; Modos: Rotaci\u00f3n, Percusi\u00f3n, Cincelado Velocidad de Rotaci\u00f3n &#8211; Variable: SI &#8211; Rango de Velocidad de Rotaci\u00f3n: 210-415 rpm &#8211; Energ\u00eda de Impacto: 2-12 Joules [&hellip;]","og_url":"https:\/\/www.marchisone.com.ar\/w\/producto\/rotomartillo-sds-max-1240w\/","og_site_name":"MARCHISONE","article_modified_time":"2021-09-08T01:19:56+00:00","og_image":[{"width":1200,"height":900,"url":"https:\/\/www.marchisone.com.ar\/w\/wp-content\/uploads\/CBADEW00006_1.jpg","type":"image\/jpeg"}],"twitter_card":"summary_large_image","schema":{"@context":"https:\/\/schema.org","@graph":[{"@type":"WebPage","@id":"https:\/\/www.marchisone.com.ar\/w\/producto\/rotomartillo-sds-max-1240w\/","url":"https:\/\/www.marchisone.com.ar\/w\/producto\/rotomartillo-sds-max-1240w\/","name":"Rotomartillo Sds Max 1240W - MARCHISONE","isPartOf":{"@id":"https:\/\/www.marchisone.com.ar\/w\/#website"},"primaryImageOfPage":{"@id":"https:\/\/www.marchisone.com.ar\/w\/producto\/rotomartillo-sds-max-1240w\/#primaryimage"},"image":{"@id":"https:\/\/www.marchisone.com.ar\/w\/producto\/rotomartillo-sds-max-1240w\/#primaryimage"},"thumbnailUrl":"https:\/\/www.marchisone.com.ar\/w\/wp-content\/uploads\/CBADEW00006_1.jpg","datePublished":"2021-09-08T01:10:57+00:00","dateModified":"2021-09-08T01:19:56+00:00","breadcrumb":{"@id":"https:\/\/www.marchisone.com.ar\/w\/producto\/rotomartillo-sds-max-1240w\/#breadcrumb"},"inLanguage":"es","potentialAction":[{"@type":"ReadAction","target":["https:\/\/www.marchisone.com.ar\/w\/producto\/rotomartillo-sds-max-1240w\/"]}]},{"@type":"ImageObject","inLanguage":"es","@id":"https:\/\/www.marchisone.com.ar\/w\/producto\/rotomartillo-sds-max-1240w\/#primaryimage","url":"https:\/\/www.marchisone.com.ar\/w\/wp-content\/uploads\/CBADEW00006_1.jpg","contentUrl":"https:\/\/www.marchisone.com.ar\/w\/wp-content\/uploads\/CBADEW00006_1.jpg","width":1200,"height":900},{"@type":"BreadcrumbList","@id":"https:\/\/www.marchisone.com.ar\/w\/producto\/rotomartillo-sds-max-1240w\/#breadcrumb","itemListElement":[{"@type":"ListItem","position":1,"name":"Portada","item":"https:\/\/www.marchisone.com.ar\/w\/"},{"@type":"ListItem","position":2,"name":"Tienda","item":"https:\/\/www.marchisone.com.ar\/w\/tienda\/"},{"@type":"ListItem","position":3,"name":"Rotomartillo Sds Max 1240W"}]},{"@type":"WebSite","@id":"https:\/\/www.marchisone.com.ar\/w\/#website","url":"https:\/\/www.marchisone.com.ar\/w\/","name":"MARCHISONE","description":"","publisher":{"@id":"https:\/\/www.marchisone.com.ar\/w\/#organization"},"potentialAction":[{"@type":"SearchAction","target":{"@type":"EntryPoint","urlTemplate":"https:\/\/www.marchisone.com.ar\/w\/?s={search_term_string}"},"query-input":{"@type":"PropertyValueSpecification","valueRequired":true,"valueName":"search_term_string"}}],"inLanguage":"es"},{"@type":"Organization","@id":"https:\/\/www.marchisone.com.ar\/w\/#organization","name":"MARCHISONE","url":"https:\/\/www.marchisone.com.ar\/w\/","logo":{"@type":"ImageObject","inLanguage":"es","@id":"https:\/\/www.marchisone.com.ar\/w\/#\/schema\/logo\/image\/","url":"https:\/\/www.marchisone.com.ar\/w\/wp-content\/uploads\/logo-4-web.png","contentUrl":"https:\/\/www.marchisone.com.ar\/w\/wp-content\/uploads\/logo-4-web.png","width":400,"height":60,"caption":"MARCHISONE"},"image":{"@id":"https:\/\/www.marchisone.com.ar\/w\/#\/schema\/logo\/image\/"}}]}},"brands":[{"id":65,"name":"Dewalt","slug":"dewalt"}],"_links":{"self":[{"href":"https:\/\/www.marchisone.com.ar\/w\/wp-json\/wp\/v2\/product\/512","targetHints":{"allow":["GET"]}}],"collection":[{"href":"https:\/\/www.marchisone.com.ar\/w\/wp-json\/wp\/v2\/product"}],"about":[{"href":"https:\/\/www.marchisone.com.ar\/w\/wp-json\/wp\/v2\/types\/product"}],"wp:featuredmedia":[{"embeddable":true,"href":"https:\/\/www.marchisone.com.ar\/w\/wp-json\/wp\/v2\/media\/129"}],"wp:attachment":[{"href":"https:\/\/www.marchisone.com.ar\/w\/wp-json\/wp\/v2\/media?parent=512"}],"wp:term":[{"taxonomy":"pwb-brand","embeddable":true,"href":"https:\/\/www.marchisone.com.ar\/w\/wp-json\/wp\/v2\/pwb-brand?post=512"},{"taxonomy":"product_brand","embeddable":true,"href":"https:\/\/www.marchisone.com.ar\/w\/wp-json\/wp\/v2\/product_brand?post=512"},{"taxonomy":"product_cat","embeddable":true,"href":"https:\/\/www.marchisone.com.ar\/w\/wp-json\/wp\/v2\/product_cat?post=512"},{"taxonomy":"product_tag","embeddable":true,"href":"https:\/\/www.marchisone.com.ar\/w\/wp-json\/wp\/v2\/product_tag?post=512"}],"curies":[{"name":"wp","href":"https:\/\/api.w.org\/{rel}","templated":true}]}}