{"id":3309,"date":"2022-04-12T22:01:32","date_gmt":"2022-04-12T22:01:32","guid":{"rendered":"https:\/\/www.marchisone.com.ar\/w\/?post_type=product&#038;p=3309"},"modified":"2022-04-12T22:01:32","modified_gmt":"2022-04-12T22:01:32","slug":"gazebo-blanco-plegable-3-m-x-3-m-de-aluminio","status":"publish","type":"product","link":"https:\/\/www.marchisone.com.ar\/w\/producto\/gazebo-blanco-plegable-3-m-x-3-m-de-aluminio\/","title":{"rendered":"Gazebo blanco plegable 3 m \u00d7 3 m de aluminio"},"content":{"rendered":"<ul>\n<li>Estructura de aluminio autoarmable<\/li>\n<li>Estructura externa: 145 cm \u00d7 3 cm (secci\u00f3n cuadrada) &#8211; 1,0 mm de espesor<\/li>\n<li>Estructura interna: 115 cm \u00d7 2,5 cm ancho (secci\u00f3n cuadrada) &#8211; 1,0 mm de espesor<\/li>\n<li>Barras transversales: 143 cm &#8211; 0,75 mm de espesor<\/li>\n<li>Barra superior: 78 cm \u00d7 2,2 cm (secci\u00f3n cuadrada)<\/li>\n<li>Peso: 12 kg<\/li>\n<li>Material de tela: oxford 800D con recubrimiento PVC<\/li>\n<li>A prueba de agua.<\/li>\n<li>Incluye: bolso de transporte<\/li>\n<\/ul>\n","protected":false},"excerpt":{"rendered":"<p>Estructura de aluminio autoarmable Estructura externa: 145 cm \u00d7 3 cm (secci\u00f3n cuadrada) &#8211; 1,0 mm de espesor Estructura interna: 115 cm \u00d7 2,5 cm ancho (secci\u00f3n cuadrada) &#8211; 1,0 mm de espesor Barras transversales: 143 cm &#8211; 0,75 mm de espesor Barra superior: 78 cm \u00d7 2,2 cm (secci\u00f3n cuadrada) Peso: 12 kg Material [&hellip;]<\/p>\n","protected":false},"featured_media":3310,"template":"","meta":{"_acf_changed":false},"pwb-brand":[67],"product_brand":[],"product_cat":[38,37],"product_tag":[],"class_list":{"0":"post-3309","1":"product","2":"type-product","3":"status-publish","4":"has-post-thumbnail","6":"pwb-brand-kushiro","7":"product_cat-camping","8":"product_cat-jardin","10":"first","11":"instock","12":"shipping-taxable","13":"product-type-simple"},"acf":[],"yoast_head":"<!-- This site is optimized with the Yoast SEO plugin v26.8 - https:\/\/yoast.com\/product\/yoast-seo-wordpress\/ -->\n<title>Gazebo blanco plegable 3 m \u00d7 3 m de aluminio - MARCHISONE<\/title>\n<meta name=\"robots\" content=\"index, follow, max-snippet:-1, max-image-preview:large, max-video-preview:-1\" \/>\n<link rel=\"canonical\" href=\"https:\/\/www.marchisone.com.ar\/w\/producto\/gazebo-blanco-plegable-3-m-x-3-m-de-aluminio\/\" \/>\n<meta property=\"og:locale\" content=\"es_ES\" \/>\n<meta property=\"og:type\" content=\"article\" \/>\n<meta property=\"og:title\" content=\"Gazebo blanco plegable 3 m \u00d7 3 m de aluminio - MARCHISONE\" \/>\n<meta property=\"og:description\" content=\"Estructura de aluminio autoarmable Estructura externa: 145 cm \u00d7 3 cm (secci\u00f3n cuadrada) &#8211; 1,0 mm de espesor Estructura interna: 115 cm \u00d7 2,5 cm ancho (secci\u00f3n cuadrada) &#8211; 1,0 mm de espesor Barras transversales: 143 cm &#8211; 0,75 mm de espesor Barra superior: 78 cm \u00d7 2,2 cm (secci\u00f3n cuadrada) Peso: 12 kg Material [&hellip;]\" \/>\n<meta property=\"og:url\" content=\"https:\/\/www.marchisone.com.ar\/w\/producto\/gazebo-blanco-plegable-3-m-x-3-m-de-aluminio\/\" \/>\n<meta property=\"og:site_name\" content=\"MARCHISONE\" \/>\n<meta property=\"og:image\" content=\"https:\/\/www.marchisone.com.ar\/w\/wp-content\/uploads\/CEGGAZ00003_1.jpg\" \/>\n\t<meta property=\"og:image:width\" content=\"1200\" \/>\n\t<meta property=\"og:image:height\" content=\"900\" \/>\n\t<meta property=\"og:image:type\" content=\"image\/jpeg\" \/>\n<meta name=\"twitter:card\" content=\"summary_large_image\" \/>\n<meta name=\"twitter:label1\" content=\"Tiempo de lectura\" \/>\n\t<meta name=\"twitter:data1\" content=\"1 minuto\" \/>\n<script type=\"application\/ld+json\" class=\"yoast-schema-graph\">{\"@context\":\"https:\/\/schema.org\",\"@graph\":[{\"@type\":\"WebPage\",\"@id\":\"https:\/\/www.marchisone.com.ar\/w\/producto\/gazebo-blanco-plegable-3-m-x-3-m-de-aluminio\/\",\"url\":\"https:\/\/www.marchisone.com.ar\/w\/producto\/gazebo-blanco-plegable-3-m-x-3-m-de-aluminio\/\",\"name\":\"Gazebo blanco plegable 3 m \u00d7 3 m de aluminio - MARCHISONE\",\"isPartOf\":{\"@id\":\"https:\/\/www.marchisone.com.ar\/w\/#website\"},\"primaryImageOfPage\":{\"@id\":\"https:\/\/www.marchisone.com.ar\/w\/producto\/gazebo-blanco-plegable-3-m-x-3-m-de-aluminio\/#primaryimage\"},\"image\":{\"@id\":\"https:\/\/www.marchisone.com.ar\/w\/producto\/gazebo-blanco-plegable-3-m-x-3-m-de-aluminio\/#primaryimage\"},\"thumbnailUrl\":\"https:\/\/www.marchisone.com.ar\/w\/wp-content\/uploads\/CEGGAZ00003_1.jpg\",\"datePublished\":\"2022-04-12T22:01:32+00:00\",\"breadcrumb\":{\"@id\":\"https:\/\/www.marchisone.com.ar\/w\/producto\/gazebo-blanco-plegable-3-m-x-3-m-de-aluminio\/#breadcrumb\"},\"inLanguage\":\"es\",\"potentialAction\":[{\"@type\":\"ReadAction\",\"target\":[\"https:\/\/www.marchisone.com.ar\/w\/producto\/gazebo-blanco-plegable-3-m-x-3-m-de-aluminio\/\"]}]},{\"@type\":\"ImageObject\",\"inLanguage\":\"es\",\"@id\":\"https:\/\/www.marchisone.com.ar\/w\/producto\/gazebo-blanco-plegable-3-m-x-3-m-de-aluminio\/#primaryimage\",\"url\":\"https:\/\/www.marchisone.com.ar\/w\/wp-content\/uploads\/CEGGAZ00003_1.jpg\",\"contentUrl\":\"https:\/\/www.marchisone.com.ar\/w\/wp-content\/uploads\/CEGGAZ00003_1.jpg\",\"width\":1200,\"height\":900},{\"@type\":\"BreadcrumbList\",\"@id\":\"https:\/\/www.marchisone.com.ar\/w\/producto\/gazebo-blanco-plegable-3-m-x-3-m-de-aluminio\/#breadcrumb\",\"itemListElement\":[{\"@type\":\"ListItem\",\"position\":1,\"name\":\"Portada\",\"item\":\"https:\/\/www.marchisone.com.ar\/w\/\"},{\"@type\":\"ListItem\",\"position\":2,\"name\":\"Tienda\",\"item\":\"https:\/\/www.marchisone.com.ar\/w\/tienda\/\"},{\"@type\":\"ListItem\",\"position\":3,\"name\":\"Gazebo blanco plegable 3 m \u00d7 3 m de aluminio\"}]},{\"@type\":\"WebSite\",\"@id\":\"https:\/\/www.marchisone.com.ar\/w\/#website\",\"url\":\"https:\/\/www.marchisone.com.ar\/w\/\",\"name\":\"MARCHISONE\",\"description\":\"\",\"publisher\":{\"@id\":\"https:\/\/www.marchisone.com.ar\/w\/#organization\"},\"potentialAction\":[{\"@type\":\"SearchAction\",\"target\":{\"@type\":\"EntryPoint\",\"urlTemplate\":\"https:\/\/www.marchisone.com.ar\/w\/?s={search_term_string}\"},\"query-input\":{\"@type\":\"PropertyValueSpecification\",\"valueRequired\":true,\"valueName\":\"search_term_string\"}}],\"inLanguage\":\"es\"},{\"@type\":\"Organization\",\"@id\":\"https:\/\/www.marchisone.com.ar\/w\/#organization\",\"name\":\"MARCHISONE\",\"url\":\"https:\/\/www.marchisone.com.ar\/w\/\",\"logo\":{\"@type\":\"ImageObject\",\"inLanguage\":\"es\",\"@id\":\"https:\/\/www.marchisone.com.ar\/w\/#\/schema\/logo\/image\/\",\"url\":\"https:\/\/www.marchisone.com.ar\/w\/wp-content\/uploads\/logo-4-web.png\",\"contentUrl\":\"https:\/\/www.marchisone.com.ar\/w\/wp-content\/uploads\/logo-4-web.png\",\"width\":400,\"height\":60,\"caption\":\"MARCHISONE\"},\"image\":{\"@id\":\"https:\/\/www.marchisone.com.ar\/w\/#\/schema\/logo\/image\/\"}}]}<\/script>\n<!-- \/ Yoast SEO plugin. -->","yoast_head_json":{"title":"Gazebo blanco plegable 3 m \u00d7 3 m de aluminio - MARCHISONE","robots":{"index":"index","follow":"follow","max-snippet":"max-snippet:-1","max-image-preview":"max-image-preview:large","max-video-preview":"max-video-preview:-1"},"canonical":"https:\/\/www.marchisone.com.ar\/w\/producto\/gazebo-blanco-plegable-3-m-x-3-m-de-aluminio\/","og_locale":"es_ES","og_type":"article","og_title":"Gazebo blanco plegable 3 m \u00d7 3 m de aluminio - MARCHISONE","og_description":"Estructura de aluminio autoarmable Estructura externa: 145 cm \u00d7 3 cm (secci\u00f3n cuadrada) &#8211; 1,0 mm de espesor Estructura interna: 115 cm \u00d7 2,5 cm ancho (secci\u00f3n cuadrada) &#8211; 1,0 mm de espesor Barras transversales: 143 cm &#8211; 0,75 mm de espesor Barra superior: 78 cm \u00d7 2,2 cm (secci\u00f3n cuadrada) Peso: 12 kg Material [&hellip;]","og_url":"https:\/\/www.marchisone.com.ar\/w\/producto\/gazebo-blanco-plegable-3-m-x-3-m-de-aluminio\/","og_site_name":"MARCHISONE","og_image":[{"width":1200,"height":900,"url":"https:\/\/www.marchisone.com.ar\/w\/wp-content\/uploads\/CEGGAZ00003_1.jpg","type":"image\/jpeg"}],"twitter_card":"summary_large_image","twitter_misc":{"Tiempo de lectura":"1 minuto"},"schema":{"@context":"https:\/\/schema.org","@graph":[{"@type":"WebPage","@id":"https:\/\/www.marchisone.com.ar\/w\/producto\/gazebo-blanco-plegable-3-m-x-3-m-de-aluminio\/","url":"https:\/\/www.marchisone.com.ar\/w\/producto\/gazebo-blanco-plegable-3-m-x-3-m-de-aluminio\/","name":"Gazebo blanco plegable 3 m \u00d7 3 m de aluminio - MARCHISONE","isPartOf":{"@id":"https:\/\/www.marchisone.com.ar\/w\/#website"},"primaryImageOfPage":{"@id":"https:\/\/www.marchisone.com.ar\/w\/producto\/gazebo-blanco-plegable-3-m-x-3-m-de-aluminio\/#primaryimage"},"image":{"@id":"https:\/\/www.marchisone.com.ar\/w\/producto\/gazebo-blanco-plegable-3-m-x-3-m-de-aluminio\/#primaryimage"},"thumbnailUrl":"https:\/\/www.marchisone.com.ar\/w\/wp-content\/uploads\/CEGGAZ00003_1.jpg","datePublished":"2022-04-12T22:01:32+00:00","breadcrumb":{"@id":"https:\/\/www.marchisone.com.ar\/w\/producto\/gazebo-blanco-plegable-3-m-x-3-m-de-aluminio\/#breadcrumb"},"inLanguage":"es","potentialAction":[{"@type":"ReadAction","target":["https:\/\/www.marchisone.com.ar\/w\/producto\/gazebo-blanco-plegable-3-m-x-3-m-de-aluminio\/"]}]},{"@type":"ImageObject","inLanguage":"es","@id":"https:\/\/www.marchisone.com.ar\/w\/producto\/gazebo-blanco-plegable-3-m-x-3-m-de-aluminio\/#primaryimage","url":"https:\/\/www.marchisone.com.ar\/w\/wp-content\/uploads\/CEGGAZ00003_1.jpg","contentUrl":"https:\/\/www.marchisone.com.ar\/w\/wp-content\/uploads\/CEGGAZ00003_1.jpg","width":1200,"height":900},{"@type":"BreadcrumbList","@id":"https:\/\/www.marchisone.com.ar\/w\/producto\/gazebo-blanco-plegable-3-m-x-3-m-de-aluminio\/#breadcrumb","itemListElement":[{"@type":"ListItem","position":1,"name":"Portada","item":"https:\/\/www.marchisone.com.ar\/w\/"},{"@type":"ListItem","position":2,"name":"Tienda","item":"https:\/\/www.marchisone.com.ar\/w\/tienda\/"},{"@type":"ListItem","position":3,"name":"Gazebo blanco plegable 3 m \u00d7 3 m de aluminio"}]},{"@type":"WebSite","@id":"https:\/\/www.marchisone.com.ar\/w\/#website","url":"https:\/\/www.marchisone.com.ar\/w\/","name":"MARCHISONE","description":"","publisher":{"@id":"https:\/\/www.marchisone.com.ar\/w\/#organization"},"potentialAction":[{"@type":"SearchAction","target":{"@type":"EntryPoint","urlTemplate":"https:\/\/www.marchisone.com.ar\/w\/?s={search_term_string}"},"query-input":{"@type":"PropertyValueSpecification","valueRequired":true,"valueName":"search_term_string"}}],"inLanguage":"es"},{"@type":"Organization","@id":"https:\/\/www.marchisone.com.ar\/w\/#organization","name":"MARCHISONE","url":"https:\/\/www.marchisone.com.ar\/w\/","logo":{"@type":"ImageObject","inLanguage":"es","@id":"https:\/\/www.marchisone.com.ar\/w\/#\/schema\/logo\/image\/","url":"https:\/\/www.marchisone.com.ar\/w\/wp-content\/uploads\/logo-4-web.png","contentUrl":"https:\/\/www.marchisone.com.ar\/w\/wp-content\/uploads\/logo-4-web.png","width":400,"height":60,"caption":"MARCHISONE"},"image":{"@id":"https:\/\/www.marchisone.com.ar\/w\/#\/schema\/logo\/image\/"}}]}},"brands":[{"id":67,"name":"Kushiro","slug":"kushiro"}],"_links":{"self":[{"href":"https:\/\/www.marchisone.com.ar\/w\/wp-json\/wp\/v2\/product\/3309","targetHints":{"allow":["GET"]}}],"collection":[{"href":"https:\/\/www.marchisone.com.ar\/w\/wp-json\/wp\/v2\/product"}],"about":[{"href":"https:\/\/www.marchisone.com.ar\/w\/wp-json\/wp\/v2\/types\/product"}],"wp:featuredmedia":[{"embeddable":true,"href":"https:\/\/www.marchisone.com.ar\/w\/wp-json\/wp\/v2\/media\/3310"}],"wp:attachment":[{"href":"https:\/\/www.marchisone.com.ar\/w\/wp-json\/wp\/v2\/media?parent=3309"}],"wp:term":[{"taxonomy":"pwb-brand","embeddable":true,"href":"https:\/\/www.marchisone.com.ar\/w\/wp-json\/wp\/v2\/pwb-brand?post=3309"},{"taxonomy":"product_brand","embeddable":true,"href":"https:\/\/www.marchisone.com.ar\/w\/wp-json\/wp\/v2\/product_brand?post=3309"},{"taxonomy":"product_cat","embeddable":true,"href":"https:\/\/www.marchisone.com.ar\/w\/wp-json\/wp\/v2\/product_cat?post=3309"},{"taxonomy":"product_tag","embeddable":true,"href":"https:\/\/www.marchisone.com.ar\/w\/wp-json\/wp\/v2\/product_tag?post=3309"}],"curies":[{"name":"wp","href":"https:\/\/api.w.org\/{rel}","templated":true}]}}