{"id":3245,"date":"2022-04-12T18:46:02","date_gmt":"2022-04-12T18:46:02","guid":{"rendered":"https:\/\/www.marchisone.com.ar\/w\/?post_type=product&#038;p=3245"},"modified":"2022-04-12T18:46:02","modified_gmt":"2022-04-12T18:46:02","slug":"eslinga-con-combinacion-surtido-de-colores","status":"publish","type":"product","link":"https:\/\/www.marchisone.com.ar\/w\/producto\/eslinga-con-combinacion-surtido-de-colores\/","title":{"rendered":"Eslinga con combinaci\u00f3n surtido de colores"},"content":{"rendered":"<ul>\n<li>Medidas: 22 mm (ancho), 1200 mm (largo)<\/li>\n<li>Cerradura de 5 d\u00edgitos<\/li>\n<li>Cadena tipo pit\u00f3n<\/li>\n<li>Color: 9 unidades negras y 9 unidades rojas<\/li>\n<\/ul>\n","protected":false},"excerpt":{"rendered":"<p>Medidas: 22 mm (ancho), 1200 mm (largo) Cerradura de 5 d\u00edgitos Cadena tipo pit\u00f3n Color: 9 unidades negras y 9 unidades rojas<\/p>\n","protected":false},"featured_media":0,"template":"","meta":{"_acf_changed":false},"pwb-brand":[133],"product_brand":[],"product_cat":[52],"product_tag":[],"class_list":{"0":"post-3245","1":"product","2":"type-product","3":"status-publish","5":"pwb-brand-kuest","6":"product_cat-elementos-de-proteccion","8":"first","9":"instock","10":"shipping-taxable","11":"product-type-simple"},"acf":[],"yoast_head":"<!-- This site is optimized with the Yoast SEO plugin v26.8 - https:\/\/yoast.com\/product\/yoast-seo-wordpress\/ -->\n<title>Eslinga con combinaci\u00f3n surtido de colores - MARCHISONE<\/title>\n<meta name=\"robots\" content=\"index, follow, max-snippet:-1, max-image-preview:large, max-video-preview:-1\" \/>\n<link rel=\"canonical\" href=\"https:\/\/www.marchisone.com.ar\/w\/producto\/eslinga-con-combinacion-surtido-de-colores\/\" \/>\n<meta property=\"og:locale\" content=\"es_ES\" \/>\n<meta property=\"og:type\" content=\"article\" \/>\n<meta property=\"og:title\" content=\"Eslinga con combinaci\u00f3n surtido de colores - MARCHISONE\" \/>\n<meta property=\"og:description\" content=\"Medidas: 22 mm (ancho), 1200 mm (largo) Cerradura de 5 d\u00edgitos Cadena tipo pit\u00f3n Color: 9 unidades negras y 9 unidades rojas\" \/>\n<meta property=\"og:url\" content=\"https:\/\/www.marchisone.com.ar\/w\/producto\/eslinga-con-combinacion-surtido-de-colores\/\" \/>\n<meta property=\"og:site_name\" content=\"MARCHISONE\" \/>\n<meta name=\"twitter:card\" content=\"summary_large_image\" \/>\n<script type=\"application\/ld+json\" class=\"yoast-schema-graph\">{\"@context\":\"https:\/\/schema.org\",\"@graph\":[{\"@type\":\"WebPage\",\"@id\":\"https:\/\/www.marchisone.com.ar\/w\/producto\/eslinga-con-combinacion-surtido-de-colores\/\",\"url\":\"https:\/\/www.marchisone.com.ar\/w\/producto\/eslinga-con-combinacion-surtido-de-colores\/\",\"name\":\"Eslinga con combinaci\u00f3n surtido de colores - MARCHISONE\",\"isPartOf\":{\"@id\":\"https:\/\/www.marchisone.com.ar\/w\/#website\"},\"datePublished\":\"2022-04-12T18:46:02+00:00\",\"breadcrumb\":{\"@id\":\"https:\/\/www.marchisone.com.ar\/w\/producto\/eslinga-con-combinacion-surtido-de-colores\/#breadcrumb\"},\"inLanguage\":\"es\",\"potentialAction\":[{\"@type\":\"ReadAction\",\"target\":[\"https:\/\/www.marchisone.com.ar\/w\/producto\/eslinga-con-combinacion-surtido-de-colores\/\"]}]},{\"@type\":\"BreadcrumbList\",\"@id\":\"https:\/\/www.marchisone.com.ar\/w\/producto\/eslinga-con-combinacion-surtido-de-colores\/#breadcrumb\",\"itemListElement\":[{\"@type\":\"ListItem\",\"position\":1,\"name\":\"Portada\",\"item\":\"https:\/\/www.marchisone.com.ar\/w\/\"},{\"@type\":\"ListItem\",\"position\":2,\"name\":\"Tienda\",\"item\":\"https:\/\/www.marchisone.com.ar\/w\/tienda\/\"},{\"@type\":\"ListItem\",\"position\":3,\"name\":\"Eslinga con combinaci\u00f3n surtido de colores\"}]},{\"@type\":\"WebSite\",\"@id\":\"https:\/\/www.marchisone.com.ar\/w\/#website\",\"url\":\"https:\/\/www.marchisone.com.ar\/w\/\",\"name\":\"MARCHISONE\",\"description\":\"\",\"publisher\":{\"@id\":\"https:\/\/www.marchisone.com.ar\/w\/#organization\"},\"potentialAction\":[{\"@type\":\"SearchAction\",\"target\":{\"@type\":\"EntryPoint\",\"urlTemplate\":\"https:\/\/www.marchisone.com.ar\/w\/?s={search_term_string}\"},\"query-input\":{\"@type\":\"PropertyValueSpecification\",\"valueRequired\":true,\"valueName\":\"search_term_string\"}}],\"inLanguage\":\"es\"},{\"@type\":\"Organization\",\"@id\":\"https:\/\/www.marchisone.com.ar\/w\/#organization\",\"name\":\"MARCHISONE\",\"url\":\"https:\/\/www.marchisone.com.ar\/w\/\",\"logo\":{\"@type\":\"ImageObject\",\"inLanguage\":\"es\",\"@id\":\"https:\/\/www.marchisone.com.ar\/w\/#\/schema\/logo\/image\/\",\"url\":\"https:\/\/www.marchisone.com.ar\/w\/wp-content\/uploads\/logo-4-web.png\",\"contentUrl\":\"https:\/\/www.marchisone.com.ar\/w\/wp-content\/uploads\/logo-4-web.png\",\"width\":400,\"height\":60,\"caption\":\"MARCHISONE\"},\"image\":{\"@id\":\"https:\/\/www.marchisone.com.ar\/w\/#\/schema\/logo\/image\/\"}}]}<\/script>\n<!-- \/ Yoast SEO plugin. -->","yoast_head_json":{"title":"Eslinga con combinaci\u00f3n surtido de colores - MARCHISONE","robots":{"index":"index","follow":"follow","max-snippet":"max-snippet:-1","max-image-preview":"max-image-preview:large","max-video-preview":"max-video-preview:-1"},"canonical":"https:\/\/www.marchisone.com.ar\/w\/producto\/eslinga-con-combinacion-surtido-de-colores\/","og_locale":"es_ES","og_type":"article","og_title":"Eslinga con combinaci\u00f3n surtido de colores - MARCHISONE","og_description":"Medidas: 22 mm (ancho), 1200 mm (largo) Cerradura de 5 d\u00edgitos Cadena tipo pit\u00f3n Color: 9 unidades negras y 9 unidades rojas","og_url":"https:\/\/www.marchisone.com.ar\/w\/producto\/eslinga-con-combinacion-surtido-de-colores\/","og_site_name":"MARCHISONE","twitter_card":"summary_large_image","schema":{"@context":"https:\/\/schema.org","@graph":[{"@type":"WebPage","@id":"https:\/\/www.marchisone.com.ar\/w\/producto\/eslinga-con-combinacion-surtido-de-colores\/","url":"https:\/\/www.marchisone.com.ar\/w\/producto\/eslinga-con-combinacion-surtido-de-colores\/","name":"Eslinga con combinaci\u00f3n surtido de colores - MARCHISONE","isPartOf":{"@id":"https:\/\/www.marchisone.com.ar\/w\/#website"},"datePublished":"2022-04-12T18:46:02+00:00","breadcrumb":{"@id":"https:\/\/www.marchisone.com.ar\/w\/producto\/eslinga-con-combinacion-surtido-de-colores\/#breadcrumb"},"inLanguage":"es","potentialAction":[{"@type":"ReadAction","target":["https:\/\/www.marchisone.com.ar\/w\/producto\/eslinga-con-combinacion-surtido-de-colores\/"]}]},{"@type":"BreadcrumbList","@id":"https:\/\/www.marchisone.com.ar\/w\/producto\/eslinga-con-combinacion-surtido-de-colores\/#breadcrumb","itemListElement":[{"@type":"ListItem","position":1,"name":"Portada","item":"https:\/\/www.marchisone.com.ar\/w\/"},{"@type":"ListItem","position":2,"name":"Tienda","item":"https:\/\/www.marchisone.com.ar\/w\/tienda\/"},{"@type":"ListItem","position":3,"name":"Eslinga con combinaci\u00f3n surtido de colores"}]},{"@type":"WebSite","@id":"https:\/\/www.marchisone.com.ar\/w\/#website","url":"https:\/\/www.marchisone.com.ar\/w\/","name":"MARCHISONE","description":"","publisher":{"@id":"https:\/\/www.marchisone.com.ar\/w\/#organization"},"potentialAction":[{"@type":"SearchAction","target":{"@type":"EntryPoint","urlTemplate":"https:\/\/www.marchisone.com.ar\/w\/?s={search_term_string}"},"query-input":{"@type":"PropertyValueSpecification","valueRequired":true,"valueName":"search_term_string"}}],"inLanguage":"es"},{"@type":"Organization","@id":"https:\/\/www.marchisone.com.ar\/w\/#organization","name":"MARCHISONE","url":"https:\/\/www.marchisone.com.ar\/w\/","logo":{"@type":"ImageObject","inLanguage":"es","@id":"https:\/\/www.marchisone.com.ar\/w\/#\/schema\/logo\/image\/","url":"https:\/\/www.marchisone.com.ar\/w\/wp-content\/uploads\/logo-4-web.png","contentUrl":"https:\/\/www.marchisone.com.ar\/w\/wp-content\/uploads\/logo-4-web.png","width":400,"height":60,"caption":"MARCHISONE"},"image":{"@id":"https:\/\/www.marchisone.com.ar\/w\/#\/schema\/logo\/image\/"}}]}},"brands":[{"id":133,"name":"Kuest","slug":"kuest"}],"_links":{"self":[{"href":"https:\/\/www.marchisone.com.ar\/w\/wp-json\/wp\/v2\/product\/3245","targetHints":{"allow":["GET"]}}],"collection":[{"href":"https:\/\/www.marchisone.com.ar\/w\/wp-json\/wp\/v2\/product"}],"about":[{"href":"https:\/\/www.marchisone.com.ar\/w\/wp-json\/wp\/v2\/types\/product"}],"wp:attachment":[{"href":"https:\/\/www.marchisone.com.ar\/w\/wp-json\/wp\/v2\/media?parent=3245"}],"wp:term":[{"taxonomy":"pwb-brand","embeddable":true,"href":"https:\/\/www.marchisone.com.ar\/w\/wp-json\/wp\/v2\/pwb-brand?post=3245"},{"taxonomy":"product_brand","embeddable":true,"href":"https:\/\/www.marchisone.com.ar\/w\/wp-json\/wp\/v2\/product_brand?post=3245"},{"taxonomy":"product_cat","embeddable":true,"href":"https:\/\/www.marchisone.com.ar\/w\/wp-json\/wp\/v2\/product_cat?post=3245"},{"taxonomy":"product_tag","embeddable":true,"href":"https:\/\/www.marchisone.com.ar\/w\/wp-json\/wp\/v2\/product_tag?post=3245"}],"curies":[{"name":"wp","href":"https:\/\/api.w.org\/{rel}","templated":true}]}}