{"id":3153,"date":"2022-04-08T13:30:01","date_gmt":"2022-04-08T13:30:01","guid":{"rendered":"https:\/\/www.marchisone.com.ar\/w\/?post_type=product&#038;p=3153"},"modified":"2022-04-08T13:30:01","modified_gmt":"2022-04-08T13:30:01","slug":"desague-lineal-02a-30-cm","status":"publish","type":"product","link":"https:\/\/www.marchisone.com.ar\/w\/producto\/desague-lineal-02a-30-cm\/","title":{"rendered":"Desag\u00fce lineal 02A 30 cm"},"content":{"rendered":"<ul>\n<li>Material: acero inoxidable 304<\/li>\n<li>Vista: reversible ciega o para revestimiento<\/li>\n<li>Terminaci\u00f3n: satinado<\/li>\n<li>Largo: 300 mm<\/li>\n<li>Ancho: 70 mm<\/li>\n<li>Alto: 68 cm<\/li>\n<li>Salida \u00d840 mm<\/li>\n<li>Caudal de desagote: 30 l. \/ min.<\/li>\n<li>Altura regulable: 68 a 90 mm<\/li>\n<li>Adaptador \u00d840 mm \/ \u00d850 mm<\/li>\n<li>Sif\u00f3n ABS con filtro de f\u00e1cil limpieza<\/li>\n<li>Gancho para extracci\u00f3n de rejilla<\/li>\n<\/ul>\n","protected":false},"excerpt":{"rendered":"<p>Material: acero inoxidable 304 Vista: reversible ciega o para revestimiento Terminaci\u00f3n: satinado Largo: 300 mm Ancho: 70 mm Alto: 68 cm Salida \u00d840 mm Caudal de desagote: 30 l. \/ min. Altura regulable: 68 a 90 mm Adaptador \u00d840 mm \/ \u00d850 mm Sif\u00f3n ABS con filtro de f\u00e1cil limpieza Gancho para extracci\u00f3n de rejilla<\/p>\n","protected":false},"featured_media":3154,"template":"","meta":{"_acf_changed":false},"pwb-brand":[115],"product_brand":[],"product_cat":[34],"product_tag":[],"class_list":{"0":"post-3153","1":"product","2":"type-product","3":"status-publish","4":"has-post-thumbnail","6":"pwb-brand-gloa","7":"product_cat-sanitarios","9":"first","10":"instock","11":"shipping-taxable","12":"product-type-simple"},"acf":[],"yoast_head":"<!-- This site is optimized with the Yoast SEO plugin v26.8 - https:\/\/yoast.com\/product\/yoast-seo-wordpress\/ -->\n<title>Desag\u00fce lineal 02A 30 cm - MARCHISONE<\/title>\n<meta name=\"robots\" content=\"index, follow, max-snippet:-1, max-image-preview:large, max-video-preview:-1\" \/>\n<link rel=\"canonical\" href=\"https:\/\/www.marchisone.com.ar\/w\/producto\/desague-lineal-02a-30-cm\/\" \/>\n<meta property=\"og:locale\" content=\"es_ES\" \/>\n<meta property=\"og:type\" content=\"article\" \/>\n<meta property=\"og:title\" content=\"Desag\u00fce lineal 02A 30 cm - MARCHISONE\" \/>\n<meta property=\"og:description\" content=\"Material: acero inoxidable 304 Vista: reversible ciega o para revestimiento Terminaci\u00f3n: satinado Largo: 300 mm Ancho: 70 mm Alto: 68 cm Salida \u00d840 mm Caudal de desagote: 30 l. \/ min. Altura regulable: 68 a 90 mm Adaptador \u00d840 mm \/ \u00d850 mm Sif\u00f3n ABS con filtro de f\u00e1cil limpieza Gancho para extracci\u00f3n de rejilla\" \/>\n<meta property=\"og:url\" content=\"https:\/\/www.marchisone.com.ar\/w\/producto\/desague-lineal-02a-30-cm\/\" \/>\n<meta property=\"og:site_name\" content=\"MARCHISONE\" \/>\n<meta property=\"og:image\" content=\"https:\/\/www.marchisone.com.ar\/w\/wp-content\/uploads\/CEGDES00006_1.jpg\" \/>\n\t<meta property=\"og:image:width\" content=\"1200\" \/>\n\t<meta property=\"og:image:height\" content=\"900\" \/>\n\t<meta property=\"og:image:type\" content=\"image\/jpeg\" \/>\n<meta name=\"twitter:card\" content=\"summary_large_image\" \/>\n<script type=\"application\/ld+json\" class=\"yoast-schema-graph\">{\"@context\":\"https:\/\/schema.org\",\"@graph\":[{\"@type\":\"WebPage\",\"@id\":\"https:\/\/www.marchisone.com.ar\/w\/producto\/desague-lineal-02a-30-cm\/\",\"url\":\"https:\/\/www.marchisone.com.ar\/w\/producto\/desague-lineal-02a-30-cm\/\",\"name\":\"Desag\u00fce lineal 02A 30 cm - MARCHISONE\",\"isPartOf\":{\"@id\":\"https:\/\/www.marchisone.com.ar\/w\/#website\"},\"primaryImageOfPage\":{\"@id\":\"https:\/\/www.marchisone.com.ar\/w\/producto\/desague-lineal-02a-30-cm\/#primaryimage\"},\"image\":{\"@id\":\"https:\/\/www.marchisone.com.ar\/w\/producto\/desague-lineal-02a-30-cm\/#primaryimage\"},\"thumbnailUrl\":\"https:\/\/www.marchisone.com.ar\/w\/wp-content\/uploads\/CEGDES00006_1.jpg\",\"datePublished\":\"2022-04-08T13:30:01+00:00\",\"breadcrumb\":{\"@id\":\"https:\/\/www.marchisone.com.ar\/w\/producto\/desague-lineal-02a-30-cm\/#breadcrumb\"},\"inLanguage\":\"es\",\"potentialAction\":[{\"@type\":\"ReadAction\",\"target\":[\"https:\/\/www.marchisone.com.ar\/w\/producto\/desague-lineal-02a-30-cm\/\"]}]},{\"@type\":\"ImageObject\",\"inLanguage\":\"es\",\"@id\":\"https:\/\/www.marchisone.com.ar\/w\/producto\/desague-lineal-02a-30-cm\/#primaryimage\",\"url\":\"https:\/\/www.marchisone.com.ar\/w\/wp-content\/uploads\/CEGDES00006_1.jpg\",\"contentUrl\":\"https:\/\/www.marchisone.com.ar\/w\/wp-content\/uploads\/CEGDES00006_1.jpg\",\"width\":1200,\"height\":900},{\"@type\":\"BreadcrumbList\",\"@id\":\"https:\/\/www.marchisone.com.ar\/w\/producto\/desague-lineal-02a-30-cm\/#breadcrumb\",\"itemListElement\":[{\"@type\":\"ListItem\",\"position\":1,\"name\":\"Portada\",\"item\":\"https:\/\/www.marchisone.com.ar\/w\/\"},{\"@type\":\"ListItem\",\"position\":2,\"name\":\"Tienda\",\"item\":\"https:\/\/www.marchisone.com.ar\/w\/tienda\/\"},{\"@type\":\"ListItem\",\"position\":3,\"name\":\"Desag\u00fce lineal 02A 30 cm\"}]},{\"@type\":\"WebSite\",\"@id\":\"https:\/\/www.marchisone.com.ar\/w\/#website\",\"url\":\"https:\/\/www.marchisone.com.ar\/w\/\",\"name\":\"MARCHISONE\",\"description\":\"\",\"publisher\":{\"@id\":\"https:\/\/www.marchisone.com.ar\/w\/#organization\"},\"potentialAction\":[{\"@type\":\"SearchAction\",\"target\":{\"@type\":\"EntryPoint\",\"urlTemplate\":\"https:\/\/www.marchisone.com.ar\/w\/?s={search_term_string}\"},\"query-input\":{\"@type\":\"PropertyValueSpecification\",\"valueRequired\":true,\"valueName\":\"search_term_string\"}}],\"inLanguage\":\"es\"},{\"@type\":\"Organization\",\"@id\":\"https:\/\/www.marchisone.com.ar\/w\/#organization\",\"name\":\"MARCHISONE\",\"url\":\"https:\/\/www.marchisone.com.ar\/w\/\",\"logo\":{\"@type\":\"ImageObject\",\"inLanguage\":\"es\",\"@id\":\"https:\/\/www.marchisone.com.ar\/w\/#\/schema\/logo\/image\/\",\"url\":\"https:\/\/www.marchisone.com.ar\/w\/wp-content\/uploads\/logo-4-web.png\",\"contentUrl\":\"https:\/\/www.marchisone.com.ar\/w\/wp-content\/uploads\/logo-4-web.png\",\"width\":400,\"height\":60,\"caption\":\"MARCHISONE\"},\"image\":{\"@id\":\"https:\/\/www.marchisone.com.ar\/w\/#\/schema\/logo\/image\/\"}}]}<\/script>\n<!-- \/ Yoast SEO plugin. -->","yoast_head_json":{"title":"Desag\u00fce lineal 02A 30 cm - MARCHISONE","robots":{"index":"index","follow":"follow","max-snippet":"max-snippet:-1","max-image-preview":"max-image-preview:large","max-video-preview":"max-video-preview:-1"},"canonical":"https:\/\/www.marchisone.com.ar\/w\/producto\/desague-lineal-02a-30-cm\/","og_locale":"es_ES","og_type":"article","og_title":"Desag\u00fce lineal 02A 30 cm - MARCHISONE","og_description":"Material: acero inoxidable 304 Vista: reversible ciega o para revestimiento Terminaci\u00f3n: satinado Largo: 300 mm Ancho: 70 mm Alto: 68 cm Salida \u00d840 mm Caudal de desagote: 30 l. \/ min. Altura regulable: 68 a 90 mm Adaptador \u00d840 mm \/ \u00d850 mm Sif\u00f3n ABS con filtro de f\u00e1cil limpieza Gancho para extracci\u00f3n de rejilla","og_url":"https:\/\/www.marchisone.com.ar\/w\/producto\/desague-lineal-02a-30-cm\/","og_site_name":"MARCHISONE","og_image":[{"width":1200,"height":900,"url":"https:\/\/www.marchisone.com.ar\/w\/wp-content\/uploads\/CEGDES00006_1.jpg","type":"image\/jpeg"}],"twitter_card":"summary_large_image","schema":{"@context":"https:\/\/schema.org","@graph":[{"@type":"WebPage","@id":"https:\/\/www.marchisone.com.ar\/w\/producto\/desague-lineal-02a-30-cm\/","url":"https:\/\/www.marchisone.com.ar\/w\/producto\/desague-lineal-02a-30-cm\/","name":"Desag\u00fce lineal 02A 30 cm - MARCHISONE","isPartOf":{"@id":"https:\/\/www.marchisone.com.ar\/w\/#website"},"primaryImageOfPage":{"@id":"https:\/\/www.marchisone.com.ar\/w\/producto\/desague-lineal-02a-30-cm\/#primaryimage"},"image":{"@id":"https:\/\/www.marchisone.com.ar\/w\/producto\/desague-lineal-02a-30-cm\/#primaryimage"},"thumbnailUrl":"https:\/\/www.marchisone.com.ar\/w\/wp-content\/uploads\/CEGDES00006_1.jpg","datePublished":"2022-04-08T13:30:01+00:00","breadcrumb":{"@id":"https:\/\/www.marchisone.com.ar\/w\/producto\/desague-lineal-02a-30-cm\/#breadcrumb"},"inLanguage":"es","potentialAction":[{"@type":"ReadAction","target":["https:\/\/www.marchisone.com.ar\/w\/producto\/desague-lineal-02a-30-cm\/"]}]},{"@type":"ImageObject","inLanguage":"es","@id":"https:\/\/www.marchisone.com.ar\/w\/producto\/desague-lineal-02a-30-cm\/#primaryimage","url":"https:\/\/www.marchisone.com.ar\/w\/wp-content\/uploads\/CEGDES00006_1.jpg","contentUrl":"https:\/\/www.marchisone.com.ar\/w\/wp-content\/uploads\/CEGDES00006_1.jpg","width":1200,"height":900},{"@type":"BreadcrumbList","@id":"https:\/\/www.marchisone.com.ar\/w\/producto\/desague-lineal-02a-30-cm\/#breadcrumb","itemListElement":[{"@type":"ListItem","position":1,"name":"Portada","item":"https:\/\/www.marchisone.com.ar\/w\/"},{"@type":"ListItem","position":2,"name":"Tienda","item":"https:\/\/www.marchisone.com.ar\/w\/tienda\/"},{"@type":"ListItem","position":3,"name":"Desag\u00fce lineal 02A 30 cm"}]},{"@type":"WebSite","@id":"https:\/\/www.marchisone.com.ar\/w\/#website","url":"https:\/\/www.marchisone.com.ar\/w\/","name":"MARCHISONE","description":"","publisher":{"@id":"https:\/\/www.marchisone.com.ar\/w\/#organization"},"potentialAction":[{"@type":"SearchAction","target":{"@type":"EntryPoint","urlTemplate":"https:\/\/www.marchisone.com.ar\/w\/?s={search_term_string}"},"query-input":{"@type":"PropertyValueSpecification","valueRequired":true,"valueName":"search_term_string"}}],"inLanguage":"es"},{"@type":"Organization","@id":"https:\/\/www.marchisone.com.ar\/w\/#organization","name":"MARCHISONE","url":"https:\/\/www.marchisone.com.ar\/w\/","logo":{"@type":"ImageObject","inLanguage":"es","@id":"https:\/\/www.marchisone.com.ar\/w\/#\/schema\/logo\/image\/","url":"https:\/\/www.marchisone.com.ar\/w\/wp-content\/uploads\/logo-4-web.png","contentUrl":"https:\/\/www.marchisone.com.ar\/w\/wp-content\/uploads\/logo-4-web.png","width":400,"height":60,"caption":"MARCHISONE"},"image":{"@id":"https:\/\/www.marchisone.com.ar\/w\/#\/schema\/logo\/image\/"}}]}},"brands":[{"id":115,"name":"Gloa","slug":"gloa"}],"_links":{"self":[{"href":"https:\/\/www.marchisone.com.ar\/w\/wp-json\/wp\/v2\/product\/3153","targetHints":{"allow":["GET"]}}],"collection":[{"href":"https:\/\/www.marchisone.com.ar\/w\/wp-json\/wp\/v2\/product"}],"about":[{"href":"https:\/\/www.marchisone.com.ar\/w\/wp-json\/wp\/v2\/types\/product"}],"wp:featuredmedia":[{"embeddable":true,"href":"https:\/\/www.marchisone.com.ar\/w\/wp-json\/wp\/v2\/media\/3154"}],"wp:attachment":[{"href":"https:\/\/www.marchisone.com.ar\/w\/wp-json\/wp\/v2\/media?parent=3153"}],"wp:term":[{"taxonomy":"pwb-brand","embeddable":true,"href":"https:\/\/www.marchisone.com.ar\/w\/wp-json\/wp\/v2\/pwb-brand?post=3153"},{"taxonomy":"product_brand","embeddable":true,"href":"https:\/\/www.marchisone.com.ar\/w\/wp-json\/wp\/v2\/product_brand?post=3153"},{"taxonomy":"product_cat","embeddable":true,"href":"https:\/\/www.marchisone.com.ar\/w\/wp-json\/wp\/v2\/product_cat?post=3153"},{"taxonomy":"product_tag","embeddable":true,"href":"https:\/\/www.marchisone.com.ar\/w\/wp-json\/wp\/v2\/product_tag?post=3153"}],"curies":[{"name":"wp","href":"https:\/\/api.w.org\/{rel}","templated":true}]}}