{"id":3116,"date":"2022-04-07T21:09:59","date_gmt":"2022-04-07T21:09:59","guid":{"rendered":"https:\/\/www.marchisone.com.ar\/w\/?post_type=product&#038;p=3116"},"modified":"2022-04-07T21:10:00","modified_gmt":"2022-04-07T21:10:00","slug":"cortina-blackout-de-150-cm-x-160-cm-con-sistema-roller","status":"publish","type":"product","link":"https:\/\/www.marchisone.com.ar\/w\/producto\/cortina-blackout-de-150-cm-x-160-cm-con-sistema-roller\/","title":{"rendered":"Cortina blackout de 150 cm \u00d7 160 cm con sistema roller"},"content":{"rendered":"<ul>\n<li>Medidas: 150 cm de ancho \u00d7 160 cm de alto<\/li>\n<li>Material: PVC de 430 g\/m\u00b2<\/li>\n<li>Color: blanco<\/li>\n<li>3 capas de material t\u00e9rmicamente aislante<\/li>\n<li>100% de bloqueo de luz<\/li>\n<li>Soportes de metal<\/li>\n<li>Cadena y sistema pl\u00e1stico<\/li>\n<li>Tubo de aluminio de 38 mm<\/li>\n<li>Z\u00f3calo de PVC<\/li>\n<li>Incluye accesorios para anclaje<\/li>\n<\/ul>\n","protected":false},"excerpt":{"rendered":"<p>Medidas: 150 cm de ancho \u00d7 160 cm de alto Material: PVC de 430 g\/m\u00b2 Color: blanco 3 capas de material t\u00e9rmicamente aislante 100% de bloqueo de luz Soportes de metal Cadena y sistema pl\u00e1stico Tubo de aluminio de 38 mm Z\u00f3calo de PVC Incluye accesorios para anclaje<\/p>\n","protected":false},"featured_media":3117,"template":"","meta":{"_acf_changed":false},"pwb-brand":[106],"product_brand":[],"product_cat":[128],"product_tag":[],"class_list":{"0":"post-3116","1":"product","2":"type-product","3":"status-publish","4":"has-post-thumbnail","6":"pwb-brand-vonne","7":"product_cat-deco","9":"first","10":"instock","11":"shipping-taxable","12":"product-type-simple"},"acf":[],"yoast_head":"<!-- This site is optimized with the Yoast SEO plugin v26.8 - https:\/\/yoast.com\/product\/yoast-seo-wordpress\/ -->\n<title>Cortina blackout de 150 cm \u00d7 160 cm con sistema roller - MARCHISONE<\/title>\n<meta name=\"robots\" content=\"index, follow, max-snippet:-1, max-image-preview:large, max-video-preview:-1\" \/>\n<link rel=\"canonical\" href=\"https:\/\/www.marchisone.com.ar\/w\/producto\/cortina-blackout-de-150-cm-x-160-cm-con-sistema-roller\/\" \/>\n<meta property=\"og:locale\" content=\"es_ES\" \/>\n<meta property=\"og:type\" content=\"article\" \/>\n<meta property=\"og:title\" content=\"Cortina blackout de 150 cm \u00d7 160 cm con sistema roller - MARCHISONE\" \/>\n<meta property=\"og:description\" content=\"Medidas: 150 cm de ancho \u00d7 160 cm de alto Material: PVC de 430 g\/m\u00b2 Color: blanco 3 capas de material t\u00e9rmicamente aislante 100% de bloqueo de luz Soportes de metal Cadena y sistema pl\u00e1stico Tubo de aluminio de 38 mm Z\u00f3calo de PVC Incluye accesorios para anclaje\" \/>\n<meta property=\"og:url\" content=\"https:\/\/www.marchisone.com.ar\/w\/producto\/cortina-blackout-de-150-cm-x-160-cm-con-sistema-roller\/\" \/>\n<meta property=\"og:site_name\" content=\"MARCHISONE\" \/>\n<meta property=\"article:modified_time\" content=\"2022-04-07T21:10:00+00:00\" \/>\n<meta property=\"og:image\" content=\"https:\/\/www.marchisone.com.ar\/w\/wp-content\/uploads\/CEGCOR00004_1.jpg\" \/>\n\t<meta property=\"og:image:width\" content=\"1200\" \/>\n\t<meta property=\"og:image:height\" content=\"900\" \/>\n\t<meta property=\"og:image:type\" content=\"image\/jpeg\" \/>\n<meta name=\"twitter:card\" content=\"summary_large_image\" \/>\n<meta name=\"twitter:label1\" content=\"Tiempo de lectura\" \/>\n\t<meta name=\"twitter:data1\" content=\"1 minuto\" \/>\n<script type=\"application\/ld+json\" class=\"yoast-schema-graph\">{\"@context\":\"https:\/\/schema.org\",\"@graph\":[{\"@type\":\"WebPage\",\"@id\":\"https:\/\/www.marchisone.com.ar\/w\/producto\/cortina-blackout-de-150-cm-x-160-cm-con-sistema-roller\/\",\"url\":\"https:\/\/www.marchisone.com.ar\/w\/producto\/cortina-blackout-de-150-cm-x-160-cm-con-sistema-roller\/\",\"name\":\"Cortina blackout de 150 cm \u00d7 160 cm con sistema roller - MARCHISONE\",\"isPartOf\":{\"@id\":\"https:\/\/www.marchisone.com.ar\/w\/#website\"},\"primaryImageOfPage\":{\"@id\":\"https:\/\/www.marchisone.com.ar\/w\/producto\/cortina-blackout-de-150-cm-x-160-cm-con-sistema-roller\/#primaryimage\"},\"image\":{\"@id\":\"https:\/\/www.marchisone.com.ar\/w\/producto\/cortina-blackout-de-150-cm-x-160-cm-con-sistema-roller\/#primaryimage\"},\"thumbnailUrl\":\"https:\/\/www.marchisone.com.ar\/w\/wp-content\/uploads\/CEGCOR00004_1.jpg\",\"datePublished\":\"2022-04-07T21:09:59+00:00\",\"dateModified\":\"2022-04-07T21:10:00+00:00\",\"breadcrumb\":{\"@id\":\"https:\/\/www.marchisone.com.ar\/w\/producto\/cortina-blackout-de-150-cm-x-160-cm-con-sistema-roller\/#breadcrumb\"},\"inLanguage\":\"es\",\"potentialAction\":[{\"@type\":\"ReadAction\",\"target\":[\"https:\/\/www.marchisone.com.ar\/w\/producto\/cortina-blackout-de-150-cm-x-160-cm-con-sistema-roller\/\"]}]},{\"@type\":\"ImageObject\",\"inLanguage\":\"es\",\"@id\":\"https:\/\/www.marchisone.com.ar\/w\/producto\/cortina-blackout-de-150-cm-x-160-cm-con-sistema-roller\/#primaryimage\",\"url\":\"https:\/\/www.marchisone.com.ar\/w\/wp-content\/uploads\/CEGCOR00004_1.jpg\",\"contentUrl\":\"https:\/\/www.marchisone.com.ar\/w\/wp-content\/uploads\/CEGCOR00004_1.jpg\",\"width\":1200,\"height\":900},{\"@type\":\"BreadcrumbList\",\"@id\":\"https:\/\/www.marchisone.com.ar\/w\/producto\/cortina-blackout-de-150-cm-x-160-cm-con-sistema-roller\/#breadcrumb\",\"itemListElement\":[{\"@type\":\"ListItem\",\"position\":1,\"name\":\"Portada\",\"item\":\"https:\/\/www.marchisone.com.ar\/w\/\"},{\"@type\":\"ListItem\",\"position\":2,\"name\":\"Tienda\",\"item\":\"https:\/\/www.marchisone.com.ar\/w\/tienda\/\"},{\"@type\":\"ListItem\",\"position\":3,\"name\":\"Cortina blackout de 150 cm \u00d7 160 cm con sistema roller\"}]},{\"@type\":\"WebSite\",\"@id\":\"https:\/\/www.marchisone.com.ar\/w\/#website\",\"url\":\"https:\/\/www.marchisone.com.ar\/w\/\",\"name\":\"MARCHISONE\",\"description\":\"\",\"publisher\":{\"@id\":\"https:\/\/www.marchisone.com.ar\/w\/#organization\"},\"potentialAction\":[{\"@type\":\"SearchAction\",\"target\":{\"@type\":\"EntryPoint\",\"urlTemplate\":\"https:\/\/www.marchisone.com.ar\/w\/?s={search_term_string}\"},\"query-input\":{\"@type\":\"PropertyValueSpecification\",\"valueRequired\":true,\"valueName\":\"search_term_string\"}}],\"inLanguage\":\"es\"},{\"@type\":\"Organization\",\"@id\":\"https:\/\/www.marchisone.com.ar\/w\/#organization\",\"name\":\"MARCHISONE\",\"url\":\"https:\/\/www.marchisone.com.ar\/w\/\",\"logo\":{\"@type\":\"ImageObject\",\"inLanguage\":\"es\",\"@id\":\"https:\/\/www.marchisone.com.ar\/w\/#\/schema\/logo\/image\/\",\"url\":\"https:\/\/www.marchisone.com.ar\/w\/wp-content\/uploads\/logo-4-web.png\",\"contentUrl\":\"https:\/\/www.marchisone.com.ar\/w\/wp-content\/uploads\/logo-4-web.png\",\"width\":400,\"height\":60,\"caption\":\"MARCHISONE\"},\"image\":{\"@id\":\"https:\/\/www.marchisone.com.ar\/w\/#\/schema\/logo\/image\/\"}}]}<\/script>\n<!-- \/ Yoast SEO plugin. -->","yoast_head_json":{"title":"Cortina blackout de 150 cm \u00d7 160 cm con sistema roller - MARCHISONE","robots":{"index":"index","follow":"follow","max-snippet":"max-snippet:-1","max-image-preview":"max-image-preview:large","max-video-preview":"max-video-preview:-1"},"canonical":"https:\/\/www.marchisone.com.ar\/w\/producto\/cortina-blackout-de-150-cm-x-160-cm-con-sistema-roller\/","og_locale":"es_ES","og_type":"article","og_title":"Cortina blackout de 150 cm \u00d7 160 cm con sistema roller - MARCHISONE","og_description":"Medidas: 150 cm de ancho \u00d7 160 cm de alto Material: PVC de 430 g\/m\u00b2 Color: blanco 3 capas de material t\u00e9rmicamente aislante 100% de bloqueo de luz Soportes de metal Cadena y sistema pl\u00e1stico Tubo de aluminio de 38 mm Z\u00f3calo de PVC Incluye accesorios para anclaje","og_url":"https:\/\/www.marchisone.com.ar\/w\/producto\/cortina-blackout-de-150-cm-x-160-cm-con-sistema-roller\/","og_site_name":"MARCHISONE","article_modified_time":"2022-04-07T21:10:00+00:00","og_image":[{"width":1200,"height":900,"url":"https:\/\/www.marchisone.com.ar\/w\/wp-content\/uploads\/CEGCOR00004_1.jpg","type":"image\/jpeg"}],"twitter_card":"summary_large_image","twitter_misc":{"Tiempo de lectura":"1 minuto"},"schema":{"@context":"https:\/\/schema.org","@graph":[{"@type":"WebPage","@id":"https:\/\/www.marchisone.com.ar\/w\/producto\/cortina-blackout-de-150-cm-x-160-cm-con-sistema-roller\/","url":"https:\/\/www.marchisone.com.ar\/w\/producto\/cortina-blackout-de-150-cm-x-160-cm-con-sistema-roller\/","name":"Cortina blackout de 150 cm \u00d7 160 cm con sistema roller - MARCHISONE","isPartOf":{"@id":"https:\/\/www.marchisone.com.ar\/w\/#website"},"primaryImageOfPage":{"@id":"https:\/\/www.marchisone.com.ar\/w\/producto\/cortina-blackout-de-150-cm-x-160-cm-con-sistema-roller\/#primaryimage"},"image":{"@id":"https:\/\/www.marchisone.com.ar\/w\/producto\/cortina-blackout-de-150-cm-x-160-cm-con-sistema-roller\/#primaryimage"},"thumbnailUrl":"https:\/\/www.marchisone.com.ar\/w\/wp-content\/uploads\/CEGCOR00004_1.jpg","datePublished":"2022-04-07T21:09:59+00:00","dateModified":"2022-04-07T21:10:00+00:00","breadcrumb":{"@id":"https:\/\/www.marchisone.com.ar\/w\/producto\/cortina-blackout-de-150-cm-x-160-cm-con-sistema-roller\/#breadcrumb"},"inLanguage":"es","potentialAction":[{"@type":"ReadAction","target":["https:\/\/www.marchisone.com.ar\/w\/producto\/cortina-blackout-de-150-cm-x-160-cm-con-sistema-roller\/"]}]},{"@type":"ImageObject","inLanguage":"es","@id":"https:\/\/www.marchisone.com.ar\/w\/producto\/cortina-blackout-de-150-cm-x-160-cm-con-sistema-roller\/#primaryimage","url":"https:\/\/www.marchisone.com.ar\/w\/wp-content\/uploads\/CEGCOR00004_1.jpg","contentUrl":"https:\/\/www.marchisone.com.ar\/w\/wp-content\/uploads\/CEGCOR00004_1.jpg","width":1200,"height":900},{"@type":"BreadcrumbList","@id":"https:\/\/www.marchisone.com.ar\/w\/producto\/cortina-blackout-de-150-cm-x-160-cm-con-sistema-roller\/#breadcrumb","itemListElement":[{"@type":"ListItem","position":1,"name":"Portada","item":"https:\/\/www.marchisone.com.ar\/w\/"},{"@type":"ListItem","position":2,"name":"Tienda","item":"https:\/\/www.marchisone.com.ar\/w\/tienda\/"},{"@type":"ListItem","position":3,"name":"Cortina blackout de 150 cm \u00d7 160 cm con sistema roller"}]},{"@type":"WebSite","@id":"https:\/\/www.marchisone.com.ar\/w\/#website","url":"https:\/\/www.marchisone.com.ar\/w\/","name":"MARCHISONE","description":"","publisher":{"@id":"https:\/\/www.marchisone.com.ar\/w\/#organization"},"potentialAction":[{"@type":"SearchAction","target":{"@type":"EntryPoint","urlTemplate":"https:\/\/www.marchisone.com.ar\/w\/?s={search_term_string}"},"query-input":{"@type":"PropertyValueSpecification","valueRequired":true,"valueName":"search_term_string"}}],"inLanguage":"es"},{"@type":"Organization","@id":"https:\/\/www.marchisone.com.ar\/w\/#organization","name":"MARCHISONE","url":"https:\/\/www.marchisone.com.ar\/w\/","logo":{"@type":"ImageObject","inLanguage":"es","@id":"https:\/\/www.marchisone.com.ar\/w\/#\/schema\/logo\/image\/","url":"https:\/\/www.marchisone.com.ar\/w\/wp-content\/uploads\/logo-4-web.png","contentUrl":"https:\/\/www.marchisone.com.ar\/w\/wp-content\/uploads\/logo-4-web.png","width":400,"height":60,"caption":"MARCHISONE"},"image":{"@id":"https:\/\/www.marchisone.com.ar\/w\/#\/schema\/logo\/image\/"}}]}},"brands":[{"id":106,"name":"Vonne","slug":"vonne"}],"_links":{"self":[{"href":"https:\/\/www.marchisone.com.ar\/w\/wp-json\/wp\/v2\/product\/3116","targetHints":{"allow":["GET"]}}],"collection":[{"href":"https:\/\/www.marchisone.com.ar\/w\/wp-json\/wp\/v2\/product"}],"about":[{"href":"https:\/\/www.marchisone.com.ar\/w\/wp-json\/wp\/v2\/types\/product"}],"wp:featuredmedia":[{"embeddable":true,"href":"https:\/\/www.marchisone.com.ar\/w\/wp-json\/wp\/v2\/media\/3117"}],"wp:attachment":[{"href":"https:\/\/www.marchisone.com.ar\/w\/wp-json\/wp\/v2\/media?parent=3116"}],"wp:term":[{"taxonomy":"pwb-brand","embeddable":true,"href":"https:\/\/www.marchisone.com.ar\/w\/wp-json\/wp\/v2\/pwb-brand?post=3116"},{"taxonomy":"product_brand","embeddable":true,"href":"https:\/\/www.marchisone.com.ar\/w\/wp-json\/wp\/v2\/product_brand?post=3116"},{"taxonomy":"product_cat","embeddable":true,"href":"https:\/\/www.marchisone.com.ar\/w\/wp-json\/wp\/v2\/product_cat?post=3116"},{"taxonomy":"product_tag","embeddable":true,"href":"https:\/\/www.marchisone.com.ar\/w\/wp-json\/wp\/v2\/product_tag?post=3116"}],"curies":[{"name":"wp","href":"https:\/\/api.w.org\/{rel}","templated":true}]}}