{"id":3097,"date":"2022-04-05T21:26:15","date_gmt":"2022-04-05T21:26:15","guid":{"rendered":"https:\/\/www.marchisone.com.ar\/w\/?post_type=product&#038;p=3097"},"modified":"2022-04-05T21:26:15","modified_gmt":"2022-04-05T21:26:15","slug":"contadora-de-billetes","status":"publish","type":"product","link":"https:\/\/www.marchisone.com.ar\/w\/producto\/contadora-de-billetes\/","title":{"rendered":"Contadora de billetes"},"content":{"rendered":"<ul>\n<li>Velocidad de conteo: 1000 billetes por minuto<\/li>\n<li>Capacidad de env\u00edo y recepci\u00f3n: 130 billetes<\/li>\n<li>Rango de visualizaci\u00f3n: 1 &#8211; 999<\/li>\n<li>Inicio, pausa y limpieza autom\u00e1tico<\/li>\n<li>Detecci\u00f3n autom\u00e1tica con funciones UV, MG, IR, MT mientras se cuenta<\/li>\n<li>Funci\u00f3n agrupar y agregar<\/li>\n<li>Detecci\u00f3n de billetes doblados y billetes pegados<\/li>\n<li>El color de la pantalla LCD cambia a rojo cuando detecta billetes falsos<\/li>\n<li>Longitud del billete: 100 mm &#8211; 190 mm<\/li>\n<li>Ancho del billete: 50 mm &#8211; 90 mm<\/li>\n<li>Espesor del billete: 0.075 mm &#8211; 0.15 mm<\/li>\n<li>Compatible con la mayor\u00eda de billetes del mundo (Peso argentino, D\u00f3lar americano, Euro, Real, etc)<\/li>\n<li>Incluye: visor extra<\/li>\n<\/ul>\n","protected":false},"excerpt":{"rendered":"<p>Velocidad de conteo: 1000 billetes por minuto Capacidad de env\u00edo y recepci\u00f3n: 130 billetes Rango de visualizaci\u00f3n: 1 &#8211; 999 Inicio, pausa y limpieza autom\u00e1tico Detecci\u00f3n autom\u00e1tica con funciones UV, MG, IR, MT mientras se cuenta Funci\u00f3n agrupar y agregar Detecci\u00f3n de billetes doblados y billetes pegados El color de la pantalla LCD cambia a [&hellip;]<\/p>\n","protected":false},"featured_media":3098,"template":"","meta":{"_acf_changed":false},"pwb-brand":[108],"product_brand":[],"product_cat":[15],"product_tag":[],"class_list":{"0":"post-3097","1":"product","2":"type-product","3":"status-publish","4":"has-post-thumbnail","6":"pwb-brand-etheos","7":"product_cat-sin-categorizar","9":"first","10":"instock","11":"shipping-taxable","12":"product-type-simple"},"acf":[],"yoast_head":"<!-- This site is optimized with the Yoast SEO plugin v26.8 - https:\/\/yoast.com\/product\/yoast-seo-wordpress\/ -->\n<title>Contadora de billetes - MARCHISONE<\/title>\n<meta name=\"robots\" content=\"index, follow, max-snippet:-1, max-image-preview:large, max-video-preview:-1\" \/>\n<link rel=\"canonical\" href=\"https:\/\/www.marchisone.com.ar\/w\/producto\/contadora-de-billetes\/\" \/>\n<meta property=\"og:locale\" content=\"es_ES\" \/>\n<meta property=\"og:type\" content=\"article\" \/>\n<meta property=\"og:title\" content=\"Contadora de billetes - MARCHISONE\" \/>\n<meta property=\"og:description\" content=\"Velocidad de conteo: 1000 billetes por minuto Capacidad de env\u00edo y recepci\u00f3n: 130 billetes Rango de visualizaci\u00f3n: 1 &#8211; 999 Inicio, pausa y limpieza autom\u00e1tico Detecci\u00f3n autom\u00e1tica con funciones UV, MG, IR, MT mientras se cuenta Funci\u00f3n agrupar y agregar Detecci\u00f3n de billetes doblados y billetes pegados El color de la pantalla LCD cambia a [&hellip;]\" \/>\n<meta property=\"og:url\" content=\"https:\/\/www.marchisone.com.ar\/w\/producto\/contadora-de-billetes\/\" \/>\n<meta property=\"og:site_name\" content=\"MARCHISONE\" \/>\n<meta property=\"og:image\" content=\"https:\/\/www.marchisone.com.ar\/w\/wp-content\/uploads\/CEGCON00010_1.jpg\" \/>\n\t<meta property=\"og:image:width\" content=\"1200\" \/>\n\t<meta property=\"og:image:height\" content=\"900\" \/>\n\t<meta property=\"og:image:type\" content=\"image\/jpeg\" \/>\n<meta name=\"twitter:card\" content=\"summary_large_image\" \/>\n<meta name=\"twitter:label1\" content=\"Tiempo de lectura\" \/>\n\t<meta name=\"twitter:data1\" content=\"1 minuto\" \/>\n<script type=\"application\/ld+json\" class=\"yoast-schema-graph\">{\"@context\":\"https:\/\/schema.org\",\"@graph\":[{\"@type\":\"WebPage\",\"@id\":\"https:\/\/www.marchisone.com.ar\/w\/producto\/contadora-de-billetes\/\",\"url\":\"https:\/\/www.marchisone.com.ar\/w\/producto\/contadora-de-billetes\/\",\"name\":\"Contadora de billetes - MARCHISONE\",\"isPartOf\":{\"@id\":\"https:\/\/www.marchisone.com.ar\/w\/#website\"},\"primaryImageOfPage\":{\"@id\":\"https:\/\/www.marchisone.com.ar\/w\/producto\/contadora-de-billetes\/#primaryimage\"},\"image\":{\"@id\":\"https:\/\/www.marchisone.com.ar\/w\/producto\/contadora-de-billetes\/#primaryimage\"},\"thumbnailUrl\":\"https:\/\/www.marchisone.com.ar\/w\/wp-content\/uploads\/CEGCON00010_1.jpg\",\"datePublished\":\"2022-04-05T21:26:15+00:00\",\"breadcrumb\":{\"@id\":\"https:\/\/www.marchisone.com.ar\/w\/producto\/contadora-de-billetes\/#breadcrumb\"},\"inLanguage\":\"es\",\"potentialAction\":[{\"@type\":\"ReadAction\",\"target\":[\"https:\/\/www.marchisone.com.ar\/w\/producto\/contadora-de-billetes\/\"]}]},{\"@type\":\"ImageObject\",\"inLanguage\":\"es\",\"@id\":\"https:\/\/www.marchisone.com.ar\/w\/producto\/contadora-de-billetes\/#primaryimage\",\"url\":\"https:\/\/www.marchisone.com.ar\/w\/wp-content\/uploads\/CEGCON00010_1.jpg\",\"contentUrl\":\"https:\/\/www.marchisone.com.ar\/w\/wp-content\/uploads\/CEGCON00010_1.jpg\",\"width\":1200,\"height\":900},{\"@type\":\"BreadcrumbList\",\"@id\":\"https:\/\/www.marchisone.com.ar\/w\/producto\/contadora-de-billetes\/#breadcrumb\",\"itemListElement\":[{\"@type\":\"ListItem\",\"position\":1,\"name\":\"Portada\",\"item\":\"https:\/\/www.marchisone.com.ar\/w\/\"},{\"@type\":\"ListItem\",\"position\":2,\"name\":\"Tienda\",\"item\":\"https:\/\/www.marchisone.com.ar\/w\/tienda\/\"},{\"@type\":\"ListItem\",\"position\":3,\"name\":\"Contadora de billetes\"}]},{\"@type\":\"WebSite\",\"@id\":\"https:\/\/www.marchisone.com.ar\/w\/#website\",\"url\":\"https:\/\/www.marchisone.com.ar\/w\/\",\"name\":\"MARCHISONE\",\"description\":\"\",\"publisher\":{\"@id\":\"https:\/\/www.marchisone.com.ar\/w\/#organization\"},\"potentialAction\":[{\"@type\":\"SearchAction\",\"target\":{\"@type\":\"EntryPoint\",\"urlTemplate\":\"https:\/\/www.marchisone.com.ar\/w\/?s={search_term_string}\"},\"query-input\":{\"@type\":\"PropertyValueSpecification\",\"valueRequired\":true,\"valueName\":\"search_term_string\"}}],\"inLanguage\":\"es\"},{\"@type\":\"Organization\",\"@id\":\"https:\/\/www.marchisone.com.ar\/w\/#organization\",\"name\":\"MARCHISONE\",\"url\":\"https:\/\/www.marchisone.com.ar\/w\/\",\"logo\":{\"@type\":\"ImageObject\",\"inLanguage\":\"es\",\"@id\":\"https:\/\/www.marchisone.com.ar\/w\/#\/schema\/logo\/image\/\",\"url\":\"https:\/\/www.marchisone.com.ar\/w\/wp-content\/uploads\/logo-4-web.png\",\"contentUrl\":\"https:\/\/www.marchisone.com.ar\/w\/wp-content\/uploads\/logo-4-web.png\",\"width\":400,\"height\":60,\"caption\":\"MARCHISONE\"},\"image\":{\"@id\":\"https:\/\/www.marchisone.com.ar\/w\/#\/schema\/logo\/image\/\"}}]}<\/script>\n<!-- \/ Yoast SEO plugin. -->","yoast_head_json":{"title":"Contadora de billetes - MARCHISONE","robots":{"index":"index","follow":"follow","max-snippet":"max-snippet:-1","max-image-preview":"max-image-preview:large","max-video-preview":"max-video-preview:-1"},"canonical":"https:\/\/www.marchisone.com.ar\/w\/producto\/contadora-de-billetes\/","og_locale":"es_ES","og_type":"article","og_title":"Contadora de billetes - MARCHISONE","og_description":"Velocidad de conteo: 1000 billetes por minuto Capacidad de env\u00edo y recepci\u00f3n: 130 billetes Rango de visualizaci\u00f3n: 1 &#8211; 999 Inicio, pausa y limpieza autom\u00e1tico Detecci\u00f3n autom\u00e1tica con funciones UV, MG, IR, MT mientras se cuenta Funci\u00f3n agrupar y agregar Detecci\u00f3n de billetes doblados y billetes pegados El color de la pantalla LCD cambia a [&hellip;]","og_url":"https:\/\/www.marchisone.com.ar\/w\/producto\/contadora-de-billetes\/","og_site_name":"MARCHISONE","og_image":[{"width":1200,"height":900,"url":"https:\/\/www.marchisone.com.ar\/w\/wp-content\/uploads\/CEGCON00010_1.jpg","type":"image\/jpeg"}],"twitter_card":"summary_large_image","twitter_misc":{"Tiempo de lectura":"1 minuto"},"schema":{"@context":"https:\/\/schema.org","@graph":[{"@type":"WebPage","@id":"https:\/\/www.marchisone.com.ar\/w\/producto\/contadora-de-billetes\/","url":"https:\/\/www.marchisone.com.ar\/w\/producto\/contadora-de-billetes\/","name":"Contadora de billetes - MARCHISONE","isPartOf":{"@id":"https:\/\/www.marchisone.com.ar\/w\/#website"},"primaryImageOfPage":{"@id":"https:\/\/www.marchisone.com.ar\/w\/producto\/contadora-de-billetes\/#primaryimage"},"image":{"@id":"https:\/\/www.marchisone.com.ar\/w\/producto\/contadora-de-billetes\/#primaryimage"},"thumbnailUrl":"https:\/\/www.marchisone.com.ar\/w\/wp-content\/uploads\/CEGCON00010_1.jpg","datePublished":"2022-04-05T21:26:15+00:00","breadcrumb":{"@id":"https:\/\/www.marchisone.com.ar\/w\/producto\/contadora-de-billetes\/#breadcrumb"},"inLanguage":"es","potentialAction":[{"@type":"ReadAction","target":["https:\/\/www.marchisone.com.ar\/w\/producto\/contadora-de-billetes\/"]}]},{"@type":"ImageObject","inLanguage":"es","@id":"https:\/\/www.marchisone.com.ar\/w\/producto\/contadora-de-billetes\/#primaryimage","url":"https:\/\/www.marchisone.com.ar\/w\/wp-content\/uploads\/CEGCON00010_1.jpg","contentUrl":"https:\/\/www.marchisone.com.ar\/w\/wp-content\/uploads\/CEGCON00010_1.jpg","width":1200,"height":900},{"@type":"BreadcrumbList","@id":"https:\/\/www.marchisone.com.ar\/w\/producto\/contadora-de-billetes\/#breadcrumb","itemListElement":[{"@type":"ListItem","position":1,"name":"Portada","item":"https:\/\/www.marchisone.com.ar\/w\/"},{"@type":"ListItem","position":2,"name":"Tienda","item":"https:\/\/www.marchisone.com.ar\/w\/tienda\/"},{"@type":"ListItem","position":3,"name":"Contadora de billetes"}]},{"@type":"WebSite","@id":"https:\/\/www.marchisone.com.ar\/w\/#website","url":"https:\/\/www.marchisone.com.ar\/w\/","name":"MARCHISONE","description":"","publisher":{"@id":"https:\/\/www.marchisone.com.ar\/w\/#organization"},"potentialAction":[{"@type":"SearchAction","target":{"@type":"EntryPoint","urlTemplate":"https:\/\/www.marchisone.com.ar\/w\/?s={search_term_string}"},"query-input":{"@type":"PropertyValueSpecification","valueRequired":true,"valueName":"search_term_string"}}],"inLanguage":"es"},{"@type":"Organization","@id":"https:\/\/www.marchisone.com.ar\/w\/#organization","name":"MARCHISONE","url":"https:\/\/www.marchisone.com.ar\/w\/","logo":{"@type":"ImageObject","inLanguage":"es","@id":"https:\/\/www.marchisone.com.ar\/w\/#\/schema\/logo\/image\/","url":"https:\/\/www.marchisone.com.ar\/w\/wp-content\/uploads\/logo-4-web.png","contentUrl":"https:\/\/www.marchisone.com.ar\/w\/wp-content\/uploads\/logo-4-web.png","width":400,"height":60,"caption":"MARCHISONE"},"image":{"@id":"https:\/\/www.marchisone.com.ar\/w\/#\/schema\/logo\/image\/"}}]}},"brands":[{"id":108,"name":"Etheos","slug":"etheos"}],"_links":{"self":[{"href":"https:\/\/www.marchisone.com.ar\/w\/wp-json\/wp\/v2\/product\/3097","targetHints":{"allow":["GET"]}}],"collection":[{"href":"https:\/\/www.marchisone.com.ar\/w\/wp-json\/wp\/v2\/product"}],"about":[{"href":"https:\/\/www.marchisone.com.ar\/w\/wp-json\/wp\/v2\/types\/product"}],"wp:featuredmedia":[{"embeddable":true,"href":"https:\/\/www.marchisone.com.ar\/w\/wp-json\/wp\/v2\/media\/3098"}],"wp:attachment":[{"href":"https:\/\/www.marchisone.com.ar\/w\/wp-json\/wp\/v2\/media?parent=3097"}],"wp:term":[{"taxonomy":"pwb-brand","embeddable":true,"href":"https:\/\/www.marchisone.com.ar\/w\/wp-json\/wp\/v2\/pwb-brand?post=3097"},{"taxonomy":"product_brand","embeddable":true,"href":"https:\/\/www.marchisone.com.ar\/w\/wp-json\/wp\/v2\/product_brand?post=3097"},{"taxonomy":"product_cat","embeddable":true,"href":"https:\/\/www.marchisone.com.ar\/w\/wp-json\/wp\/v2\/product_cat?post=3097"},{"taxonomy":"product_tag","embeddable":true,"href":"https:\/\/www.marchisone.com.ar\/w\/wp-json\/wp\/v2\/product_tag?post=3097"}],"curies":[{"name":"wp","href":"https:\/\/api.w.org\/{rel}","templated":true}]}}