{"id":2972,"date":"2022-03-30T19:25:10","date_gmt":"2022-03-30T19:25:10","guid":{"rendered":"https:\/\/www.marchisone.com.ar\/w\/?post_type=product&#038;p=2972"},"modified":"2022-03-30T19:25:10","modified_gmt":"2022-03-30T19:25:10","slug":"cable-unipolar-4-0mm-negro","status":"publish","type":"product","link":"https:\/\/www.marchisone.com.ar\/w\/producto\/cable-unipolar-4-0mm-negro\/","title":{"rendered":"Cable Unipolar 4.0mm Negro"},"content":{"rendered":"<p>CARACTERISTICAS:<\/p>\n<p>&#8211; Extra flexible clase 5<br \/>\n&#8211; Aislaci\u00f3n: PVC ecol\u00f3gico sin plomo<br \/>\n&#8211; Secci\u00f3n: 4 mm\u00b2<br \/>\n&#8211; Capacidad de carga aire 40 \u00b0C bipolar: 28 A, tripolar: 25 A<br \/>\n&#8211; Temperatura m\u00e1xima de servicio en el conductor: 70 \u00b0C<br \/>\n&#8211; Temperatura m\u00e1xima de cortocircuito: 160 \u00b0C<br \/>\n&#8211; Largo de rollo: 100 m<br \/>\n&#8211; Certificado por IRAM<\/p>\n","protected":false},"excerpt":{"rendered":"<p>CARACTERISTICAS: &#8211; Extra flexible clase 5 &#8211; Aislaci\u00f3n: PVC ecol\u00f3gico sin plomo &#8211; Secci\u00f3n: 4 mm\u00b2 &#8211; Capacidad de carga aire 40 \u00b0C bipolar: 28 A, tripolar: 25 A &#8211; Temperatura m\u00e1xima de servicio en el conductor: 70 \u00b0C &#8211; Temperatura m\u00e1xima de cortocircuito: 160 \u00b0C &#8211; Largo de rollo: 100 m &#8211; Certificado por [&hellip;]<\/p>\n","protected":false},"featured_media":2973,"template":"","meta":{"_acf_changed":false},"pwb-brand":[132],"product_brand":[],"product_cat":[15,18,30],"product_tag":[],"class_list":{"0":"post-2972","1":"product","2":"type-product","3":"status-publish","4":"has-post-thumbnail","6":"pwb-brand-erpla","7":"product_cat-sin-categorizar","8":"product_cat-construccion-y-refaccion","9":"product_cat-electricidad","11":"first","12":"instock","13":"shipping-taxable","14":"product-type-simple"},"acf":[],"yoast_head":"<!-- This site is optimized with the Yoast SEO plugin v26.8 - https:\/\/yoast.com\/product\/yoast-seo-wordpress\/ -->\n<title>Cable Unipolar 4.0mm Negro - MARCHISONE<\/title>\n<meta name=\"robots\" content=\"index, follow, max-snippet:-1, max-image-preview:large, max-video-preview:-1\" \/>\n<link rel=\"canonical\" href=\"https:\/\/www.marchisone.com.ar\/w\/producto\/cable-unipolar-4-0mm-negro\/\" \/>\n<meta property=\"og:locale\" content=\"es_ES\" \/>\n<meta property=\"og:type\" content=\"article\" \/>\n<meta property=\"og:title\" content=\"Cable Unipolar 4.0mm Negro - MARCHISONE\" \/>\n<meta property=\"og:description\" content=\"CARACTERISTICAS: &#8211; Extra flexible clase 5 &#8211; Aislaci\u00f3n: PVC ecol\u00f3gico sin plomo &#8211; Secci\u00f3n: 4 mm\u00b2 &#8211; Capacidad de carga aire 40 \u00b0C bipolar: 28 A, tripolar: 25 A &#8211; Temperatura m\u00e1xima de servicio en el conductor: 70 \u00b0C &#8211; Temperatura m\u00e1xima de cortocircuito: 160 \u00b0C &#8211; Largo de rollo: 100 m &#8211; Certificado por [&hellip;]\" \/>\n<meta property=\"og:url\" content=\"https:\/\/www.marchisone.com.ar\/w\/producto\/cable-unipolar-4-0mm-negro\/\" \/>\n<meta property=\"og:site_name\" content=\"MARCHISONE\" \/>\n<meta property=\"og:image\" content=\"https:\/\/www.marchisone.com.ar\/w\/wp-content\/uploads\/CEGCAB00013_1.jpg\" \/>\n\t<meta property=\"og:image:width\" content=\"1200\" \/>\n\t<meta property=\"og:image:height\" content=\"900\" \/>\n\t<meta property=\"og:image:type\" content=\"image\/jpeg\" \/>\n<meta name=\"twitter:card\" content=\"summary_large_image\" \/>\n<meta name=\"twitter:label1\" content=\"Tiempo de lectura\" \/>\n\t<meta name=\"twitter:data1\" content=\"1 minuto\" \/>\n<script type=\"application\/ld+json\" class=\"yoast-schema-graph\">{\"@context\":\"https:\/\/schema.org\",\"@graph\":[{\"@type\":\"WebPage\",\"@id\":\"https:\/\/www.marchisone.com.ar\/w\/producto\/cable-unipolar-4-0mm-negro\/\",\"url\":\"https:\/\/www.marchisone.com.ar\/w\/producto\/cable-unipolar-4-0mm-negro\/\",\"name\":\"Cable Unipolar 4.0mm Negro - MARCHISONE\",\"isPartOf\":{\"@id\":\"https:\/\/www.marchisone.com.ar\/w\/#website\"},\"primaryImageOfPage\":{\"@id\":\"https:\/\/www.marchisone.com.ar\/w\/producto\/cable-unipolar-4-0mm-negro\/#primaryimage\"},\"image\":{\"@id\":\"https:\/\/www.marchisone.com.ar\/w\/producto\/cable-unipolar-4-0mm-negro\/#primaryimage\"},\"thumbnailUrl\":\"https:\/\/www.marchisone.com.ar\/w\/wp-content\/uploads\/CEGCAB00013_1.jpg\",\"datePublished\":\"2022-03-30T19:25:10+00:00\",\"breadcrumb\":{\"@id\":\"https:\/\/www.marchisone.com.ar\/w\/producto\/cable-unipolar-4-0mm-negro\/#breadcrumb\"},\"inLanguage\":\"es\",\"potentialAction\":[{\"@type\":\"ReadAction\",\"target\":[\"https:\/\/www.marchisone.com.ar\/w\/producto\/cable-unipolar-4-0mm-negro\/\"]}]},{\"@type\":\"ImageObject\",\"inLanguage\":\"es\",\"@id\":\"https:\/\/www.marchisone.com.ar\/w\/producto\/cable-unipolar-4-0mm-negro\/#primaryimage\",\"url\":\"https:\/\/www.marchisone.com.ar\/w\/wp-content\/uploads\/CEGCAB00013_1.jpg\",\"contentUrl\":\"https:\/\/www.marchisone.com.ar\/w\/wp-content\/uploads\/CEGCAB00013_1.jpg\",\"width\":1200,\"height\":900},{\"@type\":\"BreadcrumbList\",\"@id\":\"https:\/\/www.marchisone.com.ar\/w\/producto\/cable-unipolar-4-0mm-negro\/#breadcrumb\",\"itemListElement\":[{\"@type\":\"ListItem\",\"position\":1,\"name\":\"Portada\",\"item\":\"https:\/\/www.marchisone.com.ar\/w\/\"},{\"@type\":\"ListItem\",\"position\":2,\"name\":\"Tienda\",\"item\":\"https:\/\/www.marchisone.com.ar\/w\/tienda\/\"},{\"@type\":\"ListItem\",\"position\":3,\"name\":\"Cable Unipolar 4.0mm Negro\"}]},{\"@type\":\"WebSite\",\"@id\":\"https:\/\/www.marchisone.com.ar\/w\/#website\",\"url\":\"https:\/\/www.marchisone.com.ar\/w\/\",\"name\":\"MARCHISONE\",\"description\":\"\",\"publisher\":{\"@id\":\"https:\/\/www.marchisone.com.ar\/w\/#organization\"},\"potentialAction\":[{\"@type\":\"SearchAction\",\"target\":{\"@type\":\"EntryPoint\",\"urlTemplate\":\"https:\/\/www.marchisone.com.ar\/w\/?s={search_term_string}\"},\"query-input\":{\"@type\":\"PropertyValueSpecification\",\"valueRequired\":true,\"valueName\":\"search_term_string\"}}],\"inLanguage\":\"es\"},{\"@type\":\"Organization\",\"@id\":\"https:\/\/www.marchisone.com.ar\/w\/#organization\",\"name\":\"MARCHISONE\",\"url\":\"https:\/\/www.marchisone.com.ar\/w\/\",\"logo\":{\"@type\":\"ImageObject\",\"inLanguage\":\"es\",\"@id\":\"https:\/\/www.marchisone.com.ar\/w\/#\/schema\/logo\/image\/\",\"url\":\"https:\/\/www.marchisone.com.ar\/w\/wp-content\/uploads\/logo-4-web.png\",\"contentUrl\":\"https:\/\/www.marchisone.com.ar\/w\/wp-content\/uploads\/logo-4-web.png\",\"width\":400,\"height\":60,\"caption\":\"MARCHISONE\"},\"image\":{\"@id\":\"https:\/\/www.marchisone.com.ar\/w\/#\/schema\/logo\/image\/\"}}]}<\/script>\n<!-- \/ Yoast SEO plugin. -->","yoast_head_json":{"title":"Cable Unipolar 4.0mm Negro - MARCHISONE","robots":{"index":"index","follow":"follow","max-snippet":"max-snippet:-1","max-image-preview":"max-image-preview:large","max-video-preview":"max-video-preview:-1"},"canonical":"https:\/\/www.marchisone.com.ar\/w\/producto\/cable-unipolar-4-0mm-negro\/","og_locale":"es_ES","og_type":"article","og_title":"Cable Unipolar 4.0mm Negro - MARCHISONE","og_description":"CARACTERISTICAS: &#8211; Extra flexible clase 5 &#8211; Aislaci\u00f3n: PVC ecol\u00f3gico sin plomo &#8211; Secci\u00f3n: 4 mm\u00b2 &#8211; Capacidad de carga aire 40 \u00b0C bipolar: 28 A, tripolar: 25 A &#8211; Temperatura m\u00e1xima de servicio en el conductor: 70 \u00b0C &#8211; Temperatura m\u00e1xima de cortocircuito: 160 \u00b0C &#8211; Largo de rollo: 100 m &#8211; Certificado por [&hellip;]","og_url":"https:\/\/www.marchisone.com.ar\/w\/producto\/cable-unipolar-4-0mm-negro\/","og_site_name":"MARCHISONE","og_image":[{"width":1200,"height":900,"url":"https:\/\/www.marchisone.com.ar\/w\/wp-content\/uploads\/CEGCAB00013_1.jpg","type":"image\/jpeg"}],"twitter_card":"summary_large_image","twitter_misc":{"Tiempo de lectura":"1 minuto"},"schema":{"@context":"https:\/\/schema.org","@graph":[{"@type":"WebPage","@id":"https:\/\/www.marchisone.com.ar\/w\/producto\/cable-unipolar-4-0mm-negro\/","url":"https:\/\/www.marchisone.com.ar\/w\/producto\/cable-unipolar-4-0mm-negro\/","name":"Cable Unipolar 4.0mm Negro - MARCHISONE","isPartOf":{"@id":"https:\/\/www.marchisone.com.ar\/w\/#website"},"primaryImageOfPage":{"@id":"https:\/\/www.marchisone.com.ar\/w\/producto\/cable-unipolar-4-0mm-negro\/#primaryimage"},"image":{"@id":"https:\/\/www.marchisone.com.ar\/w\/producto\/cable-unipolar-4-0mm-negro\/#primaryimage"},"thumbnailUrl":"https:\/\/www.marchisone.com.ar\/w\/wp-content\/uploads\/CEGCAB00013_1.jpg","datePublished":"2022-03-30T19:25:10+00:00","breadcrumb":{"@id":"https:\/\/www.marchisone.com.ar\/w\/producto\/cable-unipolar-4-0mm-negro\/#breadcrumb"},"inLanguage":"es","potentialAction":[{"@type":"ReadAction","target":["https:\/\/www.marchisone.com.ar\/w\/producto\/cable-unipolar-4-0mm-negro\/"]}]},{"@type":"ImageObject","inLanguage":"es","@id":"https:\/\/www.marchisone.com.ar\/w\/producto\/cable-unipolar-4-0mm-negro\/#primaryimage","url":"https:\/\/www.marchisone.com.ar\/w\/wp-content\/uploads\/CEGCAB00013_1.jpg","contentUrl":"https:\/\/www.marchisone.com.ar\/w\/wp-content\/uploads\/CEGCAB00013_1.jpg","width":1200,"height":900},{"@type":"BreadcrumbList","@id":"https:\/\/www.marchisone.com.ar\/w\/producto\/cable-unipolar-4-0mm-negro\/#breadcrumb","itemListElement":[{"@type":"ListItem","position":1,"name":"Portada","item":"https:\/\/www.marchisone.com.ar\/w\/"},{"@type":"ListItem","position":2,"name":"Tienda","item":"https:\/\/www.marchisone.com.ar\/w\/tienda\/"},{"@type":"ListItem","position":3,"name":"Cable Unipolar 4.0mm Negro"}]},{"@type":"WebSite","@id":"https:\/\/www.marchisone.com.ar\/w\/#website","url":"https:\/\/www.marchisone.com.ar\/w\/","name":"MARCHISONE","description":"","publisher":{"@id":"https:\/\/www.marchisone.com.ar\/w\/#organization"},"potentialAction":[{"@type":"SearchAction","target":{"@type":"EntryPoint","urlTemplate":"https:\/\/www.marchisone.com.ar\/w\/?s={search_term_string}"},"query-input":{"@type":"PropertyValueSpecification","valueRequired":true,"valueName":"search_term_string"}}],"inLanguage":"es"},{"@type":"Organization","@id":"https:\/\/www.marchisone.com.ar\/w\/#organization","name":"MARCHISONE","url":"https:\/\/www.marchisone.com.ar\/w\/","logo":{"@type":"ImageObject","inLanguage":"es","@id":"https:\/\/www.marchisone.com.ar\/w\/#\/schema\/logo\/image\/","url":"https:\/\/www.marchisone.com.ar\/w\/wp-content\/uploads\/logo-4-web.png","contentUrl":"https:\/\/www.marchisone.com.ar\/w\/wp-content\/uploads\/logo-4-web.png","width":400,"height":60,"caption":"MARCHISONE"},"image":{"@id":"https:\/\/www.marchisone.com.ar\/w\/#\/schema\/logo\/image\/"}}]}},"brands":[{"id":132,"name":"Erpla","slug":"erpla"}],"_links":{"self":[{"href":"https:\/\/www.marchisone.com.ar\/w\/wp-json\/wp\/v2\/product\/2972","targetHints":{"allow":["GET"]}}],"collection":[{"href":"https:\/\/www.marchisone.com.ar\/w\/wp-json\/wp\/v2\/product"}],"about":[{"href":"https:\/\/www.marchisone.com.ar\/w\/wp-json\/wp\/v2\/types\/product"}],"wp:featuredmedia":[{"embeddable":true,"href":"https:\/\/www.marchisone.com.ar\/w\/wp-json\/wp\/v2\/media\/2973"}],"wp:attachment":[{"href":"https:\/\/www.marchisone.com.ar\/w\/wp-json\/wp\/v2\/media?parent=2972"}],"wp:term":[{"taxonomy":"pwb-brand","embeddable":true,"href":"https:\/\/www.marchisone.com.ar\/w\/wp-json\/wp\/v2\/pwb-brand?post=2972"},{"taxonomy":"product_brand","embeddable":true,"href":"https:\/\/www.marchisone.com.ar\/w\/wp-json\/wp\/v2\/product_brand?post=2972"},{"taxonomy":"product_cat","embeddable":true,"href":"https:\/\/www.marchisone.com.ar\/w\/wp-json\/wp\/v2\/product_cat?post=2972"},{"taxonomy":"product_tag","embeddable":true,"href":"https:\/\/www.marchisone.com.ar\/w\/wp-json\/wp\/v2\/product_tag?post=2972"}],"curies":[{"name":"wp","href":"https:\/\/api.w.org\/{rel}","templated":true}]}}