{"id":1380,"date":"2022-02-18T20:50:21","date_gmt":"2022-02-18T20:50:21","guid":{"rendered":"https:\/\/www.marchisone.com.ar\/w\/?page_id=1380"},"modified":"2022-02-18T20:52:48","modified_gmt":"2022-02-18T20:52:48","slug":"alquiler-de-obradores-y-volquetes","status":"publish","type":"page","link":"https:\/\/www.marchisone.com.ar\/w\/alquiler-de-obradores-y-volquetes\/","title":{"rendered":"Alquiler de Obradores y Volquetes"},"content":{"rendered":"\n<div class=\"bloque border-top\">\n\t<div class=\"contenedor\">\n\t<div class=\"row py-3 align-items-center\">\n\t\t<div class=\"col-12 col-sm-12 col-md-6\">\n\t\t\t<div class=\"SRV-imagen-1\">\n\t\t\t\t<img decoding=\"async\" src=\"https:\/\/www.marchisone.com.ar\/w\/wp-content\/uploads\/marchisone-obradores-2.jpg\">\n\t\t\t<\/div>\n\t\t<\/div>\n\t\t<div class=\"col-12 col-sm-12 col-md-6\">\n\t\t\t<h5>S E R V I C I O<\/h5>\n\t\t\t<h2 class=\"pb-2\">\n\t\t\t\tAlquiler de Obradores\n\t\t\t<\/h2>\n\t\t\t<p>\n\t\t\t\tOfrecemos el servicio de alquiler de obradores para el almacenado de materiales de construcci\u00f3n y\/o herramientas de trabajo. El servicio se comercializa por un plazo de 30 (treinta) d\u00edas de corrido sin excepciones. Al finalizar el plazo se retira el obrador o se renueva el alquiler.\n\t\t\t<\/p>\n\t\t\t<p>\n\t\t\t\tDimensiones: <br>\n\t\t\t\tLargo: 3,30 mts.<br>\n\t\t\t\tAncho: 1,65 mts.<br>\n\t\t\t\tAlto: 1,85 mts.\n\t\t\t<\/p>\n\t\t<\/div>\n\t<\/div>\n\t<\/div>\n<\/div>\n\n\n\n<div class=\"bloque border-bottom border-top\">\n\t<div class=\"contenedor\">\n\t<div class=\"row py-3 align-items-center\">\n\t\t<div class=\"col-12 col-sm-12 col-md-6\">\n\t\t\t<div class=\"SRV-imagen-1\">\n\t\t\t\t<img decoding=\"async\" src=\"https:\/\/www.marchisone.com.ar\/w\/wp-content\/uploads\/marchisone-volquetes-1.jpg\">\n\t\t\t<\/div>\n\t\t<\/div>\n\t\t<div class=\"col-12 col-sm-12 col-md-6\">\n\t\t\t<h5>S E R V I C I O<\/h5>\n\t\t\t<h2 class=\"pb-2\">\n\t\t\t\tAlquiler de Contenedores \/ Volquetes\n\t\t\t<\/h2>\n\t\t\t<p>\n\t\t\t\tOfrecemos el servicio de alquiler de contenedores\/volquetes para almacenado de sobrantes de obra y escombros. El servicio se comercializa por carga completa y tiene un tiempo m\u00e1ximo de posesi\u00f3n en la locaci\u00f3n de 5 (cinco) d\u00edas H\u00e1biles, caso contrario se pagar\u00e1 1 (uno) servicio extra por excedente o se retirar\u00e1 con el almacenaje acumulado hasta el d\u00eda de vencimiento.\n\t\t\t<\/p>\n\t\t\t<p>\n\t\t\t\tDimensiones: <br>\n\t\t\t\tLargo: 3,30 mts.<br>\n\t\t\t\tAncho: 1,85 mts.<br>\n\t\t\t\tAlto: 1,10 mts.\n\t\t\t<\/p>\n\t\t<\/div>\n\t<\/div>\n\t<\/div>\n<\/div>\n\n\n\n<p><\/p>\n","protected":false},"excerpt":{"rendered":"<p>S E R V I C I O Alquiler de Obradores Ofrecemos el servicio de alquiler de obradores para el almacenado de materiales de construcci\u00f3n y\/o herramientas de trabajo. El servicio se comercializa por un plazo de 30 (treinta) d\u00edas de corrido sin excepciones. Al finalizar el plazo se retira el obrador o se renueva [&hellip;]<\/p>\n","protected":false},"author":1,"featured_media":0,"parent":0,"menu_order":0,"comment_status":"closed","ping_status":"closed","template":"","meta":{"_acf_changed":false,"footnotes":""},"class_list":["post-1380","page","type-page","status-publish","hentry"],"acf":[],"yoast_head":"<!-- This site is optimized with the Yoast SEO plugin v26.8 - https:\/\/yoast.com\/product\/yoast-seo-wordpress\/ -->\n<title>Alquiler de Obradores y Volquetes - MARCHISONE<\/title>\n<meta name=\"robots\" content=\"index, follow, max-snippet:-1, max-image-preview:large, max-video-preview:-1\" \/>\n<link rel=\"canonical\" href=\"https:\/\/www.marchisone.com.ar\/w\/alquiler-de-obradores-y-volquetes\/\" \/>\n<meta property=\"og:locale\" content=\"es_ES\" \/>\n<meta property=\"og:type\" content=\"article\" \/>\n<meta property=\"og:title\" content=\"Alquiler de Obradores y Volquetes - MARCHISONE\" \/>\n<meta property=\"og:description\" content=\"S E R V I C I O Alquiler de Obradores Ofrecemos el servicio de alquiler de obradores para el almacenado de materiales de construcci\u00f3n y\/o herramientas de trabajo. El servicio se comercializa por un plazo de 30 (treinta) d\u00edas de corrido sin excepciones. Al finalizar el plazo se retira el obrador o se renueva [&hellip;]\" \/>\n<meta property=\"og:url\" content=\"https:\/\/www.marchisone.com.ar\/w\/alquiler-de-obradores-y-volquetes\/\" \/>\n<meta property=\"og:site_name\" content=\"MARCHISONE\" \/>\n<meta property=\"article:modified_time\" content=\"2022-02-18T20:52:48+00:00\" \/>\n<meta property=\"og:image\" content=\"https:\/\/www.marchisone.com.ar\/w\/wp-content\/uploads\/marchisone-obradores-2.jpg\" \/>\n<meta name=\"twitter:card\" content=\"summary_large_image\" \/>\n<meta name=\"twitter:label1\" content=\"Tiempo de lectura\" \/>\n\t<meta name=\"twitter:data1\" content=\"2 minutos\" \/>\n<script type=\"application\/ld+json\" class=\"yoast-schema-graph\">{\"@context\":\"https:\/\/schema.org\",\"@graph\":[{\"@type\":\"WebPage\",\"@id\":\"https:\/\/www.marchisone.com.ar\/w\/alquiler-de-obradores-y-volquetes\/\",\"url\":\"https:\/\/www.marchisone.com.ar\/w\/alquiler-de-obradores-y-volquetes\/\",\"name\":\"Alquiler de Obradores y Volquetes - MARCHISONE\",\"isPartOf\":{\"@id\":\"https:\/\/www.marchisone.com.ar\/w\/#website\"},\"primaryImageOfPage\":{\"@id\":\"https:\/\/www.marchisone.com.ar\/w\/alquiler-de-obradores-y-volquetes\/#primaryimage\"},\"image\":{\"@id\":\"https:\/\/www.marchisone.com.ar\/w\/alquiler-de-obradores-y-volquetes\/#primaryimage\"},\"thumbnailUrl\":\"https:\/\/www.marchisone.com.ar\/w\/wp-content\/uploads\/marchisone-obradores-2.jpg\",\"datePublished\":\"2022-02-18T20:50:21+00:00\",\"dateModified\":\"2022-02-18T20:52:48+00:00\",\"breadcrumb\":{\"@id\":\"https:\/\/www.marchisone.com.ar\/w\/alquiler-de-obradores-y-volquetes\/#breadcrumb\"},\"inLanguage\":\"es\",\"potentialAction\":[{\"@type\":\"ReadAction\",\"target\":[\"https:\/\/www.marchisone.com.ar\/w\/alquiler-de-obradores-y-volquetes\/\"]}]},{\"@type\":\"ImageObject\",\"inLanguage\":\"es\",\"@id\":\"https:\/\/www.marchisone.com.ar\/w\/alquiler-de-obradores-y-volquetes\/#primaryimage\",\"url\":\"https:\/\/www.marchisone.com.ar\/w\/wp-content\/uploads\/marchisone-obradores-2.jpg\",\"contentUrl\":\"https:\/\/www.marchisone.com.ar\/w\/wp-content\/uploads\/marchisone-obradores-2.jpg\",\"width\":992,\"height\":870},{\"@type\":\"BreadcrumbList\",\"@id\":\"https:\/\/www.marchisone.com.ar\/w\/alquiler-de-obradores-y-volquetes\/#breadcrumb\",\"itemListElement\":[{\"@type\":\"ListItem\",\"position\":1,\"name\":\"Portada\",\"item\":\"https:\/\/www.marchisone.com.ar\/w\/\"},{\"@type\":\"ListItem\",\"position\":2,\"name\":\"Alquiler de Obradores y Volquetes\"}]},{\"@type\":\"WebSite\",\"@id\":\"https:\/\/www.marchisone.com.ar\/w\/#website\",\"url\":\"https:\/\/www.marchisone.com.ar\/w\/\",\"name\":\"MARCHISONE\",\"description\":\"\",\"publisher\":{\"@id\":\"https:\/\/www.marchisone.com.ar\/w\/#organization\"},\"potentialAction\":[{\"@type\":\"SearchAction\",\"target\":{\"@type\":\"EntryPoint\",\"urlTemplate\":\"https:\/\/www.marchisone.com.ar\/w\/?s={search_term_string}\"},\"query-input\":{\"@type\":\"PropertyValueSpecification\",\"valueRequired\":true,\"valueName\":\"search_term_string\"}}],\"inLanguage\":\"es\"},{\"@type\":\"Organization\",\"@id\":\"https:\/\/www.marchisone.com.ar\/w\/#organization\",\"name\":\"MARCHISONE\",\"url\":\"https:\/\/www.marchisone.com.ar\/w\/\",\"logo\":{\"@type\":\"ImageObject\",\"inLanguage\":\"es\",\"@id\":\"https:\/\/www.marchisone.com.ar\/w\/#\/schema\/logo\/image\/\",\"url\":\"https:\/\/www.marchisone.com.ar\/w\/wp-content\/uploads\/logo-4-web.png\",\"contentUrl\":\"https:\/\/www.marchisone.com.ar\/w\/wp-content\/uploads\/logo-4-web.png\",\"width\":400,\"height\":60,\"caption\":\"MARCHISONE\"},\"image\":{\"@id\":\"https:\/\/www.marchisone.com.ar\/w\/#\/schema\/logo\/image\/\"}}]}<\/script>\n<!-- \/ Yoast SEO plugin. -->","yoast_head_json":{"title":"Alquiler de Obradores y Volquetes - MARCHISONE","robots":{"index":"index","follow":"follow","max-snippet":"max-snippet:-1","max-image-preview":"max-image-preview:large","max-video-preview":"max-video-preview:-1"},"canonical":"https:\/\/www.marchisone.com.ar\/w\/alquiler-de-obradores-y-volquetes\/","og_locale":"es_ES","og_type":"article","og_title":"Alquiler de Obradores y Volquetes - MARCHISONE","og_description":"S E R V I C I O Alquiler de Obradores Ofrecemos el servicio de alquiler de obradores para el almacenado de materiales de construcci\u00f3n y\/o herramientas de trabajo. El servicio se comercializa por un plazo de 30 (treinta) d\u00edas de corrido sin excepciones. Al finalizar el plazo se retira el obrador o se renueva [&hellip;]","og_url":"https:\/\/www.marchisone.com.ar\/w\/alquiler-de-obradores-y-volquetes\/","og_site_name":"MARCHISONE","article_modified_time":"2022-02-18T20:52:48+00:00","og_image":[{"url":"https:\/\/www.marchisone.com.ar\/w\/wp-content\/uploads\/marchisone-obradores-2.jpg","type":"","width":"","height":""}],"twitter_card":"summary_large_image","twitter_misc":{"Tiempo de lectura":"2 minutos"},"schema":{"@context":"https:\/\/schema.org","@graph":[{"@type":"WebPage","@id":"https:\/\/www.marchisone.com.ar\/w\/alquiler-de-obradores-y-volquetes\/","url":"https:\/\/www.marchisone.com.ar\/w\/alquiler-de-obradores-y-volquetes\/","name":"Alquiler de Obradores y Volquetes - MARCHISONE","isPartOf":{"@id":"https:\/\/www.marchisone.com.ar\/w\/#website"},"primaryImageOfPage":{"@id":"https:\/\/www.marchisone.com.ar\/w\/alquiler-de-obradores-y-volquetes\/#primaryimage"},"image":{"@id":"https:\/\/www.marchisone.com.ar\/w\/alquiler-de-obradores-y-volquetes\/#primaryimage"},"thumbnailUrl":"https:\/\/www.marchisone.com.ar\/w\/wp-content\/uploads\/marchisone-obradores-2.jpg","datePublished":"2022-02-18T20:50:21+00:00","dateModified":"2022-02-18T20:52:48+00:00","breadcrumb":{"@id":"https:\/\/www.marchisone.com.ar\/w\/alquiler-de-obradores-y-volquetes\/#breadcrumb"},"inLanguage":"es","potentialAction":[{"@type":"ReadAction","target":["https:\/\/www.marchisone.com.ar\/w\/alquiler-de-obradores-y-volquetes\/"]}]},{"@type":"ImageObject","inLanguage":"es","@id":"https:\/\/www.marchisone.com.ar\/w\/alquiler-de-obradores-y-volquetes\/#primaryimage","url":"https:\/\/www.marchisone.com.ar\/w\/wp-content\/uploads\/marchisone-obradores-2.jpg","contentUrl":"https:\/\/www.marchisone.com.ar\/w\/wp-content\/uploads\/marchisone-obradores-2.jpg","width":992,"height":870},{"@type":"BreadcrumbList","@id":"https:\/\/www.marchisone.com.ar\/w\/alquiler-de-obradores-y-volquetes\/#breadcrumb","itemListElement":[{"@type":"ListItem","position":1,"name":"Portada","item":"https:\/\/www.marchisone.com.ar\/w\/"},{"@type":"ListItem","position":2,"name":"Alquiler de Obradores y Volquetes"}]},{"@type":"WebSite","@id":"https:\/\/www.marchisone.com.ar\/w\/#website","url":"https:\/\/www.marchisone.com.ar\/w\/","name":"MARCHISONE","description":"","publisher":{"@id":"https:\/\/www.marchisone.com.ar\/w\/#organization"},"potentialAction":[{"@type":"SearchAction","target":{"@type":"EntryPoint","urlTemplate":"https:\/\/www.marchisone.com.ar\/w\/?s={search_term_string}"},"query-input":{"@type":"PropertyValueSpecification","valueRequired":true,"valueName":"search_term_string"}}],"inLanguage":"es"},{"@type":"Organization","@id":"https:\/\/www.marchisone.com.ar\/w\/#organization","name":"MARCHISONE","url":"https:\/\/www.marchisone.com.ar\/w\/","logo":{"@type":"ImageObject","inLanguage":"es","@id":"https:\/\/www.marchisone.com.ar\/w\/#\/schema\/logo\/image\/","url":"https:\/\/www.marchisone.com.ar\/w\/wp-content\/uploads\/logo-4-web.png","contentUrl":"https:\/\/www.marchisone.com.ar\/w\/wp-content\/uploads\/logo-4-web.png","width":400,"height":60,"caption":"MARCHISONE"},"image":{"@id":"https:\/\/www.marchisone.com.ar\/w\/#\/schema\/logo\/image\/"}}]}},"_links":{"self":[{"href":"https:\/\/www.marchisone.com.ar\/w\/wp-json\/wp\/v2\/pages\/1380","targetHints":{"allow":["GET"]}}],"collection":[{"href":"https:\/\/www.marchisone.com.ar\/w\/wp-json\/wp\/v2\/pages"}],"about":[{"href":"https:\/\/www.marchisone.com.ar\/w\/wp-json\/wp\/v2\/types\/page"}],"author":[{"embeddable":true,"href":"https:\/\/www.marchisone.com.ar\/w\/wp-json\/wp\/v2\/users\/1"}],"replies":[{"embeddable":true,"href":"https:\/\/www.marchisone.com.ar\/w\/wp-json\/wp\/v2\/comments?post=1380"}],"version-history":[{"count":3,"href":"https:\/\/www.marchisone.com.ar\/w\/wp-json\/wp\/v2\/pages\/1380\/revisions"}],"predecessor-version":[{"id":1384,"href":"https:\/\/www.marchisone.com.ar\/w\/wp-json\/wp\/v2\/pages\/1380\/revisions\/1384"}],"wp:attachment":[{"href":"https:\/\/www.marchisone.com.ar\/w\/wp-json\/wp\/v2\/media?parent=1380"}],"curies":[{"name":"wp","href":"https:\/\/api.w.org\/{rel}","templated":true}]}}