{"id":1023,"date":"2021-11-08T19:55:58","date_gmt":"2021-11-08T19:55:58","guid":{"rendered":"https:\/\/www.marchisone.com.ar\/w\/?page_id=1023"},"modified":"2021-11-23T18:28:10","modified_gmt":"2021-11-23T18:28:10","slug":"envios-a-domicilio","status":"publish","type":"page","link":"https:\/\/www.marchisone.com.ar\/w\/envios-a-domicilio\/","title":{"rendered":"Env\u00edos a Domicilio"},"content":{"rendered":"\n<div class=\"bloque border-bottom border-top\">\n\t<div class=\"contenedor\">\n\t<div class=\"row py-3 align-items-center\">\n\t\t<div class=\"col-12 col-sm-12 col-md-6\">\n\t\t\t<div class=\"SRV-imagen-1\">\n\t\t\t\t<img decoding=\"async\" src=\"https:\/\/www.marchisone.com.ar\/w\/wp-content\/uploads\/marchisone-envio-1.jpg\">\n\t\t\t<\/div>\n\t\t<\/div>\n\t\t<div class=\"col-12 col-sm-12 col-md-6\">\n\t\t\t<h5>S E R V I C I O<\/h5>\n\t\t\t<h2 class=\"pb-2\">\n\t\t\t\tEnv\u00edos a Domicilio sin cargo (*)\n\t\t\t<\/h2>\n\t\t\t<p>\n\t\t\t\t(*) Disponemos del servicio de entrega gratuita a domicilio en las localidades de Luque, Villa del Rosario, Rio Primero, Rio Segundo, James Craik, Capilla del Carmen, Calch\u00edn, Calch\u00edn Oeste, Sacanta, El Ara\u00f1ado, Rincon, Costa Sacate, Ca\u00f1ada de Machado, Matorrales, Las Junturas, Colazo, Santiago Temple, Tr\u00e1nsito, Piquill\u00edn, Montecristo, Villa Santa Rosa, Diego de Rojas, La Puerta, Pilar, Laguna Larga, Oncativo, Manfredi, Oliva, T\u00edo Pugio sin excepciones.\n\t\t\t<\/p>\n\t\t\t<p>\n\t\t\t\tPor env\u00edos a localidades fuera de los m\u00e1rgenes mencionados y siempre dentro de la provincia de C\u00f3rdoba, consultar factibilidad.\n\t\t\t<\/p>\n\t\t<\/div>\n\t<\/div>\n\t<\/div>\n<\/div>\n","protected":false},"excerpt":{"rendered":"<p>S E R V I C I O Env\u00edos a Domicilio sin cargo (*) (*) Disponemos del servicio de entrega gratuita a domicilio en las localidades de Luque, Villa del Rosario, Rio Primero, Rio Segundo, James Craik, Capilla del Carmen, Calch\u00edn, Calch\u00edn Oeste, Sacanta, El Ara\u00f1ado, Rincon, Costa Sacate, Ca\u00f1ada de Machado, Matorrales, Las Junturas, [&hellip;]<\/p>\n","protected":false},"author":1,"featured_media":0,"parent":0,"menu_order":0,"comment_status":"closed","ping_status":"closed","template":"","meta":{"_acf_changed":false,"footnotes":""},"class_list":["post-1023","page","type-page","status-publish","hentry"],"acf":[],"yoast_head":"<!-- This site is optimized with the Yoast SEO plugin v26.8 - https:\/\/yoast.com\/product\/yoast-seo-wordpress\/ -->\n<title>Env\u00edos a Domicilio - MARCHISONE<\/title>\n<meta name=\"robots\" content=\"index, follow, max-snippet:-1, max-image-preview:large, max-video-preview:-1\" \/>\n<link rel=\"canonical\" href=\"https:\/\/www.marchisone.com.ar\/w\/envios-a-domicilio\/\" \/>\n<meta property=\"og:locale\" content=\"es_ES\" \/>\n<meta property=\"og:type\" content=\"article\" \/>\n<meta property=\"og:title\" content=\"Env\u00edos a Domicilio - MARCHISONE\" \/>\n<meta property=\"og:description\" content=\"S E R V I C I O Env\u00edos a Domicilio sin cargo (*) (*) Disponemos del servicio de entrega gratuita a domicilio en las localidades de Luque, Villa del Rosario, Rio Primero, Rio Segundo, James Craik, Capilla del Carmen, Calch\u00edn, Calch\u00edn Oeste, Sacanta, El Ara\u00f1ado, Rincon, Costa Sacate, Ca\u00f1ada de Machado, Matorrales, Las Junturas, [&hellip;]\" \/>\n<meta property=\"og:url\" content=\"https:\/\/www.marchisone.com.ar\/w\/envios-a-domicilio\/\" \/>\n<meta property=\"og:site_name\" content=\"MARCHISONE\" \/>\n<meta property=\"article:modified_time\" content=\"2021-11-23T18:28:10+00:00\" \/>\n<meta property=\"og:image\" content=\"https:\/\/www.marchisone.com.ar\/w\/wp-content\/uploads\/marchisone-envio-1.jpg\" \/>\n<meta name=\"twitter:card\" content=\"summary_large_image\" \/>\n<meta name=\"twitter:label1\" content=\"Tiempo de lectura\" \/>\n\t<meta name=\"twitter:data1\" content=\"1 minuto\" \/>\n<script type=\"application\/ld+json\" class=\"yoast-schema-graph\">{\"@context\":\"https:\/\/schema.org\",\"@graph\":[{\"@type\":\"WebPage\",\"@id\":\"https:\/\/www.marchisone.com.ar\/w\/envios-a-domicilio\/\",\"url\":\"https:\/\/www.marchisone.com.ar\/w\/envios-a-domicilio\/\",\"name\":\"Env\u00edos a Domicilio - MARCHISONE\",\"isPartOf\":{\"@id\":\"https:\/\/www.marchisone.com.ar\/w\/#website\"},\"primaryImageOfPage\":{\"@id\":\"https:\/\/www.marchisone.com.ar\/w\/envios-a-domicilio\/#primaryimage\"},\"image\":{\"@id\":\"https:\/\/www.marchisone.com.ar\/w\/envios-a-domicilio\/#primaryimage\"},\"thumbnailUrl\":\"https:\/\/www.marchisone.com.ar\/w\/wp-content\/uploads\/marchisone-envio-1.jpg\",\"datePublished\":\"2021-11-08T19:55:58+00:00\",\"dateModified\":\"2021-11-23T18:28:10+00:00\",\"breadcrumb\":{\"@id\":\"https:\/\/www.marchisone.com.ar\/w\/envios-a-domicilio\/#breadcrumb\"},\"inLanguage\":\"es\",\"potentialAction\":[{\"@type\":\"ReadAction\",\"target\":[\"https:\/\/www.marchisone.com.ar\/w\/envios-a-domicilio\/\"]}]},{\"@type\":\"ImageObject\",\"inLanguage\":\"es\",\"@id\":\"https:\/\/www.marchisone.com.ar\/w\/envios-a-domicilio\/#primaryimage\",\"url\":\"https:\/\/www.marchisone.com.ar\/w\/wp-content\/uploads\/marchisone-envio-1.jpg\",\"contentUrl\":\"https:\/\/www.marchisone.com.ar\/w\/wp-content\/uploads\/marchisone-envio-1.jpg\",\"width\":992,\"height\":870},{\"@type\":\"BreadcrumbList\",\"@id\":\"https:\/\/www.marchisone.com.ar\/w\/envios-a-domicilio\/#breadcrumb\",\"itemListElement\":[{\"@type\":\"ListItem\",\"position\":1,\"name\":\"Portada\",\"item\":\"https:\/\/www.marchisone.com.ar\/w\/\"},{\"@type\":\"ListItem\",\"position\":2,\"name\":\"Env\u00edos a Domicilio\"}]},{\"@type\":\"WebSite\",\"@id\":\"https:\/\/www.marchisone.com.ar\/w\/#website\",\"url\":\"https:\/\/www.marchisone.com.ar\/w\/\",\"name\":\"MARCHISONE\",\"description\":\"\",\"publisher\":{\"@id\":\"https:\/\/www.marchisone.com.ar\/w\/#organization\"},\"potentialAction\":[{\"@type\":\"SearchAction\",\"target\":{\"@type\":\"EntryPoint\",\"urlTemplate\":\"https:\/\/www.marchisone.com.ar\/w\/?s={search_term_string}\"},\"query-input\":{\"@type\":\"PropertyValueSpecification\",\"valueRequired\":true,\"valueName\":\"search_term_string\"}}],\"inLanguage\":\"es\"},{\"@type\":\"Organization\",\"@id\":\"https:\/\/www.marchisone.com.ar\/w\/#organization\",\"name\":\"MARCHISONE\",\"url\":\"https:\/\/www.marchisone.com.ar\/w\/\",\"logo\":{\"@type\":\"ImageObject\",\"inLanguage\":\"es\",\"@id\":\"https:\/\/www.marchisone.com.ar\/w\/#\/schema\/logo\/image\/\",\"url\":\"https:\/\/www.marchisone.com.ar\/w\/wp-content\/uploads\/logo-4-web.png\",\"contentUrl\":\"https:\/\/www.marchisone.com.ar\/w\/wp-content\/uploads\/logo-4-web.png\",\"width\":400,\"height\":60,\"caption\":\"MARCHISONE\"},\"image\":{\"@id\":\"https:\/\/www.marchisone.com.ar\/w\/#\/schema\/logo\/image\/\"}}]}<\/script>\n<!-- \/ Yoast SEO plugin. -->","yoast_head_json":{"title":"Env\u00edos a Domicilio - MARCHISONE","robots":{"index":"index","follow":"follow","max-snippet":"max-snippet:-1","max-image-preview":"max-image-preview:large","max-video-preview":"max-video-preview:-1"},"canonical":"https:\/\/www.marchisone.com.ar\/w\/envios-a-domicilio\/","og_locale":"es_ES","og_type":"article","og_title":"Env\u00edos a Domicilio - MARCHISONE","og_description":"S E R V I C I O Env\u00edos a Domicilio sin cargo (*) (*) Disponemos del servicio de entrega gratuita a domicilio en las localidades de Luque, Villa del Rosario, Rio Primero, Rio Segundo, James Craik, Capilla del Carmen, Calch\u00edn, Calch\u00edn Oeste, Sacanta, El Ara\u00f1ado, Rincon, Costa Sacate, Ca\u00f1ada de Machado, Matorrales, Las Junturas, [&hellip;]","og_url":"https:\/\/www.marchisone.com.ar\/w\/envios-a-domicilio\/","og_site_name":"MARCHISONE","article_modified_time":"2021-11-23T18:28:10+00:00","og_image":[{"url":"https:\/\/www.marchisone.com.ar\/w\/wp-content\/uploads\/marchisone-envio-1.jpg","type":"","width":"","height":""}],"twitter_card":"summary_large_image","twitter_misc":{"Tiempo de lectura":"1 minuto"},"schema":{"@context":"https:\/\/schema.org","@graph":[{"@type":"WebPage","@id":"https:\/\/www.marchisone.com.ar\/w\/envios-a-domicilio\/","url":"https:\/\/www.marchisone.com.ar\/w\/envios-a-domicilio\/","name":"Env\u00edos a Domicilio - MARCHISONE","isPartOf":{"@id":"https:\/\/www.marchisone.com.ar\/w\/#website"},"primaryImageOfPage":{"@id":"https:\/\/www.marchisone.com.ar\/w\/envios-a-domicilio\/#primaryimage"},"image":{"@id":"https:\/\/www.marchisone.com.ar\/w\/envios-a-domicilio\/#primaryimage"},"thumbnailUrl":"https:\/\/www.marchisone.com.ar\/w\/wp-content\/uploads\/marchisone-envio-1.jpg","datePublished":"2021-11-08T19:55:58+00:00","dateModified":"2021-11-23T18:28:10+00:00","breadcrumb":{"@id":"https:\/\/www.marchisone.com.ar\/w\/envios-a-domicilio\/#breadcrumb"},"inLanguage":"es","potentialAction":[{"@type":"ReadAction","target":["https:\/\/www.marchisone.com.ar\/w\/envios-a-domicilio\/"]}]},{"@type":"ImageObject","inLanguage":"es","@id":"https:\/\/www.marchisone.com.ar\/w\/envios-a-domicilio\/#primaryimage","url":"https:\/\/www.marchisone.com.ar\/w\/wp-content\/uploads\/marchisone-envio-1.jpg","contentUrl":"https:\/\/www.marchisone.com.ar\/w\/wp-content\/uploads\/marchisone-envio-1.jpg","width":992,"height":870},{"@type":"BreadcrumbList","@id":"https:\/\/www.marchisone.com.ar\/w\/envios-a-domicilio\/#breadcrumb","itemListElement":[{"@type":"ListItem","position":1,"name":"Portada","item":"https:\/\/www.marchisone.com.ar\/w\/"},{"@type":"ListItem","position":2,"name":"Env\u00edos a Domicilio"}]},{"@type":"WebSite","@id":"https:\/\/www.marchisone.com.ar\/w\/#website","url":"https:\/\/www.marchisone.com.ar\/w\/","name":"MARCHISONE","description":"","publisher":{"@id":"https:\/\/www.marchisone.com.ar\/w\/#organization"},"potentialAction":[{"@type":"SearchAction","target":{"@type":"EntryPoint","urlTemplate":"https:\/\/www.marchisone.com.ar\/w\/?s={search_term_string}"},"query-input":{"@type":"PropertyValueSpecification","valueRequired":true,"valueName":"search_term_string"}}],"inLanguage":"es"},{"@type":"Organization","@id":"https:\/\/www.marchisone.com.ar\/w\/#organization","name":"MARCHISONE","url":"https:\/\/www.marchisone.com.ar\/w\/","logo":{"@type":"ImageObject","inLanguage":"es","@id":"https:\/\/www.marchisone.com.ar\/w\/#\/schema\/logo\/image\/","url":"https:\/\/www.marchisone.com.ar\/w\/wp-content\/uploads\/logo-4-web.png","contentUrl":"https:\/\/www.marchisone.com.ar\/w\/wp-content\/uploads\/logo-4-web.png","width":400,"height":60,"caption":"MARCHISONE"},"image":{"@id":"https:\/\/www.marchisone.com.ar\/w\/#\/schema\/logo\/image\/"}}]}},"_links":{"self":[{"href":"https:\/\/www.marchisone.com.ar\/w\/wp-json\/wp\/v2\/pages\/1023","targetHints":{"allow":["GET"]}}],"collection":[{"href":"https:\/\/www.marchisone.com.ar\/w\/wp-json\/wp\/v2\/pages"}],"about":[{"href":"https:\/\/www.marchisone.com.ar\/w\/wp-json\/wp\/v2\/types\/page"}],"author":[{"embeddable":true,"href":"https:\/\/www.marchisone.com.ar\/w\/wp-json\/wp\/v2\/users\/1"}],"replies":[{"embeddable":true,"href":"https:\/\/www.marchisone.com.ar\/w\/wp-json\/wp\/v2\/comments?post=1023"}],"version-history":[{"count":2,"href":"https:\/\/www.marchisone.com.ar\/w\/wp-json\/wp\/v2\/pages\/1023\/revisions"}],"predecessor-version":[{"id":1126,"href":"https:\/\/www.marchisone.com.ar\/w\/wp-json\/wp\/v2\/pages\/1023\/revisions\/1126"}],"wp:attachment":[{"href":"https:\/\/www.marchisone.com.ar\/w\/wp-json\/wp\/v2\/media?parent=1023"}],"curies":[{"name":"wp","href":"https:\/\/api.w.org\/{rel}","templated":true}]}}